{"id":2673,"date":"2020-08-06T12:12:38","date_gmt":"2020-08-06T10:12:38","guid":{"rendered":"https:\/\/www.cadeaux.com\/blog\/?page_id=2673"},"modified":"2023-04-06T15:05:48","modified_gmt":"2023-04-06T13:05:48","slug":"surprise-a-faire-pour-un-bapteme","status":"publish","type":"page","link":"https:\/\/www.cadeaux.com\/blog\/surprise-a-faire-pour-un-bapteme\/","title":{"rendered":"Cadeau surprise \u00e0 faire pour un bapt\u00eame \u00e0 l&rsquo;enfant ou aux parents"},"content":{"rendered":"<p><strong>Vous \u00eates invit\u00e9 pour la premi\u00e8re fois de votre vie \u00e0 un bapt\u00eame et vous ne savez pas quelle surprise offrir aux parents pour les remercier ni au b\u00e9b\u00e9 qui se fera baptiser ? Pas de probl\u00e8me, il existe de nombreuses surprises que l\u2019on peut faire pour un bapt\u00eame, et en fonction de tous les budgets. Le bapt\u00eame est un \u00e9v\u00e9nement de la vie familiale, auquel tous les proches prennent part et par cons\u00e9quent, le plus beau cadeau\u00a0est votre pr\u00e9sence. C\u2019est d\u2019ailleurs pourquoi, en retour, les parents ne manqueront pas d\u2019avoir une petite attention \u00e0 votre \u00e9gard. Bref, tout le monde se fait des surprises mutuelles et des cadeaux. Oui, mais lesquels ? Voici quelques id\u00e9es pour vous aider.<\/strong><\/p>\n\n\n\n<ul>\n    <li><strong><a href=\"#1\">Cadeaux \u00e0 offrir au baptis\u00e9<\/a><\/strong><\/li>\n    <li><strong><a href=\"#2\">Cadeaux \u00e0 offrir aux parents<\/a><\/strong><\/li>\n    <li><strong><a href=\"#3\">Cadeaux \u00e0 offrir aux invit\u00e9s<\/a><\/strong><\/li>\n<\/ul>\n\n\n<div class=\"wp-block-image\">\n<figure class=\"aligncenter size-large\"><img fetchpriority=\"high\" decoding=\"async\" width=\"1024\" height=\"683\" src=\"https:\/\/www.cadeaux.com\/blog\/wp-content\/uploads\/2020\/08\/AdobeStock_276215976-1-1024x683.jpeg\" alt=\"Id\u00e9es de cadeaux surprise \u00e0 faire pour un bapt\u00eame\" class=\"wp-image-2677\" srcset=\"https:\/\/www.cadeaux.com\/blog\/wp-content\/uploads\/2020\/08\/AdobeStock_276215976-1-1024x683.jpeg 1024w, https:\/\/www.cadeaux.com\/blog\/wp-content\/uploads\/2020\/08\/AdobeStock_276215976-1-300x200.jpeg 300w, https:\/\/www.cadeaux.com\/blog\/wp-content\/uploads\/2020\/08\/AdobeStock_276215976-1-768x512.jpeg 768w, https:\/\/www.cadeaux.com\/blog\/wp-content\/uploads\/2020\/08\/AdobeStock_276215976-1.jpeg 1500w\" sizes=\"(max-width: 1024px) 100vw, 1024px\"><\/figure><\/div>\n\n\n<div id=\"1\"><h2>Cadeaux \u00e0 offrir au baptis\u00e9<\/h2><\/div>\n\n\n\n<p>Le bapt\u00eame est tout d\u2019abord une f\u00eate organis\u00e9e pour le baptis\u00e9. Selon les rites religieux, voire m\u00eame les rites la\u00efques ou civils, les c\u00e9r\u00e9monies peuvent \u00eatre tr\u00e8s diff\u00e9rentes, ainsi que l\u2019\u00e2ge des baptis\u00e9s. L\u2019\u00e2ge du baptis\u00e9 a bien entendu une grande influence sur le type de surprises que l\u2019on peut lui faire. <\/p>\n\n\n\n<p>Dans la religion catholique, le bapt\u00eame se pratique sur les jeunes enfants, quelques mois apr\u00e8s leur naissance. Le nombre de surprises \u00e0 leur faire est donc relativement restreint, \u00e9tant donn\u00e9 qu\u2019un b\u00e9b\u00e9\u00a0ne comprendra pas que vous lui faites un cadeau. C\u2019est pourquoi, la plupart du temps, c\u2019est <strong>au papa et \u00e0 la maman que les invit\u00e9s font des cadeaux<\/strong>. <\/p>\n\n\n\n\n\n\n<p>N\u00e9anmoins, il est de coutume que le parrain et\u00a0la marraine se mettent d\u2019accord pour savoir\u00a0<a href=\"https:\/\/www.cadeaux.com\/blog\/quand-donner-la-gourmette-au-bapteme\/\">quand donner la gourmette au bapt\u00eame<\/a>. Que ce soit une gourmette avec son pr\u00e9nom, une cha\u00eenette, un\u00a0m\u00e9daillon repr\u00e9sentant un Saint, une Vierge ou J\u00e9sus, la plupart du temps, cela s\u2019offre soit avant la c\u00e9r\u00e9monie religieuse, afin que le cat\u00e9chum\u00e8ne puisse le porter pendant la c\u00e9r\u00e9monie, soit apr\u00e8s, lors de la r\u00e9ception.<\/p>\n\n\n\n<p>Le parrain ou la marraine a l\u2019habitude de se montrer un peu plus g\u00e9n\u00e9reux que le reste des invit\u00e9s. Le bapt\u00eame est le moment id\u00e9al\u00a0pour montrer au petit gar\u00e7on ou \u00e0 la petite fille, qui devient d\u00e8s lors votre filleul ou filleule, que vous voulez le ou la g\u00e2ter. Outre la <strong>gourmette personnalis\u00e9e<\/strong> avec son pr\u00e9nom, profitez de l\u2019occasion pour lui acheter des jeux, un jouet ou une peluche qui lui fera plaisir. Si vous souhaitez \u00e9galement montrer votre reconnaissance aux parents pour vous avoir choisi, vous pouvez toujours suivre les conseils donn\u00e9s dans la section suivante.<\/p>\n\n\n\n<figure class=\"wp-block-gallery has-nested-images columns-default is-cropped wp-block-gallery-1 is-layout-flex wp-block-gallery-is-layout-flex\">\n<figure class=\"wp-block-image size-large\"><img decoding=\"async\" width=\"800\" height=\"640\" data-id=\"2686\" src=\"https:\/\/www.cadeaux.com\/blog\/wp-content\/uploads\/2020\/08\/collier-croix-bapteme-3-zoom.jpg\" alt=\"Colliers avec pendentifs en forme de croix, disponibles en or et argent. Les pendentifs sont personnalis\u00e9s avec un pr\u00e9nom\" class=\"wp-image-2686\" srcset=\"https:\/\/www.cadeaux.com\/blog\/wp-content\/uploads\/2020\/08\/collier-croix-bapteme-3-zoom.jpg 800w, https:\/\/www.cadeaux.com\/blog\/wp-content\/uploads\/2020\/08\/collier-croix-bapteme-3-zoom-300x240.jpg 300w, https:\/\/www.cadeaux.com\/blog\/wp-content\/uploads\/2020\/08\/collier-croix-bapteme-3-zoom-768x614.jpg 768w\" sizes=\"(max-width: 800px) 100vw, 800px\"><\/figure>\n\n\n\n<figure class=\"wp-block-image size-large\"><img decoding=\"async\" width=\"800\" height=\"640\" data-id=\"2687\" src=\"https:\/\/www.cadeaux.com\/blog\/wp-content\/uploads\/2020\/08\/collier-colombe-bapteme-3-zoom.jpg\" alt=\"Collier avec pendentif grav\u00e9 d'une colombe, symbole de paix, symbole du bapt\u00eame\" class=\"wp-image-2687\" srcset=\"https:\/\/www.cadeaux.com\/blog\/wp-content\/uploads\/2020\/08\/collier-colombe-bapteme-3-zoom.jpg 800w, https:\/\/www.cadeaux.com\/blog\/wp-content\/uploads\/2020\/08\/collier-colombe-bapteme-3-zoom-300x240.jpg 300w, https:\/\/www.cadeaux.com\/blog\/wp-content\/uploads\/2020\/08\/collier-colombe-bapteme-3-zoom-768x614.jpg 768w\" sizes=\"(max-width: 800px) 100vw, 800px\"><\/figure>\n<figcaption class=\"blocks-gallery-caption wp-element-caption\">     <\/figcaption><\/figure>\n\n\n\n<p class=\"has-text-align-center\"><a href=\"https:\/\/www.cadeaux.com\/cadeaux\/idee-cadeau-bapteme-_603000.html?utm_source=blog&amp;utm_medium=organic&amp;utm_campaign=bapteme\">Cadeaux \u00e0 offrir au jeune baptis\u00e9<\/a><\/p>\n\n\n\n<div id=\"2\"><h2>Cadeaux \u00e0 offrir aux parents<\/h2><\/div>\n\n\n\n<p>Comme il a \u00e9t\u00e9 dit, le bapt\u00eame est une c\u00e9l\u00e9bration en l\u2019honneur du baptis\u00e9 et il sera certainement heureux de recevoir des jeux. N\u00e9anmoins, par politesse, il est possible de faire aussi <strong>une surprise aux parents<\/strong>, qui vous ont aimablement invit\u00e9s. Pour mettre tout le monde d\u2019accord, il est plus judicieux d\u2019offrir quelque chose qui soit \u00e0 la fois utile pour le baptis\u00e9 et pour les\u00a0parents. <\/p>\n\n\n\n<p><strong>Acheter des v\u00eatements pour b\u00e9b\u00e9s, ou des accessoires sp\u00e9cifiques pour les poupons ou les jeunes enfants<\/strong>, est une bonne id\u00e9e. Le p\u00e8re ou la m\u00e8re de l\u2019enfant sera ravi de recevoir une petite robe pour l\u2019\u00e9t\u00e9, un bonnet pour l\u2019hiver ou un petit gilet, qu\u2019il ou elle pourra m\u00eame porter lors de la c\u00e9r\u00e9monie. Offrir une robe ou n\u2019importe quel autre v\u00eatement est une bonne id\u00e9e car chaque fois que les parents habilleront leur enfant dans cette tenue, ils penseront \u00e0 vous.<\/p>\n\n\n\n<p>Certains invit\u00e9s optent pour une enveloppe. Donner de l\u2019argent \u00e0 un bapt\u00eame est une solution tout \u00e0 fait acceptable mais parfois d\u00e9licate. Comme toujours, lorsqu\u2019il est question d\u2019argent, chacun a son avis sur la question et il vaut mieux bien connaitre la\u00a0m\u00e8re et\u00a0le p\u00e8re pour \u00eatre certain qu\u2019ils ne soient pas vex\u00e9s par cette surprise. Donner de l\u2019argent peut sembler d\u00e9nigrant ou peut sembler \u00eatre la solution facile. L\u2019autre question \u00e0 se poser est \u00ab combien faut-il donner ? \u00bb. L\u00e0 encore, il s\u2019agit d\u2019\u00e9valuer correctement la somme. Bref, ce qui peut sembler \u00eatre une solution simple demande tout de m\u00eame beaucoup de pr\u00e9cautions.\u00a0<\/p>\n\n\n\n<figure class=\"wp-block-gallery aligncenter has-nested-images columns-default is-cropped wp-block-gallery-3 is-layout-flex wp-block-gallery-is-layout-flex\">\n<figure class=\"wp-block-image size-large\"><img loading=\"lazy\" decoding=\"async\" width=\"800\" height=\"640\" data-id=\"2698\" src=\"https:\/\/www.cadeaux.com\/blog\/wp-content\/uploads\/2020\/08\/tableau-photo-4-zoom.jpg\" alt=\"Coffret tablette de chocolat personnalis\u00e9e avec la photo d'un jeune baptis\u00e9 pour son bapt\u00eame\" class=\"wp-image-2698\" srcset=\"https:\/\/www.cadeaux.com\/blog\/wp-content\/uploads\/2020\/08\/tableau-photo-4-zoom.jpg 800w, https:\/\/www.cadeaux.com\/blog\/wp-content\/uploads\/2020\/08\/tableau-photo-4-zoom-300x240.jpg 300w, https:\/\/www.cadeaux.com\/blog\/wp-content\/uploads\/2020\/08\/tableau-photo-4-zoom-768x614.jpg 768w\" sizes=\"(max-width: 800px) 100vw, 800px\"><\/figure>\n\n\n\n<figure class=\"wp-block-image size-large\"><img loading=\"lazy\" decoding=\"async\" width=\"800\" height=\"640\" data-id=\"2699\" src=\"https:\/\/www.cadeaux.com\/blog\/wp-content\/uploads\/2020\/08\/body-bebe-garcon-je-dechire-2-zoom.jpg\" alt=\"B\u00e9b\u00e9 portant un body personnalis\u00e9 Je suis un neveu chanceux !\" class=\"wp-image-2699\" srcset=\"https:\/\/www.cadeaux.com\/blog\/wp-content\/uploads\/2020\/08\/body-bebe-garcon-je-dechire-2-zoom.jpg 800w, https:\/\/www.cadeaux.com\/blog\/wp-content\/uploads\/2020\/08\/body-bebe-garcon-je-dechire-2-zoom-300x240.jpg 300w, https:\/\/www.cadeaux.com\/blog\/wp-content\/uploads\/2020\/08\/body-bebe-garcon-je-dechire-2-zoom-768x614.jpg 768w\" sizes=\"(max-width: 800px) 100vw, 800px\"><\/figure>\n<\/figure>\n\n\n\n<div id=\"3\"><h2>Cadeaux \u00e0 offrir aux invit\u00e9s<\/h2><\/div>\n\n\n\n<p>En tant que maman ou papa du futur baptis\u00e9, on ne vous le cachera pas, c\u2019est \u00e0 vous de tout maitriser ce jour-l\u00e0, m\u00eame si vous pouvez demander de l\u2019aide aux parrains. Comme ce jour est peut-\u00eatre le deuxi\u00e8me jour le plus important de votre gar\u00e7on ou de votre fille depuis sa naissance, vous voulez \u00eatre certain que tout soit parfait. <\/p>\n\n\n\n<p>Il y a le stress de se dire qu\u2019il ne faut <a href=\"https:\/\/www.cadeaux.com\/blog\/rien-oublier-pour-un-bapteme\/\">rien oublier pour le bapt\u00eame<\/a>, comme lorsqu\u2019on organise un mariage. Outre l\u2019office religieux, il faut penser \u00e0 <a href=\"https:\/\/www.cadeaux.com\/blog\/creer-son-faire-part-de-bapteme\/\">cr\u00e9er son faire-part de bapt\u00eame<\/a> si on souhaite avoir des invit\u00e9s pr\u00e9sents. Se pose alors la question <a href=\"https:\/\/www.cadeaux.com\/blog\/quoi-ecrire-sur-une-carte-de-bapteme\/\">qu\u2019\u00e9crire sur une carte de bapt\u00eame<\/a>. Ensuite, vous aussi, il vous viendra peut-\u00eatre \u00e0 l\u2019esprit qu\u2019il faut <strong>organiser une surprise pour les invit\u00e9s<\/strong>.<\/p>\n\n\n\n<p>La surprise que les parents font aux invit\u00e9s est d\u00e9j\u00e0 de les convier \u00e0 la f\u00eate. Ensuite, ceux-ci seront tr\u00e8s certainement impressionn\u00e9s si vous avez pr\u00eat\u00e9 un \u0153il attentif \u00e0 la <strong>d\u00e9coration<\/strong>. Pas besoin de voir les choses en grand. Cela peut \u00eatre simplement une d\u00e9coration de table, en choisissant des couleurs sp\u00e9cifiques. La surprise peut aussi avoir lieu lors du repas, en choisissant un repas original ou fait maison. Ensuite, derni\u00e8re surprise, les invit\u00e9s d\u00e9couvriront les <strong>petits paquets de drag\u00e9es<\/strong> que vous leur avez r\u00e9serv\u00e9s. Vous pouvez imaginer\u00a0un rappel de couleurs des drag\u00e9es avec celles choisies pour la d\u00e9co, par exemple.\u00a0<\/p>\n\n\n\n<p>Si malgr\u00e9 toutes ces surprises vous trouvez que vous n\u2019avez pas encore assez g\u00e2t\u00e9 vos convives, il est encore possible de leur faire une derni\u00e8re surprise, qui est plut\u00f4t une petite attention. Quelques jours apr\u00e8s l\u2019\u00e9v\u00e9nement, \u00e9crivez une <strong>carte de remerciement<\/strong>, comme cela se fait \u00e0 l\u2019occasion d\u2019un mariage. Dans cette carte, faites parler vos sentiments et remerciez individuellement chaque invit\u00e9 ou chaque couple pour sa pr\u00e9sence. <strong>Ce sont parfois les petites attentions qui viennent du c\u0153ur qui font le plus plaisir<\/strong>.\u00a0<\/p>\n\n\n\n<figure class=\"wp-block-gallery aligncenter has-nested-images columns-default is-cropped wp-block-gallery-5 is-layout-flex wp-block-gallery-is-layout-flex\">\n<figure class=\"wp-block-image size-large\"><img loading=\"lazy\" decoding=\"async\" width=\"800\" height=\"640\" data-id=\"2701\" src=\"https:\/\/www.cadeaux.com\/blog\/wp-content\/uploads\/2020\/08\/macarons-personnalises-message-3-zoom.jpg\" alt=\"d\u00e9licieux macarons personnalis\u00e9s avec le pr\u00e9nom Baptiste \u00e0 offrir \u00e0 l'occasion d'un bapt\u00eame\" class=\"wp-image-2701\" srcset=\"https:\/\/www.cadeaux.com\/blog\/wp-content\/uploads\/2020\/08\/macarons-personnalises-message-3-zoom.jpg 800w, https:\/\/www.cadeaux.com\/blog\/wp-content\/uploads\/2020\/08\/macarons-personnalises-message-3-zoom-300x240.jpg 300w, https:\/\/www.cadeaux.com\/blog\/wp-content\/uploads\/2020\/08\/macarons-personnalises-message-3-zoom-768x614.jpg 768w\" sizes=\"(max-width: 800px) 100vw, 800px\"><\/figure>\n\n\n\n<figure class=\"wp-block-image size-large\"><img loading=\"lazy\" decoding=\"async\" width=\"500\" height=\"400\" data-id=\"2702\" src=\"https:\/\/www.cadeaux.com\/blog\/wp-content\/uploads\/2020\/08\/dragees-amande-1-zoom.jpg\" alt=\"Lot de drag\u00e9es aux amandes personnalis\u00e9es pour un bapt\u00eame\" class=\"wp-image-2702\" srcset=\"https:\/\/www.cadeaux.com\/blog\/wp-content\/uploads\/2020\/08\/dragees-amande-1-zoom.jpg 500w, https:\/\/www.cadeaux.com\/blog\/wp-content\/uploads\/2020\/08\/dragees-amande-1-zoom-300x240.jpg 300w\" sizes=\"(max-width: 500px) 100vw, 500px\"><\/figure>\n<\/figure>\n\n\n","protected":false},"excerpt":{"rendered":"<p>Vous \u00eates invit\u00e9 pour la premi\u00e8re fois de votre vie \u00e0 un bapt\u00eame et vous ne savez pas quelle surprise offrir aux parents pour les remercier ni au b\u00e9b\u00e9 qui se fera baptiser ? Pas de probl\u00e8me, il existe de&#8230;<\/p>\n","protected":false},"author":6,"featured_media":2677,"parent":0,"menu_order":0,"comment_status":"closed","ping_status":"closed","template":"","meta":{"footnotes":""},"categories":[],"tags":[],"acf":[],"yoast_head":"<!-- This site is optimized with the Yoast SEO plugin v21.5 - https:\/\/yoast.com\/wordpress\/plugins\/seo\/ -->\n<title>Quel cadeau surprise \u00e0 faire pour un bapt\u00eame ? - Le Mag de Cadeaux.com<\/title>\n<meta name=\"description\" content=\"Vous \u00eates invit\u00e9 \u00e0 un bapt\u00eame et vous ne savez pas quelle surprise offrir aux parents ni au futur baptis\u00e9 ? Voici quelques id\u00e9es pour vous aider.\" \/>\n<meta name=\"robots\" content=\"index, follow, max-snippet:-1, max-image-preview:large, max-video-preview:-1\" \/>\n<link rel=\"canonical\" href=\"https:\/\/www.cadeaux.com\/blog\/surprise-a-faire-pour-un-bapteme\/\" \/>\n<meta property=\"og:locale\" content=\"fr_FR\" \/>\n<meta property=\"og:type\" content=\"article\" \/>\n<meta property=\"og:title\" content=\"Quel cadeau surprise \u00e0 faire pour un bapt\u00eame ? - Le Mag de Cadeaux.com\" \/>\n<meta property=\"og:description\" content=\"Vous \u00eates invit\u00e9 \u00e0 un bapt\u00eame et vous ne savez pas quelle surprise offrir aux parents ni au futur baptis\u00e9 ? Voici quelques id\u00e9es pour vous aider.\" \/>\n<meta property=\"og:url\" content=\"https:\/\/www.cadeaux.com\/blog\/surprise-a-faire-pour-un-bapteme\/\" \/>\n<meta property=\"og:site_name\" content=\"Le Mag de Cadeaux.com\" \/>\n<meta property=\"article:publisher\" content=\"https:\/\/fr-fr.facebook.com\/cadeauxcom\/\" \/>\n<meta property=\"article:modified_time\" content=\"2023-04-06T13:05:48+00:00\" \/>\n<meta property=\"og:image\" content=\"https:\/\/www.cadeaux.com\/blog\/wp-content\/uploads\/2020\/08\/AdobeStock_276215976-1.jpeg\" \/>\n\t<meta property=\"og:image:width\" content=\"1500\" \/>\n\t<meta property=\"og:image:height\" content=\"1000\" \/>\n\t<meta property=\"og:image:type\" content=\"image\/jpeg\" \/>\n<meta name=\"twitter:card\" content=\"summary_large_image\" \/>\n<meta name=\"twitter:label1\" content=\"Dur\u00e9e de lecture estim\u00e9e\" \/>\n\t<meta name=\"twitter:data1\" content=\"7 minutes\" \/>\n<script type=\"application\/ld+json\" class=\"yoast-schema-graph\">{\"@context\":\"https:\/\/schema.org\",\"@graph\":[{\"@type\":\"WebPage\",\"@id\":\"https:\/\/www.cadeaux.com\/blog\/surprise-a-faire-pour-un-bapteme\/\",\"url\":\"https:\/\/www.cadeaux.com\/blog\/surprise-a-faire-pour-un-bapteme\/\",\"name\":\"Quel cadeau surprise \u00e0 faire pour un bapt\u00eame ? - Le Mag de Cadeaux.com\",\"isPartOf\":{\"@id\":\"https:\/\/www.cadeaux.com\/blog\/#website\"},\"datePublished\":\"2020-08-06T10:12:38+00:00\",\"dateModified\":\"2023-04-06T13:05:48+00:00\",\"description\":\"Vous \u00eates invit\u00e9 \u00e0 un bapt\u00eame et vous ne savez pas quelle surprise offrir aux parents ni au futur baptis\u00e9 ? Voici quelques id\u00e9es pour vous aider.\",\"breadcrumb\":{\"@id\":\"https:\/\/www.cadeaux.com\/blog\/surprise-a-faire-pour-un-bapteme\/#breadcrumb\"},\"inLanguage\":\"fr-FR\",\"potentialAction\":[{\"@type\":\"ReadAction\",\"target\":[\"https:\/\/www.cadeaux.com\/blog\/surprise-a-faire-pour-un-bapteme\/\"]}]},{\"@type\":\"BreadcrumbList\",\"@id\":\"https:\/\/www.cadeaux.com\/blog\/surprise-a-faire-pour-un-bapteme\/#breadcrumb\",\"itemListElement\":[{\"@type\":\"ListItem\",\"position\":1,\"name\":\"Accueil\",\"item\":\"https:\/\/www.cadeaux.com\/blog\/\"},{\"@type\":\"ListItem\",\"position\":2,\"name\":\"Cadeau surprise \u00e0 faire pour un bapt\u00eame \u00e0 l&rsquo;enfant ou aux parents\"}]},{\"@type\":\"WebSite\",\"@id\":\"https:\/\/www.cadeaux.com\/blog\/#website\",\"url\":\"https:\/\/www.cadeaux.com\/blog\/\",\"name\":\"Le Mag de Cadeaux.com\",\"description\":\"\",\"publisher\":{\"@id\":\"https:\/\/www.cadeaux.com\/blog\/#organization\"},\"potentialAction\":[{\"@type\":\"SearchAction\",\"target\":{\"@type\":\"EntryPoint\",\"urlTemplate\":\"https:\/\/www.cadeaux.com\/blog\/?s={search_term_string}\"},\"query-input\":\"required name=search_term_string\"}],\"inLanguage\":\"fr-FR\"},{\"@type\":\"Organization\",\"@id\":\"https:\/\/www.cadeaux.com\/blog\/#organization\",\"name\":\"Cadeaux.com\",\"url\":\"https:\/\/www.cadeaux.com\/blog\/\",\"logo\":{\"@type\":\"ImageObject\",\"inLanguage\":\"fr-FR\",\"@id\":\"https:\/\/www.cadeaux.com\/blog\/#\/schema\/logo\/image\/\",\"url\":\"https:\/\/www.cadeaux.com\/blog\/wp-content\/uploads\/2019\/07\/logo-cadeaux.png\",\"contentUrl\":\"https:\/\/www.cadeaux.com\/blog\/wp-content\/uploads\/2019\/07\/logo-cadeaux.png\",\"width\":587,\"height\":120,\"caption\":\"Cadeaux.com\"},\"image\":{\"@id\":\"https:\/\/www.cadeaux.com\/blog\/#\/schema\/logo\/image\/\"},\"sameAs\":[\"https:\/\/fr-fr.facebook.com\/cadeauxcom\/\",\"https:\/\/www.instagram.com\/cadeaux_com\/\"]}]}<\/script>\n<!-- \/ Yoast SEO plugin. -->","yoast_head_json":{"title":"Quel cadeau surprise \u00e0 faire pour un bapt\u00eame ? - Le Mag de Cadeaux.com","description":"Vous \u00eates invit\u00e9 \u00e0 un bapt\u00eame et vous ne savez pas quelle surprise offrir aux parents ni au futur baptis\u00e9 ? Voici quelques id\u00e9es pour vous aider.","robots":{"index":"index","follow":"follow","max-snippet":"max-snippet:-1","max-image-preview":"max-image-preview:large","max-video-preview":"max-video-preview:-1"},"canonical":"https:\/\/www.cadeaux.com\/blog\/surprise-a-faire-pour-un-bapteme\/","og_locale":"fr_FR","og_type":"article","og_title":"Quel cadeau surprise \u00e0 faire pour un bapt\u00eame ? - Le Mag de Cadeaux.com","og_description":"Vous \u00eates invit\u00e9 \u00e0 un bapt\u00eame et vous ne savez pas quelle surprise offrir aux parents ni au futur baptis\u00e9 ? Voici quelques id\u00e9es pour vous aider.","og_url":"https:\/\/www.cadeaux.com\/blog\/surprise-a-faire-pour-un-bapteme\/","og_site_name":"Le Mag de Cadeaux.com","article_publisher":"https:\/\/fr-fr.facebook.com\/cadeauxcom\/","article_modified_time":"2023-04-06T13:05:48+00:00","og_image":[{"width":1500,"height":1000,"url":"https:\/\/www.cadeaux.com\/blog\/wp-content\/uploads\/2020\/08\/AdobeStock_276215976-1.jpeg","type":"image\/jpeg"}],"twitter_card":"summary_large_image","twitter_misc":{"Dur\u00e9e de lecture estim\u00e9e":"7 minutes"},"schema":{"@context":"https:\/\/schema.org","@graph":[{"@type":"WebPage","@id":"https:\/\/www.cadeaux.com\/blog\/surprise-a-faire-pour-un-bapteme\/","url":"https:\/\/www.cadeaux.com\/blog\/surprise-a-faire-pour-un-bapteme\/","name":"Quel cadeau surprise \u00e0 faire pour un bapt\u00eame ? - Le Mag de Cadeaux.com","isPartOf":{"@id":"https:\/\/www.cadeaux.com\/blog\/#website"},"datePublished":"2020-08-06T10:12:38+00:00","dateModified":"2023-04-06T13:05:48+00:00","description":"Vous \u00eates invit\u00e9 \u00e0 un bapt\u00eame et vous ne savez pas quelle surprise offrir aux parents ni au futur baptis\u00e9 ? Voici quelques id\u00e9es pour vous aider.","breadcrumb":{"@id":"https:\/\/www.cadeaux.com\/blog\/surprise-a-faire-pour-un-bapteme\/#breadcrumb"},"inLanguage":"fr-FR","potentialAction":[{"@type":"ReadAction","target":["https:\/\/www.cadeaux.com\/blog\/surprise-a-faire-pour-un-bapteme\/"]}]},{"@type":"BreadcrumbList","@id":"https:\/\/www.cadeaux.com\/blog\/surprise-a-faire-pour-un-bapteme\/#breadcrumb","itemListElement":[{"@type":"ListItem","position":1,"name":"Accueil","item":"https:\/\/www.cadeaux.com\/blog\/"},{"@type":"ListItem","position":2,"name":"Cadeau surprise \u00e0 faire pour un bapt\u00eame \u00e0 l&rsquo;enfant ou aux parents"}]},{"@type":"WebSite","@id":"https:\/\/www.cadeaux.com\/blog\/#website","url":"https:\/\/www.cadeaux.com\/blog\/","name":"Le Mag de Cadeaux.com","description":"","publisher":{"@id":"https:\/\/www.cadeaux.com\/blog\/#organization"},"potentialAction":[{"@type":"SearchAction","target":{"@type":"EntryPoint","urlTemplate":"https:\/\/www.cadeaux.com\/blog\/?s={search_term_string}"},"query-input":"required name=search_term_string"}],"inLanguage":"fr-FR"},{"@type":"Organization","@id":"https:\/\/www.cadeaux.com\/blog\/#organization","name":"Cadeaux.com","url":"https:\/\/www.cadeaux.com\/blog\/","logo":{"@type":"ImageObject","inLanguage":"fr-FR","@id":"https:\/\/www.cadeaux.com\/blog\/#\/schema\/logo\/image\/","url":"https:\/\/www.cadeaux.com\/blog\/wp-content\/uploads\/2019\/07\/logo-cadeaux.png","contentUrl":"https:\/\/www.cadeaux.com\/blog\/wp-content\/uploads\/2019\/07\/logo-cadeaux.png","width":587,"height":120,"caption":"Cadeaux.com"},"image":{"@id":"https:\/\/www.cadeaux.com\/blog\/#\/schema\/logo\/image\/"},"sameAs":["https:\/\/fr-fr.facebook.com\/cadeauxcom\/","https:\/\/www.instagram.com\/cadeaux_com\/"]}]}},"_links":{"self":[{"href":"https:\/\/www.cadeaux.com\/blog\/wp-json\/wp\/v2\/pages\/2673"}],"collection":[{"href":"https:\/\/www.cadeaux.com\/blog\/wp-json\/wp\/v2\/pages"}],"about":[{"href":"https:\/\/www.cadeaux.com\/blog\/wp-json\/wp\/v2\/types\/page"}],"author":[{"embeddable":true,"href":"https:\/\/www.cadeaux.com\/blog\/wp-json\/wp\/v2\/users\/6"}],"replies":[{"embeddable":true,"href":"https:\/\/www.cadeaux.com\/blog\/wp-json\/wp\/v2\/comments?post=2673"}],"version-history":[{"count":18,"href":"https:\/\/www.cadeaux.com\/blog\/wp-json\/wp\/v2\/pages\/2673\/revisions"}],"predecessor-version":[{"id":13387,"href":"https:\/\/www.cadeaux.com\/blog\/wp-json\/wp\/v2\/pages\/2673\/revisions\/13387"}],"wp:featuredmedia":[{"embeddable":true,"href":"https:\/\/www.cadeaux.com\/blog\/wp-json\/wp\/v2\/media\/2677"}],"wp:attachment":[{"href":"https:\/\/www.cadeaux.com\/blog\/wp-json\/wp\/v2\/media?parent=2673"}],"wp:term":[{"taxonomy":"category","embeddable":true,"href":"https:\/\/www.cadeaux.com\/blog\/wp-json\/wp\/v2\/categories?post=2673"},{"taxonomy":"post_tag","embeddable":true,"href":"https:\/\/www.cadeaux.com\/blog\/wp-json\/wp\/v2\/tags?post=2673"}],"curies":[{"name":"wp","href":"https:\/\/api.w.org\/{rel}","templated":true}]}}