{"id":2653,"date":"2020-08-06T12:16:34","date_gmt":"2020-08-06T10:16:34","guid":{"rendered":"https:\/\/www.cadeaux.com\/blog\/?page_id=2653"},"modified":"2022-11-21T16:55:34","modified_gmt":"2022-11-21T15:55:34","slug":"importance-du-bapteme","status":"publish","type":"page","link":"https:\/\/www.cadeaux.com\/blog\/importance-du-bapteme\/","title":{"rendered":"Quelle est l&rsquo;importance du bapt\u00eame dans la vie ?"},"content":{"rendered":"<p><strong>Le bapt\u00eame est le seul sacrement commun \u00e0 tous les mouvements et rites chr\u00e9tiens, c\u2019est dire son importance. Cependant, il a diff\u00e9rentes significations et sa symbolique diff\u00e8re\u00a0en fonction des courants. Il se pratique \u00e9galement d\u2019une mani\u00e8re\u00a0tr\u00e8s diff\u00e9rente\u00a0d\u2019un courant \u00e0 un autre. Il peut \u00e0 la fois signifier l\u2019entr\u00e9e dans la vie chr\u00e9tienne mais aussi la r\u00e9mission des p\u00e9ch\u00e9s. Il trouve ses origines dans les \u00c9vangiles, notamment avec le bapt\u00eame du Christ par Jean le Baptiste.\u00a0Quels sont les diff\u00e9rents types de bapt\u00eames et pourquoi les croyants y accordent tant d\u2019importance ? Le bapt\u00eame est-il obligatoire et \u00e0 quoi sert-il ?<\/strong><\/p>\n\n\n\n<ul>\n    <li><strong><a href=\"#1\">Les diff\u00e9rents types de bapt\u00eames et leur signification<\/a><\/strong><\/li>\n    <li><strong><a href=\"#2\">Comment se d\u00e9roule le bapt\u00eame ?<\/a><\/strong><\/li>\n    <li><strong><a href=\"#3\">Organiser un bapt\u00eame<\/a><\/strong><\/li>\n    <li><strong><a href=\"#4\">Pourquoi se faire baptiser<\/a><\/strong><\/li>\n<\/ul>\n\n\n<div class=\"wp-block-image\">\n<figure class=\"aligncenter size-large\"><img fetchpriority=\"high\" decoding=\"async\" width=\"1024\" height=\"683\" src=\"https:\/\/www.cadeaux.com\/blog\/wp-content\/uploads\/2020\/08\/AdobeStock_254389549-1-1024x683.jpeg\" alt=\"L'importance du bapt\u00eame dans une vie\" class=\"wp-image-2656\" srcset=\"https:\/\/www.cadeaux.com\/blog\/wp-content\/uploads\/2020\/08\/AdobeStock_254389549-1-1024x683.jpeg 1024w, https:\/\/www.cadeaux.com\/blog\/wp-content\/uploads\/2020\/08\/AdobeStock_254389549-1-300x200.jpeg 300w, https:\/\/www.cadeaux.com\/blog\/wp-content\/uploads\/2020\/08\/AdobeStock_254389549-1-768x512.jpeg 768w, https:\/\/www.cadeaux.com\/blog\/wp-content\/uploads\/2020\/08\/AdobeStock_254389549-1.jpeg 1500w\" sizes=\"(max-width: 1024px) 100vw, 1024px\"><\/figure><\/div>\n\n\n<div id=\"1\"><h2><strong>Les diff\u00e9rents types de bapt\u00eames et leur signification<\/strong><\/h2><\/div>\n\n\n\n<p>Le bapt\u00eame catholique calque sa pratique sur la vie du Christ, qui\u00a0fut baptis\u00e9 par Jean le Baptiste. Il s\u2019agit d\u2019un rite de passage qui rappelle \u00e9galement la r\u00e9surrection du Christ apr\u00e8s sa mort physique sur la croix, avant d\u2019entamer\u00a0une autre vie. Le bapt\u00eame se pratique principalement par <strong>immersion<\/strong>, comme son nom l\u2019indique en grec ancien, qui veut dire <em>\u00ab plonger, immerger \u00bb<\/em>.<\/p>\n\n\n\n<p>C\u2019est par l\u2019eau que Jean le Baptiste pratiquait les bapt\u00eames, tout comme il a lui-m\u00eame baptis\u00e9 le Christ :\u00a0<\/p>\n\n\n\n<blockquote class=\"wp-block-quote\"><p>\u00ab\u00a0<em>Moi, je vous baptise d\u2019eau, pour vous amener \u00e0 la repentance; mais celui qui vient apr\u00e8s moi est plus puissant que moi\u2026 Il vous baptisera du Saint-Esprit et de feu \u00bb<\/em><\/p><cite>Matthieu, 3:11<\/cite><\/blockquote>\n\n\n\n<p>Cette derni\u00e8re partie, concernant le bapt\u00eame par le Saint-Esprit est la partie retenue par de nombreux chr\u00e9tiens qui ne suivent pas les canons de l\u2019\u00c9glise catholique. Ainsi, en r\u00e9f\u00e9rence \u00e0 cette phrase, dans\u00a0certains rites\u00a0protestants il sera plut\u00f4t question de <a href=\"https:\/\/www.cadeaux.com\/blog\/comment-recevoir-le-bapteme-de-feu\/\" target=\"_blank\" rel=\"noreferrer noopener\">recevoir le bapt\u00eame de feu<\/a>, notamment par la pri\u00e8re pour <a href=\"https:\/\/www.cadeaux.com\/blog\/la-priere-pour-recevoir-le-bapteme-du-saint-esprit\/\" target=\"_blank\" rel=\"noreferrer noopener\">recevoir le bapt\u00eame du Saint-Esprit<\/a>. Le bapt\u00eame du Saint-Esprit se d\u00e9roule clairement dans un second temps, en pleine conscience de son geste. <\/p>\n\n\n\n<p>Dans les \u00c9vangiles, les disciples de J\u00e9sus re\u00e7oivent\u00a0le Saint-Esprit\u00a0le jour de la Pentec\u00f4te. Les mouvements \u00e9vang\u00e9liques qui basent leur foi sur cette nouvelle naissance sont appel\u00e9s les pentec\u00f4tistes.<\/p>\n\n\n\n<p>Plusieurs mouvements \u00e9vang\u00e9liques et protestants accordent de l\u2019importance au bapt\u00eame en tant que t\u00e9moignage volontaire. Cela implique de la part du futur baptis\u00e9\u00a0d\u2019\u00eatre volontaire et de savoir \u00e0 quoi il s\u2019engage en se baptisant. C\u2019est la raison pour laquelle les mouvements qui adh\u00e8rent au bapt\u00eame du croyant, plut\u00f4t qu\u2019au bapt\u00eame des enfants, iront jusqu\u2019\u00e0 se qualifier d\u2019<strong>anabaptistes<\/strong>. <\/p>\n\n\n\n<p>Ceux-ci rejettent l\u2019id\u00e9e selon laquelle on peut baptiser des enfants, de part le manque r\u00e9el de volont\u00e9 d\u2019un b\u00e9b\u00e9. Ils se basent notamment sur un verset de la Bible, dans lequel l\u2019un des disciples dit que le bapt\u00eame :<\/p>\n\n\n\n<blockquote class=\"wp-block-quote\"><p><em>\u00ab\u00a0[\u2026] constitue la demande faite \u00e0 Dieu d\u2019une bonne conscience, et il sauve gr\u00e2ce \u00e0 la r\u00e9surrection de J\u00e9sus Christ \u00bb<\/em> <\/p><cite>Pierre 3:22<\/cite><\/blockquote>\n\n\n\n<p>La mention de <em>\u00ab bonne conscience \u00bb<\/em> indique clairement que le cat\u00e9chum\u00e8ne (nom donn\u00e9 \u00e0 celui qui va se faire baptiser) doit \u00eatre conscient de son engagement. Chez les catholiques, cette conscience est assum\u00e9 par les parrains, qui parlent au nom de leur filleul.\u00a0<\/p>\n\n\n\n<p>Chez les catholiques, le bapt\u00eame est, il est vrai, un choix des parents, puisqu\u2019il se pratique en g\u00e9n\u00e9ral d\u00e8s les premiers mois\u00a0apr\u00e8s la naissance du b\u00e9b\u00e9. Si les catholiques s\u2019empressent de baptiser leur enfant, c\u2019est parce qu\u2019il signifie que leur b\u00e9b\u00e9 est entr\u00e9 dans la communaut\u00e9 chr\u00e9tienne. Autrefois, il \u00e9tait fr\u00e9quent que les enfants meurent tr\u00e8s jeunes. Les parents craignaient alors que leurs enfants ne rejoignent pas le paradis s\u2019ils mourraient avant leur bapt\u00eame.\u00a0<\/p>\n\n\n<div class=\"wp-block-image is-style-rounded\">\n<figure class=\"aligncenter size-large is-resized\"><img decoding=\"async\" src=\"https:\/\/www.cadeaux.com\/blog\/wp-content\/uploads\/2020\/08\/AdobeStock_292864493-873x1024.jpeg\" alt=\"\" class=\"wp-image-2659\" width=\"218\" height=\"256\" srcset=\"https:\/\/www.cadeaux.com\/blog\/wp-content\/uploads\/2020\/08\/AdobeStock_292864493-873x1024.jpeg 873w, https:\/\/www.cadeaux.com\/blog\/wp-content\/uploads\/2020\/08\/AdobeStock_292864493-256x300.jpeg 256w, https:\/\/www.cadeaux.com\/blog\/wp-content\/uploads\/2020\/08\/AdobeStock_292864493-768x901.jpeg 768w, https:\/\/www.cadeaux.com\/blog\/wp-content\/uploads\/2020\/08\/AdobeStock_292864493-1310x1536.jpeg 1310w, https:\/\/www.cadeaux.com\/blog\/wp-content\/uploads\/2020\/08\/AdobeStock_292864493-1746x2048.jpeg 1746w\" sizes=\"(max-width: 218px) 100vw, 218px\"><\/figure><\/div>\n\n\n<div id=\"2\"><h2><strong>Comment se d\u00e9roule un bapt\u00eame<\/strong><\/h2><\/div>\n\n\n\n<p>Selon les diff\u00e9rents rites, le bapt\u00eame est pratiqu\u00e9 d\u2019une fa\u00e7on diff\u00e9rente. Chez les catholiques, l\u2019enfant est tenu dans les bras de ses parents et le pr\u00eatre commence par tracer une croix sur le front du b\u00e9b\u00e9. Le pr\u00eatre r\u00e9cite alors la profession de foi\u00a0au futur baptis\u00e9 et lui verse ensuite par trois fois de l\u2019eau sur le front, en r\u00e9citant\u00a0:\u00a0<em>\u00ab\u00a0N, je te baptise au nom du P\u00e8re et du Fils et du Saint-Esprit. Amen\u00a0\u00bb<\/em>. Le pr\u00eatre appose pour terminer de l\u2019huile sainte sur le front. \u00c0 pr\u00e9sent, l\u2019enfant est consid\u00e9r\u00e9 comme lav\u00e9 de ses p\u00each\u00e9s et est un enfant de Dieu.<\/p>\n\n\n\n<p>Dans la religion catholique,<strong> le bapt\u00eame de l\u2019eau se fait par effusion<\/strong>, c\u2019est \u00e0 dire que l\u2019on verse de l\u2019eau sur le front du baptis\u00e9. Il peut dans d\u2019autres courants se faire par <strong>aspersion<\/strong>, c\u2019est \u00e0 dire que l\u2019on asperge le baptis\u00e9 d\u2019eau. Enfin, le bapt\u00eame par <strong>immersion<\/strong>, est le type de bapt\u00eame pratiqu\u00e9 dans de nombreux rites orthodoxes ou protestants. Immerger un enfant ou un adulte est plus proche de l\u2019\u00e9tymologie du mot \u00ab baptiser \u00bb, qui veut dire \u00ab plonger \u00bb. Pour \u00eatre baptis\u00e9, il faut alors plonger enti\u00e8rement son corps dans l\u2019eau et en ressortir.\u00a0<\/p>\n\n\n\n<p>Outre l\u2019acte de bapt\u00eame en lui-m\u00eame, durant la c\u00e9r\u00e9monie, l\u2019officiant r\u00e9cite plusieurs pri\u00e8res et il est demand\u00e9 aux parents, aux parrains et marraines de lire un ou plusieurs textes. Il peut s\u2019agir de textes personnels ou de passages de l\u2019\u00e9vangile. <\/p>\n\n\n\n<figure class=\"wp-block-gallery has-nested-images columns-default is-cropped wp-block-gallery-1 is-layout-flex wp-block-gallery-is-layout-flex\">\n<figure class=\"wp-block-image size-large is-style-rounded\"><img decoding=\"async\" width=\"800\" height=\"640\" data-id=\"2571\" src=\"https:\/\/www.cadeaux.com\/blog\/wp-content\/uploads\/2020\/07\/gourmette-coccinelle-or-1-zoom.jpg\" alt=\"Gourmette grav\u00e9e en plaqu\u00e9 or et son jeton coccinelle \u00e0 offrir pour un bapt\u00eame\" class=\"wp-image-2571\" srcset=\"https:\/\/www.cadeaux.com\/blog\/wp-content\/uploads\/2020\/07\/gourmette-coccinelle-or-1-zoom.jpg 800w, https:\/\/www.cadeaux.com\/blog\/wp-content\/uploads\/2020\/07\/gourmette-coccinelle-or-1-zoom-300x240.jpg 300w, https:\/\/www.cadeaux.com\/blog\/wp-content\/uploads\/2020\/07\/gourmette-coccinelle-or-1-zoom-768x614.jpg 768w\" sizes=\"(max-width: 800px) 100vw, 800px\"><\/figure>\n\n\n\n<figure class=\"wp-block-image size-large is-style-rounded\"><img loading=\"lazy\" decoding=\"async\" width=\"800\" height=\"640\" data-id=\"2737\" src=\"https:\/\/www.cadeaux.com\/blog\/wp-content\/uploads\/2020\/08\/gourmette-bebe-argent-harmonie-2-zoom.jpg\" alt=\"gourmette b\u00e9b\u00e9 argent v\u00e9ritable grav\u00e9e d'un pr\u00e9nom pour un bapt\u00eame\" class=\"wp-image-2737\" srcset=\"https:\/\/www.cadeaux.com\/blog\/wp-content\/uploads\/2020\/08\/gourmette-bebe-argent-harmonie-2-zoom.jpg 800w, https:\/\/www.cadeaux.com\/blog\/wp-content\/uploads\/2020\/08\/gourmette-bebe-argent-harmonie-2-zoom-300x240.jpg 300w, https:\/\/www.cadeaux.com\/blog\/wp-content\/uploads\/2020\/08\/gourmette-bebe-argent-harmonie-2-zoom-768x614.jpg 768w\" sizes=\"(max-width: 800px) 100vw, 800px\"><\/figure>\n<\/figure>\n\n\n\n<p class=\"has-text-align-center\">Mod\u00e8les de <strong>gourmettes grav\u00e9es en or ou argent v\u00e9ritable<\/strong><br>\u00e0 offrir au jeune baptis\u00e9<\/p>\n\n\n\n<div class=\"wp-block-buttons is-layout-flex wp-block-buttons-is-layout-flex\">\n<div class=\"wp-block-button aligncenter\"><a class=\"wp-block-button__link has-background\" href=\"https:\/\/www.cadeaux.com\/cadeau-bapteme?utm_source=blog&amp;utm_medium=organic&amp;utm_campaign=bapteme\" style=\"background-color:#e6274d\" target=\"_blank\" rel=\"noreferrer noopener\">Voir les produits<\/a><\/div>\n<\/div>\n\n\n\n<p>Chez les catholiques, il est de tradition de r\u00e9citer <a href=\"https:\/\/www.cadeaux.com\/blog\/la-priere-de-lassemblee-pour-un-bapteme\/\" target=\"_blank\" rel=\"noreferrer noopener\">la pri\u00e8re de l\u2019assembl\u00e9e pour un bapt\u00eame<\/a>. \u00c9galement appel\u00e9e pri\u00e8re universelle, celle-ci s\u2019adresse d\u2019abord au nouveau baptis\u00e9, demandant au Christ de\u00a0lui accorder l\u2019amour du Seigneur. Les lignes suivantes s\u2019adressent \u00e0 la famille du baptis\u00e9 et enfin, les derniers paragraphes s\u2019adressent \u00e0 tous les hommes qui ont la foi et \u00e0 toute la communaut\u00e9 chr\u00e9tienne.<\/p>\n\n\n<div class=\"wp-block-image is-style-rounded\">\n<figure class=\"aligncenter size-large is-resized\"><img loading=\"lazy\" decoding=\"async\" src=\"https:\/\/www.cadeaux.com\/blog\/wp-content\/uploads\/2020\/08\/AdobeStock_292864493-2-873x1024.jpeg\" alt=\"\" class=\"wp-image-2662\" width=\"218\" height=\"256\" srcset=\"https:\/\/www.cadeaux.com\/blog\/wp-content\/uploads\/2020\/08\/AdobeStock_292864493-2-873x1024.jpeg 873w, https:\/\/www.cadeaux.com\/blog\/wp-content\/uploads\/2020\/08\/AdobeStock_292864493-2-256x300.jpeg 256w, https:\/\/www.cadeaux.com\/blog\/wp-content\/uploads\/2020\/08\/AdobeStock_292864493-2-768x901.jpeg 768w, https:\/\/www.cadeaux.com\/blog\/wp-content\/uploads\/2020\/08\/AdobeStock_292864493-2-1310x1536.jpeg 1310w, https:\/\/www.cadeaux.com\/blog\/wp-content\/uploads\/2020\/08\/AdobeStock_292864493-2-1746x2048.jpeg 1746w\" sizes=\"(max-width: 218px) 100vw, 218px\"><\/figure><\/div>\n\n\n<div id=\"3\"><h2><strong>Pourquoi se faire baptiser<\/strong><\/h2><\/div>\n\n\n\n<p>Le bapt\u00eame \u00e9tant un sacrement, il est le premier engagement pris par les hommes qui souhaitent suivre la voie du Seigneur. Sans le bapt\u00eame, il n\u2019est pas possible de pouvoir acc\u00e9der \u00e0 certains rites religieux. C\u2019est le cas notamment du <strong>mariage<\/strong>. Le jour du mariage, il est exig\u00e9 qu\u2019au moins un des deux mari\u00e9s ait \u00e9t\u00e9 baptis\u00e9. Pour le prouver, il faut \u00eatre en mesure d\u2019apporter son certificat de bapt\u00eame. Beaucoup de gens se demandent o\u00f9 trouver son acte de bapt\u00eame. Celui-ci est archiv\u00e9 aupr\u00e8s de la paroisse ou du dioc\u00e8se o\u00f9 vous avez \u00e9t\u00e9 baptis\u00e9. Il suffit de s\u2019adresser \u00e0 la paroisse en question pour l\u2019obtenir.\u00a0<\/p>\n\n\n<div class=\"wp-block-image is-style-rounded\">\n<figure class=\"aligncenter size-large is-resized\"><img loading=\"lazy\" decoding=\"async\" src=\"https:\/\/www.cadeaux.com\/blog\/wp-content\/uploads\/2020\/08\/AdobeStock_292864493-2-873x1024.jpeg\" alt=\"\" class=\"wp-image-2662\" width=\"218\" height=\"256\" srcset=\"https:\/\/www.cadeaux.com\/blog\/wp-content\/uploads\/2020\/08\/AdobeStock_292864493-2-873x1024.jpeg 873w, https:\/\/www.cadeaux.com\/blog\/wp-content\/uploads\/2020\/08\/AdobeStock_292864493-2-256x300.jpeg 256w, https:\/\/www.cadeaux.com\/blog\/wp-content\/uploads\/2020\/08\/AdobeStock_292864493-2-768x901.jpeg 768w, https:\/\/www.cadeaux.com\/blog\/wp-content\/uploads\/2020\/08\/AdobeStock_292864493-2-1310x1536.jpeg 1310w, https:\/\/www.cadeaux.com\/blog\/wp-content\/uploads\/2020\/08\/AdobeStock_292864493-2-1746x2048.jpeg 1746w\" sizes=\"(max-width: 218px) 100vw, 218px\"><\/figure><\/div>\n\n\n<div id=\"4\"><h2><strong>Organiser un bapt\u00eame<\/strong><\/h2><\/div>\n\n\n\n<p>Lorsqu\u2019on est parent, il est rapidement question de devoir organiser le bapt\u00eame de son nouveau-n\u00e9. Il n\u2019est pas question d\u2019oublier quoi que ce soit, et cela commence par contacter le pr\u00eatre de la paroisse o\u00f9 l\u2019on r\u00e9side. C\u2019est lui qui aide les parents \u00e0 organiser tout ce qui concerne la c\u00e9l\u00e9bration religieuse en tant que tel. Il conseillera aux parents de trouver un\u00a0verset ou deux de la Bible qu\u2019ils souhaitent lire.\u00a0<\/p>\n\n\n\n<p>Outre la c\u00e9r\u00e9monie, il est de coutume de recevoir \u00e9galement les amis et la famille chez soi ou dans une salle des f\u00eates. Cette r\u00e9ception familiale peut prendre plusieurs formes, plus ou moins formelles, en fonction des pr\u00e9f\u00e9rences des parents. Cela implique \u00e9videmment d\u2019envoyer un carton d\u2019invitation pour informer les proches de l\u2019\u00e9v\u00e9nement. Les parents se demandent alors <a href=\"https:\/\/www.cadeaux.com\/blog\/quoi-ecrire-sur-une-carte-de-bapteme\/\" target=\"_blank\" rel=\"noreferrer noopener\">qu\u2019\u00e9crire sur une carte de bapt\u00eame<\/a>. Il suffit de mentionner le pr\u00e9nom du futur baptis\u00e9, les pr\u00e9noms des parents, le nom de l\u2019\u00e9glise ou de la paroisse et la date, tout simplement.\u00a0<\/p>\n\n\n","protected":false},"excerpt":{"rendered":"<p>Le bapt\u00eame est le seul sacrement commun \u00e0 tous les mouvements et rites chr\u00e9tiens, c\u2019est dire son importance. Cependant, il a diff\u00e9rentes significations et sa symbolique diff\u00e8re\u00a0en fonction des courants. Il se pratique \u00e9galement d\u2019une mani\u00e8re\u00a0tr\u00e8s diff\u00e9rente\u00a0d\u2019un courant \u00e0 un&#8230;<\/p>\n","protected":false},"author":6,"featured_media":2656,"parent":0,"menu_order":0,"comment_status":"closed","ping_status":"closed","template":"","meta":{"footnotes":""},"categories":[],"tags":[],"acf":[],"yoast_head":"<!-- This site is optimized with the Yoast SEO plugin v21.5 - https:\/\/yoast.com\/wordpress\/plugins\/seo\/ -->\n<title>Quelle est l&#039;importance du bapt\u00eame dans la vie - Le Mag de Cadeaux.com<\/title>\n<meta name=\"description\" content=\"Le bapt\u00eame est le seul sacrement commun \u00e0 tous les mouvements et rites chr\u00e9tiens. Mais quelle est l&#039;importance du bapt\u00eame ? \u00c0 quoi sert-il ?\" \/>\n<meta name=\"robots\" content=\"index, follow, max-snippet:-1, max-image-preview:large, max-video-preview:-1\" \/>\n<link rel=\"canonical\" href=\"https:\/\/www.cadeaux.com\/blog\/importance-du-bapteme\/\" \/>\n<meta property=\"og:locale\" content=\"fr_FR\" \/>\n<meta property=\"og:type\" content=\"article\" \/>\n<meta property=\"og:title\" content=\"Quelle est l&#039;importance du bapt\u00eame dans la vie - Le Mag de Cadeaux.com\" \/>\n<meta property=\"og:description\" content=\"Le bapt\u00eame est le seul sacrement commun \u00e0 tous les mouvements et rites chr\u00e9tiens. Mais quelle est l&#039;importance du bapt\u00eame ? \u00c0 quoi sert-il ?\" \/>\n<meta property=\"og:url\" content=\"https:\/\/www.cadeaux.com\/blog\/importance-du-bapteme\/\" \/>\n<meta property=\"og:site_name\" content=\"Le Mag de Cadeaux.com\" \/>\n<meta property=\"article:publisher\" content=\"https:\/\/fr-fr.facebook.com\/cadeauxcom\/\" \/>\n<meta property=\"article:modified_time\" content=\"2022-11-21T15:55:34+00:00\" \/>\n<meta property=\"og:image\" content=\"https:\/\/www.cadeaux.com\/blog\/wp-content\/uploads\/2020\/08\/AdobeStock_254389549-1.jpeg\" \/>\n\t<meta property=\"og:image:width\" content=\"1500\" \/>\n\t<meta property=\"og:image:height\" content=\"1000\" \/>\n\t<meta property=\"og:image:type\" content=\"image\/jpeg\" \/>\n<meta name=\"twitter:card\" content=\"summary_large_image\" \/>\n<meta name=\"twitter:label1\" content=\"Dur\u00e9e de lecture estim\u00e9e\" \/>\n\t<meta name=\"twitter:data1\" content=\"8 minutes\" \/>\n<script type=\"application\/ld+json\" class=\"yoast-schema-graph\">{\"@context\":\"https:\/\/schema.org\",\"@graph\":[{\"@type\":\"WebPage\",\"@id\":\"https:\/\/www.cadeaux.com\/blog\/importance-du-bapteme\/\",\"url\":\"https:\/\/www.cadeaux.com\/blog\/importance-du-bapteme\/\",\"name\":\"Quelle est l'importance du bapt\u00eame dans la vie - Le Mag de Cadeaux.com\",\"isPartOf\":{\"@id\":\"https:\/\/www.cadeaux.com\/blog\/#website\"},\"datePublished\":\"2020-08-06T10:16:34+00:00\",\"dateModified\":\"2022-11-21T15:55:34+00:00\",\"description\":\"Le bapt\u00eame est le seul sacrement commun \u00e0 tous les mouvements et rites chr\u00e9tiens. Mais quelle est l'importance du bapt\u00eame ? \u00c0 quoi sert-il ?\",\"breadcrumb\":{\"@id\":\"https:\/\/www.cadeaux.com\/blog\/importance-du-bapteme\/#breadcrumb\"},\"inLanguage\":\"fr-FR\",\"potentialAction\":[{\"@type\":\"ReadAction\",\"target\":[\"https:\/\/www.cadeaux.com\/blog\/importance-du-bapteme\/\"]}]},{\"@type\":\"BreadcrumbList\",\"@id\":\"https:\/\/www.cadeaux.com\/blog\/importance-du-bapteme\/#breadcrumb\",\"itemListElement\":[{\"@type\":\"ListItem\",\"position\":1,\"name\":\"Accueil\",\"item\":\"https:\/\/www.cadeaux.com\/blog\/\"},{\"@type\":\"ListItem\",\"position\":2,\"name\":\"Quelle est l&rsquo;importance du bapt\u00eame dans la vie ?\"}]},{\"@type\":\"WebSite\",\"@id\":\"https:\/\/www.cadeaux.com\/blog\/#website\",\"url\":\"https:\/\/www.cadeaux.com\/blog\/\",\"name\":\"Le Mag de Cadeaux.com\",\"description\":\"\",\"publisher\":{\"@id\":\"https:\/\/www.cadeaux.com\/blog\/#organization\"},\"potentialAction\":[{\"@type\":\"SearchAction\",\"target\":{\"@type\":\"EntryPoint\",\"urlTemplate\":\"https:\/\/www.cadeaux.com\/blog\/?s={search_term_string}\"},\"query-input\":\"required name=search_term_string\"}],\"inLanguage\":\"fr-FR\"},{\"@type\":\"Organization\",\"@id\":\"https:\/\/www.cadeaux.com\/blog\/#organization\",\"name\":\"Cadeaux.com\",\"url\":\"https:\/\/www.cadeaux.com\/blog\/\",\"logo\":{\"@type\":\"ImageObject\",\"inLanguage\":\"fr-FR\",\"@id\":\"https:\/\/www.cadeaux.com\/blog\/#\/schema\/logo\/image\/\",\"url\":\"https:\/\/www.cadeaux.com\/blog\/wp-content\/uploads\/2019\/07\/logo-cadeaux.png\",\"contentUrl\":\"https:\/\/www.cadeaux.com\/blog\/wp-content\/uploads\/2019\/07\/logo-cadeaux.png\",\"width\":587,\"height\":120,\"caption\":\"Cadeaux.com\"},\"image\":{\"@id\":\"https:\/\/www.cadeaux.com\/blog\/#\/schema\/logo\/image\/\"},\"sameAs\":[\"https:\/\/fr-fr.facebook.com\/cadeauxcom\/\",\"https:\/\/www.instagram.com\/cadeaux_com\/\"]}]}<\/script>\n<!-- \/ Yoast SEO plugin. -->","yoast_head_json":{"title":"Quelle est l'importance du bapt\u00eame dans la vie - Le Mag de Cadeaux.com","description":"Le bapt\u00eame est le seul sacrement commun \u00e0 tous les mouvements et rites chr\u00e9tiens. Mais quelle est l'importance du bapt\u00eame ? \u00c0 quoi sert-il ?","robots":{"index":"index","follow":"follow","max-snippet":"max-snippet:-1","max-image-preview":"max-image-preview:large","max-video-preview":"max-video-preview:-1"},"canonical":"https:\/\/www.cadeaux.com\/blog\/importance-du-bapteme\/","og_locale":"fr_FR","og_type":"article","og_title":"Quelle est l'importance du bapt\u00eame dans la vie - Le Mag de Cadeaux.com","og_description":"Le bapt\u00eame est le seul sacrement commun \u00e0 tous les mouvements et rites chr\u00e9tiens. Mais quelle est l'importance du bapt\u00eame ? \u00c0 quoi sert-il ?","og_url":"https:\/\/www.cadeaux.com\/blog\/importance-du-bapteme\/","og_site_name":"Le Mag de Cadeaux.com","article_publisher":"https:\/\/fr-fr.facebook.com\/cadeauxcom\/","article_modified_time":"2022-11-21T15:55:34+00:00","og_image":[{"width":1500,"height":1000,"url":"https:\/\/www.cadeaux.com\/blog\/wp-content\/uploads\/2020\/08\/AdobeStock_254389549-1.jpeg","type":"image\/jpeg"}],"twitter_card":"summary_large_image","twitter_misc":{"Dur\u00e9e de lecture estim\u00e9e":"8 minutes"},"schema":{"@context":"https:\/\/schema.org","@graph":[{"@type":"WebPage","@id":"https:\/\/www.cadeaux.com\/blog\/importance-du-bapteme\/","url":"https:\/\/www.cadeaux.com\/blog\/importance-du-bapteme\/","name":"Quelle est l'importance du bapt\u00eame dans la vie - Le Mag de Cadeaux.com","isPartOf":{"@id":"https:\/\/www.cadeaux.com\/blog\/#website"},"datePublished":"2020-08-06T10:16:34+00:00","dateModified":"2022-11-21T15:55:34+00:00","description":"Le bapt\u00eame est le seul sacrement commun \u00e0 tous les mouvements et rites chr\u00e9tiens. Mais quelle est l'importance du bapt\u00eame ? \u00c0 quoi sert-il ?","breadcrumb":{"@id":"https:\/\/www.cadeaux.com\/blog\/importance-du-bapteme\/#breadcrumb"},"inLanguage":"fr-FR","potentialAction":[{"@type":"ReadAction","target":["https:\/\/www.cadeaux.com\/blog\/importance-du-bapteme\/"]}]},{"@type":"BreadcrumbList","@id":"https:\/\/www.cadeaux.com\/blog\/importance-du-bapteme\/#breadcrumb","itemListElement":[{"@type":"ListItem","position":1,"name":"Accueil","item":"https:\/\/www.cadeaux.com\/blog\/"},{"@type":"ListItem","position":2,"name":"Quelle est l&rsquo;importance du bapt\u00eame dans la vie ?"}]},{"@type":"WebSite","@id":"https:\/\/www.cadeaux.com\/blog\/#website","url":"https:\/\/www.cadeaux.com\/blog\/","name":"Le Mag de Cadeaux.com","description":"","publisher":{"@id":"https:\/\/www.cadeaux.com\/blog\/#organization"},"potentialAction":[{"@type":"SearchAction","target":{"@type":"EntryPoint","urlTemplate":"https:\/\/www.cadeaux.com\/blog\/?s={search_term_string}"},"query-input":"required name=search_term_string"}],"inLanguage":"fr-FR"},{"@type":"Organization","@id":"https:\/\/www.cadeaux.com\/blog\/#organization","name":"Cadeaux.com","url":"https:\/\/www.cadeaux.com\/blog\/","logo":{"@type":"ImageObject","inLanguage":"fr-FR","@id":"https:\/\/www.cadeaux.com\/blog\/#\/schema\/logo\/image\/","url":"https:\/\/www.cadeaux.com\/blog\/wp-content\/uploads\/2019\/07\/logo-cadeaux.png","contentUrl":"https:\/\/www.cadeaux.com\/blog\/wp-content\/uploads\/2019\/07\/logo-cadeaux.png","width":587,"height":120,"caption":"Cadeaux.com"},"image":{"@id":"https:\/\/www.cadeaux.com\/blog\/#\/schema\/logo\/image\/"},"sameAs":["https:\/\/fr-fr.facebook.com\/cadeauxcom\/","https:\/\/www.instagram.com\/cadeaux_com\/"]}]}},"_links":{"self":[{"href":"https:\/\/www.cadeaux.com\/blog\/wp-json\/wp\/v2\/pages\/2653"}],"collection":[{"href":"https:\/\/www.cadeaux.com\/blog\/wp-json\/wp\/v2\/pages"}],"about":[{"href":"https:\/\/www.cadeaux.com\/blog\/wp-json\/wp\/v2\/types\/page"}],"author":[{"embeddable":true,"href":"https:\/\/www.cadeaux.com\/blog\/wp-json\/wp\/v2\/users\/6"}],"replies":[{"embeddable":true,"href":"https:\/\/www.cadeaux.com\/blog\/wp-json\/wp\/v2\/comments?post=2653"}],"version-history":[{"count":12,"href":"https:\/\/www.cadeaux.com\/blog\/wp-json\/wp\/v2\/pages\/2653\/revisions"}],"predecessor-version":[{"id":6334,"href":"https:\/\/www.cadeaux.com\/blog\/wp-json\/wp\/v2\/pages\/2653\/revisions\/6334"}],"wp:featuredmedia":[{"embeddable":true,"href":"https:\/\/www.cadeaux.com\/blog\/wp-json\/wp\/v2\/media\/2656"}],"wp:attachment":[{"href":"https:\/\/www.cadeaux.com\/blog\/wp-json\/wp\/v2\/media?parent=2653"}],"wp:term":[{"taxonomy":"category","embeddable":true,"href":"https:\/\/www.cadeaux.com\/blog\/wp-json\/wp\/v2\/categories?post=2653"},{"taxonomy":"post_tag","embeddable":true,"href":"https:\/\/www.cadeaux.com\/blog\/wp-json\/wp\/v2\/tags?post=2653"}],"curies":[{"name":"wp","href":"https:\/\/api.w.org\/{rel}","templated":true}]}}