{"id":2635,"date":"2020-08-06T12:14:39","date_gmt":"2020-08-06T10:14:39","guid":{"rendered":"https:\/\/www.cadeaux.com\/blog\/?page_id=2635"},"modified":"2020-08-06T14:44:40","modified_gmt":"2020-08-06T12:44:40","slug":"quoi-ecrire-sur-une-carte-de-bapteme","status":"publish","type":"page","link":"https:\/\/www.cadeaux.com\/blog\/quoi-ecrire-sur-une-carte-de-bapteme\/","title":{"rendered":"Qu&rsquo;\u00e9crire sur une carte de bapt\u00eame ?"},"content":{"rendered":"<p><strong>Depuis que votre b\u00e9b\u00e9 est n\u00e9, vous courrez partout, vous vous accommodez \u00e0 votre nouvelle vie et vous passez certainement des nuits agit\u00e9es. Mais aussi, vous pensez peut-\u00eatre au prochain grand \u00e9v\u00e9nement qui attend votre nouveau-n\u00e9, \u00e0 savoir son bapt\u00eame. Habituellement, les b\u00e9b\u00e9s sont baptis\u00e9s dans la premi\u00e8re ann\u00e9e, souvent \u00e0 partir du quatri\u00e8me mois apr\u00e8s leur naissance. Il est donc grand temps de s\u2019y mettre et d\u2019organiser son bapt\u00eame. Presque comme un mariage, un bapt\u00eame ne s\u2019organise pas \u00e0 la l\u00e9g\u00e8re et rapidement vous aurez l\u2019impression de vous transformer en organisateur d\u2019\u00e9v\u00e9nements. Entre la liste des invit\u00e9s, les discours \u00e0 pr\u00e9parer pour la c\u00e9r\u00e9monie, les faire-part \u00e0 envoyer, la r\u00e9ception et peut-\u00eatre la f\u00eate \u00e0 organiser, il y a de quoi perdre la t\u00eate. Parmi les diff\u00e9rents points \u00e0 r\u00e9gler, il y a notamment l\u2019\u00e9pineuse question de la carte de bapt\u00eame. Laquelle choisir ? Qu\u2019\u00e9crire dessus ? Voici quelques pistes pour vous aider \u00e0 \u00e9crire votre carte de bapt\u00eame.<\/strong><\/p>\n\n\n\n<ul>\n    <li><strong><a href=\"#1\">Pourquoi \u00e9crire une carte de bapt\u00eame ?<\/a><\/strong><\/li>\n    <li><strong><a href=\"#2\">Exemples de textes pour cartes de bapt\u00eame<\/a><\/strong><\/li>\n    <li><strong><a href=\"#3\">La lettre de remerciement<\/a><\/strong><\/li>\n    <li><strong><a href=\"#4\">Les autres choses \u00e0 ne pas oublier lors de l\u2019organisation d\u2019un bapt\u00eame<\/a><\/strong><\/li>\n<\/ul>\n\n\n\n<div class=\"wp-block-image\"><figure class=\"aligncenter size-large\"><img fetchpriority=\"high\" decoding=\"async\" width=\"1024\" height=\"540\" src=\"https:\/\/www.cadeaux.com\/blog\/wp-content\/uploads\/2020\/07\/AdobeStock_134193112-1-1024x540.jpeg\" alt=\"conseils pour \u00e9crire une carte de bapt\u00eame\" class=\"wp-image-2644\" srcset=\"https:\/\/www.cadeaux.com\/blog\/wp-content\/uploads\/2020\/07\/AdobeStock_134193112-1-1024x540.jpeg 1024w, https:\/\/www.cadeaux.com\/blog\/wp-content\/uploads\/2020\/07\/AdobeStock_134193112-1-300x158.jpeg 300w, https:\/\/www.cadeaux.com\/blog\/wp-content\/uploads\/2020\/07\/AdobeStock_134193112-1-768x405.jpeg 768w, https:\/\/www.cadeaux.com\/blog\/wp-content\/uploads\/2020\/07\/AdobeStock_134193112-1.jpeg 1500w\" sizes=\"(max-width: 1024px) 100vw, 1024px\"><\/figure><\/div>\n\n\n\n<div id=\"1\"><h2><strong>Pourquoi \u00e9crire une carte de bapt\u00eame<\/strong><\/h2><\/div>\n\n\n\n<p>Tout comme l\u2019eucharistie et la confirmation, le <strong>bapt\u00eame <\/strong>est l\u2019un des trois sacrements dans la religion catholique. Il est m\u00eame le <strong>premier sacrement<\/strong> que l\u2019on re\u00e7oit, afin d\u2019entrer dans la lumi\u00e8re du Christ. <a href=\"https:\/\/www.cadeaux.com\/blog\/importance-du-bapteme\/\">L\u2019importance du bapt\u00eame<\/a> est telle, qu\u2019il est obligatoire si on souhaite poursuivre sa vie de catholique, notamment en se mariant \u00e0 l\u2019\u00e9glise. D\u2019ailleurs, vous avez peut-\u00eatre d\u00fb vous en rendre compte vous-m\u00eame\u00a0lorsque vous vous \u00eates demand\u00e9 <a href=\"https:\/\/www.cadeaux.com\/blog\/ou-trouver-mon-acte-de-bapteme\/\">o\u00f9 trouver votre acte de bapt\u00eame<\/a>, le jour o\u00f9 vous avez entrepris les d\u00e9marches pour vous marier.<\/p>\n\n\n\n<p>Pour ces raisons, les\u00a0parents ont pour mission d\u2019organiser le bapt\u00eame de leurs enfants, le plus t\u00f4t possible. Il est important de se renseigner aupr\u00e8s de la paroisse pour connaitre les d\u00e9marches mais aussi les modalit\u00e9s du bapt\u00eame. Par exemple, certaines paroisses pratiquent\u00a0des bapt\u00eames group\u00e9s ou uniquement lors des messes dominicales habituelles. Cela permettra d\u00e9j\u00e0 de d\u00e9terminer <strong>la date de l\u2019\u00e9v\u00e9nement<\/strong>, ce qui est indispensable \u00e0 savoir pour la suite.\u00a0<\/p>\n\n\n\n<p>Une fois la date connue, c\u2019est alors aux\u00a0parents de se creuser la t\u00eate pour organiser l\u2019\u00e9v\u00e9nement. La c\u00e9r\u00e9monie religieuse est en grande partie organis\u00e9e par le pr\u00eatre, qui guidera les parents et leur indiquera tout ce qu\u2019ils devront pr\u00e9parer pour l\u2019office religieux. Il ne restera plus aux parents que d\u2019annoncer le futur bapt\u00eame \u00e0 tous leurs invit\u00e9s. <strong>L\u2019annonce se fait habituellement par l\u2019envoi de faire-part ou de lettres<\/strong>. Si vous avez d\u00e9j\u00e0 envoy\u00e9 des faire-parts de naissance, il faudra recommencer et \u00e0 pr\u00e9sent <a href=\"https:\/\/www.cadeaux.com\/blog\/creer-son-faire-part-de-bapteme\/\">cr\u00e9er un <strong>faire-part de\u00a0bapt\u00eame<\/strong><\/a>. Pas de panique, <strong>seules quelques informations sont n\u00e9cessaires<\/strong>. Pas besoin de grands discours pour cette \u00e9tape.\u00a0<\/p>\n\n\n\n<div id=\"2\"><h2><strong>Exemples de textes pour cartes de bapt\u00eame<\/strong><\/h2><\/div>\n\n\n\n<p>La carte de bapt\u00eame doit bien entendu comprendre <strong>le pr\u00e9nom du b\u00e9b\u00e9<\/strong> et\u00a0<strong>les pr\u00e9noms des parents, du parrain et\u00a0de la marraine<\/strong>. Si le b\u00e9b\u00e9 a d\u00e9j\u00e0 un grand fr\u00e8re ou une grande s\u0153ur, n\u2019oubliez pas de les mentionner sur la carte. Il ne faut pas oublier d\u2019indiquer <strong>le nom de l\u2019\u00e9difice religieux<\/strong> ou de la paroisse et le lieu \u00e9ventuel de la r\u00e9ception. <\/p>\n\n\n\n<p>Si vos connaissances sont du style\u00a0\u00e0 chercher une <a href=\"https:\/\/www.cadeaux.com\/blog\/surprise-a-faire-pour-un-bapteme\/\">surprise \u00e0 faire pour un bapt\u00eame<\/a>, dans ce cas, comme pour un mariage, il est conseill\u00e9 de les guider en pr\u00e9voyant une<strong> liste de cadeaux souhait\u00e9s<\/strong>. Si la liste est d\u00e9pos\u00e9e dans un magasin sp\u00e9cialis\u00e9, n\u2019oubliez pas de l\u2019indiquer sur le carton d\u2019invitation. Il peut aussi s\u2019agir d\u2019une adresse internet, de plus en plus de listes de cadeaux se faisant directement sur des sites sp\u00e9cialis\u00e9s.<\/p>\n\n\n\n<figure class=\"wp-block-gallery aligncenter columns-3 is-cropped wp-block-gallery-1 is-layout-flex wp-block-gallery-is-layout-flex\"><ul class=\"blocks-gallery-grid\"><li class=\"blocks-gallery-item\"><figure><img decoding=\"async\" width=\"800\" height=\"640\" src=\"https:\/\/www.cadeaux.com\/blog\/wp-content\/uploads\/2020\/08\/tableau-photo-4-zoom.jpg\" alt=\"Coffret tablette de chocolat personnalis\u00e9e avec la photo d'un jeune baptis\u00e9 pour son bapt\u00eame\" data-id=\"2698\" data-full-url=\"https:\/\/www.cadeaux.com\/blog\/wp-content\/uploads\/2020\/08\/tableau-photo-4-zoom.jpg\" data-link=\"https:\/\/www.cadeaux.com\/blog\/?attachment_id=2698\" class=\"wp-image-2698\" srcset=\"https:\/\/www.cadeaux.com\/blog\/wp-content\/uploads\/2020\/08\/tableau-photo-4-zoom.jpg 800w, https:\/\/www.cadeaux.com\/blog\/wp-content\/uploads\/2020\/08\/tableau-photo-4-zoom-300x240.jpg 300w, https:\/\/www.cadeaux.com\/blog\/wp-content\/uploads\/2020\/08\/tableau-photo-4-zoom-768x614.jpg 768w\" sizes=\"(max-width: 800px) 100vw, 800px\"><\/figure><\/li><li class=\"blocks-gallery-item\"><figure><img decoding=\"async\" width=\"800\" height=\"640\" src=\"https:\/\/www.cadeaux.com\/blog\/wp-content\/uploads\/2020\/08\/collier-colombe-bapteme-3-zoom.jpg\" alt=\"Collier avec pendentif grav\u00e9 d'une colombe, symbole de paix, symbole du bapt\u00eame\" data-id=\"2687\" data-full-url=\"https:\/\/www.cadeaux.com\/blog\/wp-content\/uploads\/2020\/08\/collier-colombe-bapteme-3-zoom.jpg\" data-link=\"https:\/\/www.cadeaux.com\/blog\/?attachment_id=2687\" class=\"wp-image-2687\" srcset=\"https:\/\/www.cadeaux.com\/blog\/wp-content\/uploads\/2020\/08\/collier-colombe-bapteme-3-zoom.jpg 800w, https:\/\/www.cadeaux.com\/blog\/wp-content\/uploads\/2020\/08\/collier-colombe-bapteme-3-zoom-300x240.jpg 300w, https:\/\/www.cadeaux.com\/blog\/wp-content\/uploads\/2020\/08\/collier-colombe-bapteme-3-zoom-768x614.jpg 768w\" sizes=\"(max-width: 800px) 100vw, 800px\"><\/figure><\/li><li class=\"blocks-gallery-item\"><figure><img loading=\"lazy\" decoding=\"async\" width=\"800\" height=\"640\" src=\"https:\/\/www.cadeaux.com\/blog\/wp-content\/uploads\/2020\/08\/tirelire-petit-panda-1-zoom.jpg\" alt=\"Tirelire personnalis\u00e9e Les pi\u00e8ces d'or de Manon \u00e0 offrir pour un bapt\u00eame\" data-id=\"2705\" data-full-url=\"https:\/\/www.cadeaux.com\/blog\/wp-content\/uploads\/2020\/08\/tirelire-petit-panda-1-zoom.jpg\" data-link=\"https:\/\/www.cadeaux.com\/blog\/?attachment_id=2705\" class=\"wp-image-2705\" srcset=\"https:\/\/www.cadeaux.com\/blog\/wp-content\/uploads\/2020\/08\/tirelire-petit-panda-1-zoom.jpg 800w, https:\/\/www.cadeaux.com\/blog\/wp-content\/uploads\/2020\/08\/tirelire-petit-panda-1-zoom-300x240.jpg 300w, https:\/\/www.cadeaux.com\/blog\/wp-content\/uploads\/2020\/08\/tirelire-petit-panda-1-zoom-768x614.jpg 768w\" sizes=\"(max-width: 800px) 100vw, 800px\"><\/figure><\/li><\/ul><\/figure>\n\n\n\n<p class=\"has-text-align-center\">D\u00e9couvrez de nombreuses <a href=\"https:\/\/www.cadeaux.com\/cadeaux\/idee-cadeau-bapteme-_603000.html?utm_source=blog&amp;utm_medium=organic&amp;utm_campaign=bapteme\" target=\"_blank\" aria-label=\"undefined (s\u2019ouvre dans un nouvel onglet)\" rel=\"noreferrer noopener\">id\u00e9es de cadeaux personnalis\u00e9s pour un bapt\u00eame<\/a><\/p>\n\n\n\n<p>Ensuite, il est conseill\u00e9 de se rendre chez un imprimeur pour vous renseigner sur les diff\u00e9rents types de papier et les \u00e9ventuelles propositions graphiques qui existent pour rendre votre carte plus jolie et personnalis\u00e9e. Souvent, les pr\u00e9noms du b\u00e9b\u00e9 sont \u00e9crits en lettres cursives et relativement grandes. Il est possible d\u2019ajouter une photo du b\u00e9b\u00e9 ou de la famille.\u00a0<\/p>\n\n\n\n<h3 class=\"wp-block-heading\"><strong>Exemple de carte d\u2019invitation 1 :<\/strong><\/h3>\n\n\n\n<p class=\"has-text-align-center\"><em>Je vous invite \u00e0 c\u00e9l\u00e9brer mon bapt\u00eame<br>le samedi 7 ao\u00fbt 2020 \u00e0 12 heures<br>en l\u2019\u00e9glise XXX de Nantes.<\/em><\/p>\n\n\n\n<p class=\"has-text-align-center\"><em>Je vous y attends avec impatience<br>et vous invite \u00e0 la maison d\u00e8s la fin de la c\u00e9r\u00e9monie<br>pour un repas festif !<br>Louise<\/em><\/p>\n\n\n\n<h3 class=\"wp-block-heading\"><strong>Exemple de carte d\u2019invitation 2 :<\/strong><\/h3>\n\n\n\n<p class=\"has-text-align-center\"><em>Nous vous invitons avec plaisir au bapt\u00eame de Simon,<br>le 12 juillet 2020 \u00e0 11 heures<br>en la cath\u00e9drale\u00a0XXX de Marseille<\/em><\/p>\n\n\n\n<p class=\"has-text-align-center\"><em>Apr\u00e8s la c\u00e9r\u00e9monie, nous vous convions \u00e0 partager<br>un moment convivial \u00e0 la maison.<\/em><\/p>\n\n\n\n<h3 class=\"wp-block-heading\"><strong>Exemple de carte d\u2019invitation 3\u00a0:<\/strong><\/h3>\n\n\n\n<p class=\"has-text-align-center\"><em>Papa, maman et ma s\u0153ur Clara<br>souhaiteraient vous compter parmi ceux<br>qui t\u00e9moigneront de mon entr\u00e9e\u00a0<br>dans la communaut\u00e9 des\u00a0chr\u00e9tiens.<\/em><\/p>\n\n\n\n<p class=\"has-text-align-center\"><em>Retrouvez-moi \u00e0 la chapelle\u00a0XXXX \u00e0 Rennes.<br>Prenons ensuite le temps de partager<br>un moment convivial chez mes parents<br>apr\u00e8s l\u2019office religieux.<br>Jonathan.<\/em><\/p>\n\n\n\n<div id=\"3\"><h2><strong>La lettre de remerciement<\/strong><\/h2><\/div>\n\n\n\n<p>Une fois le\u00a0bapt\u00eame termin\u00e9, il est \u00e9galement de tradition de remercier les personnes qui \u00e9taient pr\u00e9sentes au bapt\u00eame. La courtoisie veut qu\u2019une lettre soit au moins envoy\u00e9e aux personnes qui ont offert un cadeau. Cette lettre peut \u00eatre moins formelle que le faire-part et plus personnalis\u00e9e, en fonction des cadeaux re\u00e7us.\u00a0<\/p>\n\n\n\n<h3 class=\"wp-block-heading\"><strong>Exemple de carte de remerciement 1 :<\/strong><\/h3>\n\n\n\n<p class=\"has-text-align-center\"><em>Nous tenions \u00e0 vous remercier pour votre pr\u00e9sence\u00a0<br>au bapt\u00eame de Simon.<\/em><\/p>\n\n\n\n<p class=\"has-text-align-center\"><em>Votre pr\u00e9sence \u00e9tait votre plus beau cadeau<br>m\u00eame si votre attention et votre geste envers Simon\u00a0<br>ont \u00e9galement\u00a0\u00e9t\u00e9 grandement appr\u00e9ci\u00e9s.<\/em><\/p>\n\n\n\n<h3 class=\"wp-block-heading\"><strong>Exemple carte de remerciement 2 :<\/strong><\/h3>\n\n\n\n<p class=\"has-text-align-center\"><em>Marie et Julien vous remercient d\u2019avoir communiquer votre joie<br>lors de leurs bapt\u00eames.<\/em><\/p>\n\n\n\n<p class=\"has-text-align-center\"><em>Nous nous joignons \u00e0 eux pour vous faire part \u00e0 notre tour<br>de la joie\u00a0ressentie de vous avoir \u00e0 nos c\u00f4t\u00e9s<br>pour cette grande occasion.<\/em><\/p>\n\n\n\n<div id=\"4\"><h2><strong>Les autres choses \u00e0 ne pas oublier lors de l\u2019organisation d\u2019un bapt\u00eame<\/strong><\/h2><\/div>\n\n\n\n<p>Outre\u00a0les cartes de bapt\u00eame, de nombreux autres d\u00e9tails d\u2019organisation ne doivent pas \u00eatre oubli\u00e9s. Pour cette occasion unique, il est de coutume d\u2019offrir des<strong> cadeaux au b\u00e9b\u00e9<\/strong>. Si vos invit\u00e9s peuvent choisir dans une liste de cadeaux pr\u00e9\u00e9tablie, le papa, la maman, le parrain ou la marraine ont \u00e9galement un cadeau\u00a0\u00e0 faire. Ce sont eux qui sont habituellement d\u00e9sign\u00e9s pour <a href=\"https:\/\/www.cadeaux.com\/blog\/quand-donner-la-gourmette-au-bapteme\/\">donner la gourmette au bapt\u00eame<\/a>. N\u2019oubliez donc pas d\u2019acheter ou de commander la gourmette \u00e0 l\u2019avance car le bijoutier doit y faire graver le pr\u00e9nom du b\u00e9b\u00e9.\u00a0<\/p>\n\n\n\n<figure class=\"wp-block-gallery columns-3 is-cropped wp-block-gallery-3 is-layout-flex wp-block-gallery-is-layout-flex\"><ul class=\"blocks-gallery-grid\"><li class=\"blocks-gallery-item\"><figure><img loading=\"lazy\" decoding=\"async\" width=\"800\" height=\"640\" src=\"https:\/\/www.cadeaux.com\/blog\/wp-content\/uploads\/2020\/08\/gourmette-bebe-argent-harmonie-2-zoom.jpg\" alt=\"\" data-id=\"2737\" data-full-url=\"https:\/\/www.cadeaux.com\/blog\/wp-content\/uploads\/2020\/08\/gourmette-bebe-argent-harmonie-2-zoom.jpg\" data-link=\"https:\/\/www.cadeaux.com\/blog\/?attachment_id=2737\" class=\"wp-image-2737\" srcset=\"https:\/\/www.cadeaux.com\/blog\/wp-content\/uploads\/2020\/08\/gourmette-bebe-argent-harmonie-2-zoom.jpg 800w, https:\/\/www.cadeaux.com\/blog\/wp-content\/uploads\/2020\/08\/gourmette-bebe-argent-harmonie-2-zoom-300x240.jpg 300w, https:\/\/www.cadeaux.com\/blog\/wp-content\/uploads\/2020\/08\/gourmette-bebe-argent-harmonie-2-zoom-768x614.jpg 768w\" sizes=\"(max-width: 800px) 100vw, 800px\"><\/figure><\/li><li class=\"blocks-gallery-item\"><figure><img loading=\"lazy\" decoding=\"async\" width=\"800\" height=\"640\" src=\"https:\/\/www.cadeaux.com\/blog\/wp-content\/uploads\/2020\/08\/bracelet-mini-jeton-multi-motif-colombe-3-zoom.jpg\" alt=\"Bracelet jeton colombe argent v\u00e9ritable personnalisable avec un pr\u00e9nom\" data-id=\"2727\" data-link=\"https:\/\/www.cadeaux.com\/blog\/?attachment_id=2727\" class=\"wp-image-2727\" srcset=\"https:\/\/www.cadeaux.com\/blog\/wp-content\/uploads\/2020\/08\/bracelet-mini-jeton-multi-motif-colombe-3-zoom.jpg 800w, https:\/\/www.cadeaux.com\/blog\/wp-content\/uploads\/2020\/08\/bracelet-mini-jeton-multi-motif-colombe-3-zoom-300x240.jpg 300w, https:\/\/www.cadeaux.com\/blog\/wp-content\/uploads\/2020\/08\/bracelet-mini-jeton-multi-motif-colombe-3-zoom-768x614.jpg 768w\" sizes=\"(max-width: 800px) 100vw, 800px\"><\/figure><\/li><li class=\"blocks-gallery-item\"><figure><img loading=\"lazy\" decoding=\"async\" width=\"800\" height=\"640\" src=\"https:\/\/www.cadeaux.com\/blog\/wp-content\/uploads\/2020\/07\/gourmette-coccinelle-or-1-zoom.jpg\" alt=\"Gourmette grav\u00e9e en plaqu\u00e9 or et son jeton coccinelle \u00e0 offrir pour un bapt\u00eame\" data-id=\"2571\" data-link=\"https:\/\/www.cadeaux.com\/blog\/?attachment_id=2571\" class=\"wp-image-2571\" srcset=\"https:\/\/www.cadeaux.com\/blog\/wp-content\/uploads\/2020\/07\/gourmette-coccinelle-or-1-zoom.jpg 800w, https:\/\/www.cadeaux.com\/blog\/wp-content\/uploads\/2020\/07\/gourmette-coccinelle-or-1-zoom-300x240.jpg 300w, https:\/\/www.cadeaux.com\/blog\/wp-content\/uploads\/2020\/07\/gourmette-coccinelle-or-1-zoom-768x614.jpg 768w\" sizes=\"(max-width: 800px) 100vw, 800px\"><\/figure><\/li><\/ul><\/figure>\n\n\n\n<p class=\"has-text-align-center\">Mod\u00e8les de gourmettes personnalis\u00e9es<br>en or et argent v\u00e9ritable disponibles sur <strong>Cadeaux.com<\/strong><\/p>\n\n\n","protected":false},"excerpt":{"rendered":"<p>Depuis que votre b\u00e9b\u00e9 est n\u00e9, vous courrez partout, vous vous accommodez \u00e0 votre nouvelle vie et vous passez certainement des nuits agit\u00e9es. Mais aussi, vous pensez peut-\u00eatre au prochain grand \u00e9v\u00e9nement qui attend votre nouveau-n\u00e9, \u00e0 savoir son bapt\u00eame&#8230;.<\/p>\n","protected":false},"author":6,"featured_media":2644,"parent":0,"menu_order":0,"comment_status":"closed","ping_status":"closed","template":"page-cocon.php","meta":{"footnotes":""},"categories":[],"tags":[],"acf":[],"yoast_head":"<!-- This site is optimized with the Yoast SEO plugin v21.5 - https:\/\/yoast.com\/wordpress\/plugins\/seo\/ -->\n<title>Que faut-il \u00e9crire sur une carte de bapt\u00eame ? - Le Mag de Cadeaux.com<\/title>\n<meta name=\"description\" content=\"Voici l&#039;\u00e9pineuse question de la carte de bapt\u00eame. Qu&#039;\u00e9crire dessus ? Voici quelques pistes pour vous aider \u00e0 \u00e9crire votre carte de bapt\u00eame.\" \/>\n<meta name=\"robots\" content=\"index, follow, max-snippet:-1, max-image-preview:large, max-video-preview:-1\" \/>\n<link rel=\"canonical\" href=\"https:\/\/www.cadeaux.com\/blog\/quoi-ecrire-sur-une-carte-de-bapteme\/\" \/>\n<meta property=\"og:locale\" content=\"fr_FR\" \/>\n<meta property=\"og:type\" content=\"article\" \/>\n<meta property=\"og:title\" content=\"Que faut-il \u00e9crire sur une carte de bapt\u00eame ? - Le Mag de Cadeaux.com\" \/>\n<meta property=\"og:description\" content=\"Voici l&#039;\u00e9pineuse question de la carte de bapt\u00eame. Qu&#039;\u00e9crire dessus ? Voici quelques pistes pour vous aider \u00e0 \u00e9crire votre carte de bapt\u00eame.\" \/>\n<meta property=\"og:url\" content=\"https:\/\/www.cadeaux.com\/blog\/quoi-ecrire-sur-une-carte-de-bapteme\/\" \/>\n<meta property=\"og:site_name\" content=\"Le Mag de Cadeaux.com\" \/>\n<meta property=\"article:publisher\" content=\"https:\/\/fr-fr.facebook.com\/cadeauxcom\/\" \/>\n<meta property=\"article:modified_time\" content=\"2020-08-06T12:44:40+00:00\" \/>\n<meta property=\"og:image\" content=\"https:\/\/www.cadeaux.com\/blog\/wp-content\/uploads\/2020\/07\/AdobeStock_134193112-1.jpeg\" \/>\n\t<meta property=\"og:image:width\" content=\"1500\" \/>\n\t<meta property=\"og:image:height\" content=\"791\" \/>\n\t<meta property=\"og:image:type\" content=\"image\/jpeg\" \/>\n<meta name=\"twitter:card\" content=\"summary_large_image\" \/>\n<meta name=\"twitter:label1\" content=\"Dur\u00e9e de lecture estim\u00e9e\" \/>\n\t<meta name=\"twitter:data1\" content=\"6 minutes\" \/>\n<script type=\"application\/ld+json\" class=\"yoast-schema-graph\">{\"@context\":\"https:\/\/schema.org\",\"@graph\":[{\"@type\":\"WebPage\",\"@id\":\"https:\/\/www.cadeaux.com\/blog\/quoi-ecrire-sur-une-carte-de-bapteme\/\",\"url\":\"https:\/\/www.cadeaux.com\/blog\/quoi-ecrire-sur-une-carte-de-bapteme\/\",\"name\":\"Que faut-il \u00e9crire sur une carte de bapt\u00eame ? - Le Mag de Cadeaux.com\",\"isPartOf\":{\"@id\":\"https:\/\/www.cadeaux.com\/blog\/#website\"},\"datePublished\":\"2020-08-06T10:14:39+00:00\",\"dateModified\":\"2020-08-06T12:44:40+00:00\",\"description\":\"Voici l'\u00e9pineuse question de la carte de bapt\u00eame. Qu'\u00e9crire dessus ? Voici quelques pistes pour vous aider \u00e0 \u00e9crire votre carte de bapt\u00eame.\",\"breadcrumb\":{\"@id\":\"https:\/\/www.cadeaux.com\/blog\/quoi-ecrire-sur-une-carte-de-bapteme\/#breadcrumb\"},\"inLanguage\":\"fr-FR\",\"potentialAction\":[{\"@type\":\"ReadAction\",\"target\":[\"https:\/\/www.cadeaux.com\/blog\/quoi-ecrire-sur-une-carte-de-bapteme\/\"]}]},{\"@type\":\"BreadcrumbList\",\"@id\":\"https:\/\/www.cadeaux.com\/blog\/quoi-ecrire-sur-une-carte-de-bapteme\/#breadcrumb\",\"itemListElement\":[{\"@type\":\"ListItem\",\"position\":1,\"name\":\"Accueil\",\"item\":\"https:\/\/www.cadeaux.com\/blog\/\"},{\"@type\":\"ListItem\",\"position\":2,\"name\":\"Qu&rsquo;\u00e9crire sur une carte de bapt\u00eame ?\"}]},{\"@type\":\"WebSite\",\"@id\":\"https:\/\/www.cadeaux.com\/blog\/#website\",\"url\":\"https:\/\/www.cadeaux.com\/blog\/\",\"name\":\"Le Mag de Cadeaux.com\",\"description\":\"\",\"publisher\":{\"@id\":\"https:\/\/www.cadeaux.com\/blog\/#organization\"},\"potentialAction\":[{\"@type\":\"SearchAction\",\"target\":{\"@type\":\"EntryPoint\",\"urlTemplate\":\"https:\/\/www.cadeaux.com\/blog\/?s={search_term_string}\"},\"query-input\":\"required name=search_term_string\"}],\"inLanguage\":\"fr-FR\"},{\"@type\":\"Organization\",\"@id\":\"https:\/\/www.cadeaux.com\/blog\/#organization\",\"name\":\"Cadeaux.com\",\"url\":\"https:\/\/www.cadeaux.com\/blog\/\",\"logo\":{\"@type\":\"ImageObject\",\"inLanguage\":\"fr-FR\",\"@id\":\"https:\/\/www.cadeaux.com\/blog\/#\/schema\/logo\/image\/\",\"url\":\"https:\/\/www.cadeaux.com\/blog\/wp-content\/uploads\/2019\/07\/logo-cadeaux.png\",\"contentUrl\":\"https:\/\/www.cadeaux.com\/blog\/wp-content\/uploads\/2019\/07\/logo-cadeaux.png\",\"width\":587,\"height\":120,\"caption\":\"Cadeaux.com\"},\"image\":{\"@id\":\"https:\/\/www.cadeaux.com\/blog\/#\/schema\/logo\/image\/\"},\"sameAs\":[\"https:\/\/fr-fr.facebook.com\/cadeauxcom\/\",\"https:\/\/www.instagram.com\/cadeaux_com\/\"]}]}<\/script>\n<!-- \/ Yoast SEO plugin. -->","yoast_head_json":{"title":"Que faut-il \u00e9crire sur une carte de bapt\u00eame ? - Le Mag de Cadeaux.com","description":"Voici l'\u00e9pineuse question de la carte de bapt\u00eame. Qu'\u00e9crire dessus ? Voici quelques pistes pour vous aider \u00e0 \u00e9crire votre carte de bapt\u00eame.","robots":{"index":"index","follow":"follow","max-snippet":"max-snippet:-1","max-image-preview":"max-image-preview:large","max-video-preview":"max-video-preview:-1"},"canonical":"https:\/\/www.cadeaux.com\/blog\/quoi-ecrire-sur-une-carte-de-bapteme\/","og_locale":"fr_FR","og_type":"article","og_title":"Que faut-il \u00e9crire sur une carte de bapt\u00eame ? - Le Mag de Cadeaux.com","og_description":"Voici l'\u00e9pineuse question de la carte de bapt\u00eame. Qu'\u00e9crire dessus ? Voici quelques pistes pour vous aider \u00e0 \u00e9crire votre carte de bapt\u00eame.","og_url":"https:\/\/www.cadeaux.com\/blog\/quoi-ecrire-sur-une-carte-de-bapteme\/","og_site_name":"Le Mag de Cadeaux.com","article_publisher":"https:\/\/fr-fr.facebook.com\/cadeauxcom\/","article_modified_time":"2020-08-06T12:44:40+00:00","og_image":[{"width":1500,"height":791,"url":"https:\/\/www.cadeaux.com\/blog\/wp-content\/uploads\/2020\/07\/AdobeStock_134193112-1.jpeg","type":"image\/jpeg"}],"twitter_card":"summary_large_image","twitter_misc":{"Dur\u00e9e de lecture estim\u00e9e":"6 minutes"},"schema":{"@context":"https:\/\/schema.org","@graph":[{"@type":"WebPage","@id":"https:\/\/www.cadeaux.com\/blog\/quoi-ecrire-sur-une-carte-de-bapteme\/","url":"https:\/\/www.cadeaux.com\/blog\/quoi-ecrire-sur-une-carte-de-bapteme\/","name":"Que faut-il \u00e9crire sur une carte de bapt\u00eame ? - Le Mag de Cadeaux.com","isPartOf":{"@id":"https:\/\/www.cadeaux.com\/blog\/#website"},"datePublished":"2020-08-06T10:14:39+00:00","dateModified":"2020-08-06T12:44:40+00:00","description":"Voici l'\u00e9pineuse question de la carte de bapt\u00eame. Qu'\u00e9crire dessus ? Voici quelques pistes pour vous aider \u00e0 \u00e9crire votre carte de bapt\u00eame.","breadcrumb":{"@id":"https:\/\/www.cadeaux.com\/blog\/quoi-ecrire-sur-une-carte-de-bapteme\/#breadcrumb"},"inLanguage":"fr-FR","potentialAction":[{"@type":"ReadAction","target":["https:\/\/www.cadeaux.com\/blog\/quoi-ecrire-sur-une-carte-de-bapteme\/"]}]},{"@type":"BreadcrumbList","@id":"https:\/\/www.cadeaux.com\/blog\/quoi-ecrire-sur-une-carte-de-bapteme\/#breadcrumb","itemListElement":[{"@type":"ListItem","position":1,"name":"Accueil","item":"https:\/\/www.cadeaux.com\/blog\/"},{"@type":"ListItem","position":2,"name":"Qu&rsquo;\u00e9crire sur une carte de bapt\u00eame ?"}]},{"@type":"WebSite","@id":"https:\/\/www.cadeaux.com\/blog\/#website","url":"https:\/\/www.cadeaux.com\/blog\/","name":"Le Mag de Cadeaux.com","description":"","publisher":{"@id":"https:\/\/www.cadeaux.com\/blog\/#organization"},"potentialAction":[{"@type":"SearchAction","target":{"@type":"EntryPoint","urlTemplate":"https:\/\/www.cadeaux.com\/blog\/?s={search_term_string}"},"query-input":"required name=search_term_string"}],"inLanguage":"fr-FR"},{"@type":"Organization","@id":"https:\/\/www.cadeaux.com\/blog\/#organization","name":"Cadeaux.com","url":"https:\/\/www.cadeaux.com\/blog\/","logo":{"@type":"ImageObject","inLanguage":"fr-FR","@id":"https:\/\/www.cadeaux.com\/blog\/#\/schema\/logo\/image\/","url":"https:\/\/www.cadeaux.com\/blog\/wp-content\/uploads\/2019\/07\/logo-cadeaux.png","contentUrl":"https:\/\/www.cadeaux.com\/blog\/wp-content\/uploads\/2019\/07\/logo-cadeaux.png","width":587,"height":120,"caption":"Cadeaux.com"},"image":{"@id":"https:\/\/www.cadeaux.com\/blog\/#\/schema\/logo\/image\/"},"sameAs":["https:\/\/fr-fr.facebook.com\/cadeauxcom\/","https:\/\/www.instagram.com\/cadeaux_com\/"]}]}},"_links":{"self":[{"href":"https:\/\/www.cadeaux.com\/blog\/wp-json\/wp\/v2\/pages\/2635"}],"collection":[{"href":"https:\/\/www.cadeaux.com\/blog\/wp-json\/wp\/v2\/pages"}],"about":[{"href":"https:\/\/www.cadeaux.com\/blog\/wp-json\/wp\/v2\/types\/page"}],"author":[{"embeddable":true,"href":"https:\/\/www.cadeaux.com\/blog\/wp-json\/wp\/v2\/users\/6"}],"replies":[{"embeddable":true,"href":"https:\/\/www.cadeaux.com\/blog\/wp-json\/wp\/v2\/comments?post=2635"}],"version-history":[{"count":14,"href":"https:\/\/www.cadeaux.com\/blog\/wp-json\/wp\/v2\/pages\/2635\/revisions"}],"predecessor-version":[{"id":2768,"href":"https:\/\/www.cadeaux.com\/blog\/wp-json\/wp\/v2\/pages\/2635\/revisions\/2768"}],"wp:featuredmedia":[{"embeddable":true,"href":"https:\/\/www.cadeaux.com\/blog\/wp-json\/wp\/v2\/media\/2644"}],"wp:attachment":[{"href":"https:\/\/www.cadeaux.com\/blog\/wp-json\/wp\/v2\/media?parent=2635"}],"wp:term":[{"taxonomy":"category","embeddable":true,"href":"https:\/\/www.cadeaux.com\/blog\/wp-json\/wp\/v2\/categories?post=2635"},{"taxonomy":"post_tag","embeddable":true,"href":"https:\/\/www.cadeaux.com\/blog\/wp-json\/wp\/v2\/tags?post=2635"}],"curies":[{"name":"wp","href":"https:\/\/api.w.org\/{rel}","templated":true}]}}