{"id":2611,"date":"2020-08-06T12:14:28","date_gmt":"2020-08-06T10:14:28","guid":{"rendered":"https:\/\/www.cadeaux.com\/blog\/?page_id=2611"},"modified":"2022-11-21T16:51:11","modified_gmt":"2022-11-21T15:51:11","slug":"ou-trouver-mon-acte-de-bapteme","status":"publish","type":"page","link":"https:\/\/www.cadeaux.com\/blog\/ou-trouver-mon-acte-de-bapteme\/","title":{"rendered":"O\u00f9 trouver mon acte de bapt\u00eame ?"},"content":{"rendered":"<p><strong>Votre bapt\u00eame est un \u00e9v\u00e9nement dont vous ne vous souvenez probablement pas et dont vous ne connaissez pas avec pr\u00e9cision la date \u00e0 laquelle celui-ci s\u2019est d\u00e9roul\u00e9. Pourtant, au moins une fois dans votre vie, il vous sera demand\u00e9 de donner\u00a0avec pr\u00e9cision la date et le lieu de votre bapt\u00eame. Ce jour arrivera \u00e0 l\u2019occasion de la pr\u00e9paration de votre mariage. Si vous souhaitez vous marier religieusement, il est important de prouver que vous avez re\u00e7u le premier sacrement de votre vie, en apportant\u00a0l\u2019acte de bapt\u00eame sur lequel figure votre pr\u00e9nom de baptis\u00e9. Pour certains, c\u2019est ici que d\u00e9bute un v\u00e9ritable jeu de piste ou casse-t\u00eate.<\/strong><\/p>\n\n\n\n<ul>\n    <li><strong><a href=\"#1\">Pourquoi prouver d\u2019avoir \u00e9t\u00e9 baptis\u00e9 ?<\/a><\/strong><\/li>\n    <li><strong><a href=\"#2\">Retrouver la date et le lieu de naissance du bapt\u00eame<\/a><\/strong><\/li>\n    <li><strong><a href=\"#3\">Se procurer le certificat de bapt\u00eame<\/a><\/strong><\/li>\n<\/ul>\n\n\n<div class=\"wp-block-image\">\n<figure class=\"aligncenter size-large\"><img fetchpriority=\"high\" decoding=\"async\" width=\"768\" height=\"576\" src=\"https:\/\/www.cadeaux.com\/blog\/wp-content\/uploads\/2020\/07\/image_large.jpg\" alt=\"Exemple acte de bapt\u00eame\" class=\"wp-image-2616\" srcset=\"https:\/\/www.cadeaux.com\/blog\/wp-content\/uploads\/2020\/07\/image_large.jpg 768w, https:\/\/www.cadeaux.com\/blog\/wp-content\/uploads\/2020\/07\/image_large-300x225.jpg 300w\" sizes=\"(max-width: 768px) 100vw, 768px\"><figcaption>Voici \u00e0 quoi peut ressembler un acte de bapt\u00eame officiel<\/figcaption><\/figure><\/div>\n\n\n<div id=\"1\"><h2>Pourquoi prouver d\u2019avoir \u00e9t\u00e9 baptis\u00e9 ?<\/h2><\/div>\n\n\n\n<p>Chez les catholiques <a href=\"https:\/\/www.cadeaux.com\/blog\/importance-du-bapteme\/\" target=\"_blank\" rel=\"noreferrer noopener\">l\u2019importance du bapt\u00eame<\/a> est telle, qu\u2019il s\u2019agit d\u2019un des sacrements obligatoires, avec la r\u00e9ception de l\u2019eucharistie lors de la communion\u00a0et la confirmation. Pour beaucoup de chr\u00e9tiens non pratiquants, c\u2019est seulement \u00e0 l\u2019\u00e2ge adulte, lors de la pr\u00e9paration de leur\u00a0mariage, qu\u2019ils comprennent l\u2019importance de cet \u00e9v\u00e9nement organis\u00e9 par leurs parents lorsqu\u2019ils \u00e9taient b\u00e9b\u00e9s.\u00a0<\/p>\n\n\n\n<p>Le sacrement du mariage \u00e0 l\u2019\u00e9glise ne peut se recevoir que si au moins l\u2019un des \u00e9poux est baptis\u00e9.\u00a0Si un seul des mari\u00e9s est baptis\u00e9, le mariage \u00e0 l\u2019\u00e9glise reste possible. N\u00e9anmoins, cela requiert une dispense approuv\u00e9e par le pr\u00eatre au pr\u00e9alable, et bien entendu la communion ne peut \u00eatre donn\u00e9e \u00e0 l\u2019\u00e9poux qui n\u2019a pas re\u00e7u l\u2019eucharistie. C\u2019est pourquoi un certificat est demand\u00e9.<\/p>\n\n\n\n<div id=\"2\"><h2>Retrouver la date et le lieu de naissance du bapt\u00eame<\/h2><\/div>\n\n\n\n<p>Pour vous procurer l\u2019acte\u00a0de bapt\u00eame, il est obligatoire de conna\u00eetre au minimum le lieu du bapt\u00eame et au mieux, \u00e9galement la date. Si ce n\u2019est pas le cas, il va falloir faire des recherches. Le plus simple est de vous adresser \u00e0 vos parents. Sinon, tournez-vous vers votre\u00a0parrain ou marraine. <\/p>\n\n\n\n<p>Si la m\u00e9moire de votre entourage fait d\u00e9faut, il existe des preuves mat\u00e9rielles pour vous aider. Non pas que vous trouverez une vieille facture qui indique <a href=\"https:\/\/www.cadeaux.com\/blog\/combien-donner-a-un-pretre-pour-un-bapteme\/\" target=\"_blank\" rel=\"noreferrer noopener\">combien a \u00e9t\u00e9\u00a0donn\u00e9 au pr\u00eatre pour le bapt\u00eame<\/a>, celui-ci se faisant \u00e0 titre gracieux mais essayez plut\u00f4t de trouver un album photo dat\u00e9. Vous trouverez peut-\u00eatre un faire-part. <\/p>\n\n\n\n<p>Peut-\u00eatre que votre p\u00e8re et votre m\u00e8re\u00a0ont d\u00e9cid\u00e9 d\u2019<a href=\"https:\/\/www.cadeaux.com\/blog\/quoi-ecrire-sur-une-carte-de-bapteme\/\" target=\"_blank\" rel=\"noreferrer noopener\">\u00e9crire une carte de bapt\u00eame<\/a> pour remercier les invit\u00e9s d\u2019y avoir particip\u00e9 ? Ce sont tous des indices qui peuvent vous aider dans vos recherches.<\/p>\n\n\n\n<p><strong>Notez qu\u2019une personne\u00a0qui a fait sa confirmation a \u00e9galement \u00e9t\u00e9 baptis\u00e9. Cela peut donc \u00e9galement servir de preuve.<\/strong><\/p>\n\n\n\n<div id=\"3\"><h2>Se procurer le certificat de bapt\u00eame<\/h2><\/div>\n\n\n\n<p>Une fois que vous connaissez la date et le lieu de votre bapt\u00eame, il suffit d\u2019<strong>envoyer un courrier \u00e0\u00a0la paroisse dans laquelle a eu lieu la c\u00e9r\u00e9monie<\/strong>. Le service des archives vous fournira alors l\u2019acte, qui comprend notamment votre pr\u00e9nom, les pr\u00e9noms de votre\u00a0p\u00e8re, de votre\u00a0m\u00e8re, et de ceux du parrain ou marraine.\u00a0<\/p>\n\n\n\n<p>Dans le cas o\u00f9 vous n\u2019avez pas r\u00e9ussi \u00e0 d\u00e9terminer avec pr\u00e9cision la date du bapt\u00eame, la paroisse pourra effectuer des recherches dans ses registres si vous r\u00e9ussissez \u00e0 lui donner une ann\u00e9e. <strong>Si vous ne connaissez ni la date ni le lieu<\/strong>, il est alors n\u00e9cessaire d\u2019envoyer un courrier \u00e0 l\u2019\u00e9v\u00each\u00e9 ou au dioc\u00e8se. L\u2019\u00e9v\u00each\u00e9 couvrant une zone g\u00e9ographique relativement large, il y a \u00e9galement une forte chance que ce soit celui o\u00f9 vous \u00eates n\u00e9 ou bien o\u00f9 vous habitiez enfant. L\u00e0 aussi, le dioc\u00e8se effectuera des recherches dans ses registres, celui-ci poss\u00e9dant un double de toutes les archives de chacune des paroisses.\u00a0<\/p>\n\n\n\n<figure class=\"wp-block-gallery has-nested-images columns-default is-cropped wp-block-gallery-1 is-layout-flex wp-block-gallery-is-layout-flex\">\n<figure class=\"wp-block-image size-large is-style-rounded\"><img decoding=\"async\" width=\"800\" height=\"640\" data-id=\"2699\" src=\"https:\/\/www.cadeaux.com\/blog\/wp-content\/uploads\/2020\/08\/body-bebe-garcon-je-dechire-2-zoom.jpg\" alt=\"B\u00e9b\u00e9 portant un body personnalis\u00e9 Je suis un neveu chanceux !\" class=\"wp-image-2699\" srcset=\"https:\/\/www.cadeaux.com\/blog\/wp-content\/uploads\/2020\/08\/body-bebe-garcon-je-dechire-2-zoom.jpg 800w, https:\/\/www.cadeaux.com\/blog\/wp-content\/uploads\/2020\/08\/body-bebe-garcon-je-dechire-2-zoom-300x240.jpg 300w, https:\/\/www.cadeaux.com\/blog\/wp-content\/uploads\/2020\/08\/body-bebe-garcon-je-dechire-2-zoom-768x614.jpg 768w\" sizes=\"(max-width: 800px) 100vw, 800px\"><\/figure>\n\n\n\n<figure class=\"wp-block-image size-large is-style-rounded\"><img decoding=\"async\" width=\"800\" height=\"640\" data-id=\"2705\" src=\"https:\/\/www.cadeaux.com\/blog\/wp-content\/uploads\/2020\/08\/tirelire-petit-panda-1-zoom.jpg\" alt=\"Tirelire personnalis\u00e9e Les pi\u00e8ces d'or de Manon \u00e0 offrir pour un bapt\u00eame\" class=\"wp-image-2705\" srcset=\"https:\/\/www.cadeaux.com\/blog\/wp-content\/uploads\/2020\/08\/tirelire-petit-panda-1-zoom.jpg 800w, https:\/\/www.cadeaux.com\/blog\/wp-content\/uploads\/2020\/08\/tirelire-petit-panda-1-zoom-300x240.jpg 300w, https:\/\/www.cadeaux.com\/blog\/wp-content\/uploads\/2020\/08\/tirelire-petit-panda-1-zoom-768x614.jpg 768w\" sizes=\"(max-width: 800px) 100vw, 800px\"><\/figure>\n\n\n\n<figure class=\"wp-block-image size-large is-style-rounded\"><img loading=\"lazy\" decoding=\"async\" width=\"800\" height=\"640\" data-id=\"2706\" src=\"https:\/\/www.cadeaux.com\/blog\/wp-content\/uploads\/2020\/08\/cadre-subli-naissance-garcon-2-zoom.jpg\" alt=\"Cadre photo personnalis\u00e9 avec le pr\u00e9nom du b\u00e9b\u00e9 et une petite phrase. La photo repr\u00e9sente un b\u00e9b\u00e9 endormi qui suce son pouce.\" class=\"wp-image-2706\" srcset=\"https:\/\/www.cadeaux.com\/blog\/wp-content\/uploads\/2020\/08\/cadre-subli-naissance-garcon-2-zoom.jpg 800w, https:\/\/www.cadeaux.com\/blog\/wp-content\/uploads\/2020\/08\/cadre-subli-naissance-garcon-2-zoom-300x240.jpg 300w, https:\/\/www.cadeaux.com\/blog\/wp-content\/uploads\/2020\/08\/cadre-subli-naissance-garcon-2-zoom-768x614.jpg 768w\" sizes=\"(max-width: 800px) 100vw, 800px\"><\/figure>\n<\/figure>\n\n\n\n<div class=\"wp-block-buttons is-layout-flex wp-block-buttons-is-layout-flex\">\n<div class=\"wp-block-button aligncenter\"><a class=\"wp-block-button__link has-background\" href=\"https:\/\/www.cadeaux.com\/cadeau-bapteme?utm_source=blog&amp;utm_medium=organic&amp;utm_campaign=bapteme\" style=\"background-color:#e6274d\" target=\"_blank\" rel=\"noreferrer noopener\">Voir les produits<\/a><\/div>\n<\/div>\n\n\n","protected":false},"excerpt":{"rendered":"<p>Votre bapt\u00eame est un \u00e9v\u00e9nement dont vous ne vous souvenez probablement pas et dont vous ne connaissez pas avec pr\u00e9cision la date \u00e0 laquelle celui-ci s\u2019est d\u00e9roul\u00e9. Pourtant, au moins une fois dans votre vie, il vous sera demand\u00e9 de&#8230;<\/p>\n","protected":false},"author":6,"featured_media":2616,"parent":0,"menu_order":0,"comment_status":"closed","ping_status":"closed","template":"","meta":{"footnotes":""},"categories":[],"tags":[],"acf":[],"yoast_head":"<!-- This site is optimized with the Yoast SEO plugin v21.5 - https:\/\/yoast.com\/wordpress\/plugins\/seo\/ -->\n<title>O\u00f9 trouver mon acte de bapt\u00eame ? - Le Mag de Cadeaux.com<\/title>\n<meta name=\"description\" content=\"Vous aurez besoin de votre acte de bapt\u00eame pour pr\u00e9parer votre mariage. Pour certains, c&#039;est ici que d\u00e9bute un v\u00e9ritable jeu de piste ou casse-t\u00eate.\" \/>\n<meta name=\"robots\" content=\"index, follow, max-snippet:-1, max-image-preview:large, max-video-preview:-1\" \/>\n<link rel=\"canonical\" href=\"https:\/\/www.cadeaux.com\/blog\/ou-trouver-mon-acte-de-bapteme\/\" \/>\n<meta property=\"og:locale\" content=\"fr_FR\" \/>\n<meta property=\"og:type\" content=\"article\" \/>\n<meta property=\"og:title\" content=\"O\u00f9 trouver mon acte de bapt\u00eame ? - Le Mag de Cadeaux.com\" \/>\n<meta property=\"og:description\" content=\"Vous aurez besoin de votre acte de bapt\u00eame pour pr\u00e9parer votre mariage. Pour certains, c&#039;est ici que d\u00e9bute un v\u00e9ritable jeu de piste ou casse-t\u00eate.\" \/>\n<meta property=\"og:url\" content=\"https:\/\/www.cadeaux.com\/blog\/ou-trouver-mon-acte-de-bapteme\/\" \/>\n<meta property=\"og:site_name\" content=\"Le Mag de Cadeaux.com\" \/>\n<meta property=\"article:publisher\" content=\"https:\/\/fr-fr.facebook.com\/cadeauxcom\/\" \/>\n<meta property=\"article:modified_time\" content=\"2022-11-21T15:51:11+00:00\" \/>\n<meta property=\"og:image\" content=\"https:\/\/www.cadeaux.com\/blog\/wp-content\/uploads\/2020\/07\/image_large.jpg\" \/>\n\t<meta property=\"og:image:width\" content=\"768\" \/>\n\t<meta property=\"og:image:height\" content=\"576\" \/>\n\t<meta property=\"og:image:type\" content=\"image\/jpeg\" \/>\n<meta name=\"twitter:card\" content=\"summary_large_image\" \/>\n<meta name=\"twitter:label1\" content=\"Dur\u00e9e de lecture estim\u00e9e\" \/>\n\t<meta name=\"twitter:data1\" content=\"4 minutes\" \/>\n<script type=\"application\/ld+json\" class=\"yoast-schema-graph\">{\"@context\":\"https:\/\/schema.org\",\"@graph\":[{\"@type\":\"WebPage\",\"@id\":\"https:\/\/www.cadeaux.com\/blog\/ou-trouver-mon-acte-de-bapteme\/\",\"url\":\"https:\/\/www.cadeaux.com\/blog\/ou-trouver-mon-acte-de-bapteme\/\",\"name\":\"O\u00f9 trouver mon acte de bapt\u00eame ? - Le Mag de Cadeaux.com\",\"isPartOf\":{\"@id\":\"https:\/\/www.cadeaux.com\/blog\/#website\"},\"datePublished\":\"2020-08-06T10:14:28+00:00\",\"dateModified\":\"2022-11-21T15:51:11+00:00\",\"description\":\"Vous aurez besoin de votre acte de bapt\u00eame pour pr\u00e9parer votre mariage. Pour certains, c'est ici que d\u00e9bute un v\u00e9ritable jeu de piste ou casse-t\u00eate.\",\"breadcrumb\":{\"@id\":\"https:\/\/www.cadeaux.com\/blog\/ou-trouver-mon-acte-de-bapteme\/#breadcrumb\"},\"inLanguage\":\"fr-FR\",\"potentialAction\":[{\"@type\":\"ReadAction\",\"target\":[\"https:\/\/www.cadeaux.com\/blog\/ou-trouver-mon-acte-de-bapteme\/\"]}]},{\"@type\":\"BreadcrumbList\",\"@id\":\"https:\/\/www.cadeaux.com\/blog\/ou-trouver-mon-acte-de-bapteme\/#breadcrumb\",\"itemListElement\":[{\"@type\":\"ListItem\",\"position\":1,\"name\":\"Accueil\",\"item\":\"https:\/\/www.cadeaux.com\/blog\/\"},{\"@type\":\"ListItem\",\"position\":2,\"name\":\"O\u00f9 trouver mon acte de bapt\u00eame ?\"}]},{\"@type\":\"WebSite\",\"@id\":\"https:\/\/www.cadeaux.com\/blog\/#website\",\"url\":\"https:\/\/www.cadeaux.com\/blog\/\",\"name\":\"Le Mag de Cadeaux.com\",\"description\":\"\",\"publisher\":{\"@id\":\"https:\/\/www.cadeaux.com\/blog\/#organization\"},\"potentialAction\":[{\"@type\":\"SearchAction\",\"target\":{\"@type\":\"EntryPoint\",\"urlTemplate\":\"https:\/\/www.cadeaux.com\/blog\/?s={search_term_string}\"},\"query-input\":\"required name=search_term_string\"}],\"inLanguage\":\"fr-FR\"},{\"@type\":\"Organization\",\"@id\":\"https:\/\/www.cadeaux.com\/blog\/#organization\",\"name\":\"Cadeaux.com\",\"url\":\"https:\/\/www.cadeaux.com\/blog\/\",\"logo\":{\"@type\":\"ImageObject\",\"inLanguage\":\"fr-FR\",\"@id\":\"https:\/\/www.cadeaux.com\/blog\/#\/schema\/logo\/image\/\",\"url\":\"https:\/\/www.cadeaux.com\/blog\/wp-content\/uploads\/2019\/07\/logo-cadeaux.png\",\"contentUrl\":\"https:\/\/www.cadeaux.com\/blog\/wp-content\/uploads\/2019\/07\/logo-cadeaux.png\",\"width\":587,\"height\":120,\"caption\":\"Cadeaux.com\"},\"image\":{\"@id\":\"https:\/\/www.cadeaux.com\/blog\/#\/schema\/logo\/image\/\"},\"sameAs\":[\"https:\/\/fr-fr.facebook.com\/cadeauxcom\/\",\"https:\/\/www.instagram.com\/cadeaux_com\/\"]}]}<\/script>\n<!-- \/ Yoast SEO plugin. -->","yoast_head_json":{"title":"O\u00f9 trouver mon acte de bapt\u00eame ? - Le Mag de Cadeaux.com","description":"Vous aurez besoin de votre acte de bapt\u00eame pour pr\u00e9parer votre mariage. Pour certains, c'est ici que d\u00e9bute un v\u00e9ritable jeu de piste ou casse-t\u00eate.","robots":{"index":"index","follow":"follow","max-snippet":"max-snippet:-1","max-image-preview":"max-image-preview:large","max-video-preview":"max-video-preview:-1"},"canonical":"https:\/\/www.cadeaux.com\/blog\/ou-trouver-mon-acte-de-bapteme\/","og_locale":"fr_FR","og_type":"article","og_title":"O\u00f9 trouver mon acte de bapt\u00eame ? - Le Mag de Cadeaux.com","og_description":"Vous aurez besoin de votre acte de bapt\u00eame pour pr\u00e9parer votre mariage. Pour certains, c'est ici que d\u00e9bute un v\u00e9ritable jeu de piste ou casse-t\u00eate.","og_url":"https:\/\/www.cadeaux.com\/blog\/ou-trouver-mon-acte-de-bapteme\/","og_site_name":"Le Mag de Cadeaux.com","article_publisher":"https:\/\/fr-fr.facebook.com\/cadeauxcom\/","article_modified_time":"2022-11-21T15:51:11+00:00","og_image":[{"width":768,"height":576,"url":"https:\/\/www.cadeaux.com\/blog\/wp-content\/uploads\/2020\/07\/image_large.jpg","type":"image\/jpeg"}],"twitter_card":"summary_large_image","twitter_misc":{"Dur\u00e9e de lecture estim\u00e9e":"4 minutes"},"schema":{"@context":"https:\/\/schema.org","@graph":[{"@type":"WebPage","@id":"https:\/\/www.cadeaux.com\/blog\/ou-trouver-mon-acte-de-bapteme\/","url":"https:\/\/www.cadeaux.com\/blog\/ou-trouver-mon-acte-de-bapteme\/","name":"O\u00f9 trouver mon acte de bapt\u00eame ? - Le Mag de Cadeaux.com","isPartOf":{"@id":"https:\/\/www.cadeaux.com\/blog\/#website"},"datePublished":"2020-08-06T10:14:28+00:00","dateModified":"2022-11-21T15:51:11+00:00","description":"Vous aurez besoin de votre acte de bapt\u00eame pour pr\u00e9parer votre mariage. Pour certains, c'est ici que d\u00e9bute un v\u00e9ritable jeu de piste ou casse-t\u00eate.","breadcrumb":{"@id":"https:\/\/www.cadeaux.com\/blog\/ou-trouver-mon-acte-de-bapteme\/#breadcrumb"},"inLanguage":"fr-FR","potentialAction":[{"@type":"ReadAction","target":["https:\/\/www.cadeaux.com\/blog\/ou-trouver-mon-acte-de-bapteme\/"]}]},{"@type":"BreadcrumbList","@id":"https:\/\/www.cadeaux.com\/blog\/ou-trouver-mon-acte-de-bapteme\/#breadcrumb","itemListElement":[{"@type":"ListItem","position":1,"name":"Accueil","item":"https:\/\/www.cadeaux.com\/blog\/"},{"@type":"ListItem","position":2,"name":"O\u00f9 trouver mon acte de bapt\u00eame ?"}]},{"@type":"WebSite","@id":"https:\/\/www.cadeaux.com\/blog\/#website","url":"https:\/\/www.cadeaux.com\/blog\/","name":"Le Mag de Cadeaux.com","description":"","publisher":{"@id":"https:\/\/www.cadeaux.com\/blog\/#organization"},"potentialAction":[{"@type":"SearchAction","target":{"@type":"EntryPoint","urlTemplate":"https:\/\/www.cadeaux.com\/blog\/?s={search_term_string}"},"query-input":"required name=search_term_string"}],"inLanguage":"fr-FR"},{"@type":"Organization","@id":"https:\/\/www.cadeaux.com\/blog\/#organization","name":"Cadeaux.com","url":"https:\/\/www.cadeaux.com\/blog\/","logo":{"@type":"ImageObject","inLanguage":"fr-FR","@id":"https:\/\/www.cadeaux.com\/blog\/#\/schema\/logo\/image\/","url":"https:\/\/www.cadeaux.com\/blog\/wp-content\/uploads\/2019\/07\/logo-cadeaux.png","contentUrl":"https:\/\/www.cadeaux.com\/blog\/wp-content\/uploads\/2019\/07\/logo-cadeaux.png","width":587,"height":120,"caption":"Cadeaux.com"},"image":{"@id":"https:\/\/www.cadeaux.com\/blog\/#\/schema\/logo\/image\/"},"sameAs":["https:\/\/fr-fr.facebook.com\/cadeauxcom\/","https:\/\/www.instagram.com\/cadeaux_com\/"]}]}},"_links":{"self":[{"href":"https:\/\/www.cadeaux.com\/blog\/wp-json\/wp\/v2\/pages\/2611"}],"collection":[{"href":"https:\/\/www.cadeaux.com\/blog\/wp-json\/wp\/v2\/pages"}],"about":[{"href":"https:\/\/www.cadeaux.com\/blog\/wp-json\/wp\/v2\/types\/page"}],"author":[{"embeddable":true,"href":"https:\/\/www.cadeaux.com\/blog\/wp-json\/wp\/v2\/users\/6"}],"replies":[{"embeddable":true,"href":"https:\/\/www.cadeaux.com\/blog\/wp-json\/wp\/v2\/comments?post=2611"}],"version-history":[{"count":9,"href":"https:\/\/www.cadeaux.com\/blog\/wp-json\/wp\/v2\/pages\/2611\/revisions"}],"predecessor-version":[{"id":6328,"href":"https:\/\/www.cadeaux.com\/blog\/wp-json\/wp\/v2\/pages\/2611\/revisions\/6328"}],"wp:featuredmedia":[{"embeddable":true,"href":"https:\/\/www.cadeaux.com\/blog\/wp-json\/wp\/v2\/media\/2616"}],"wp:attachment":[{"href":"https:\/\/www.cadeaux.com\/blog\/wp-json\/wp\/v2\/media?parent=2611"}],"wp:term":[{"taxonomy":"category","embeddable":true,"href":"https:\/\/www.cadeaux.com\/blog\/wp-json\/wp\/v2\/categories?post=2611"},{"taxonomy":"post_tag","embeddable":true,"href":"https:\/\/www.cadeaux.com\/blog\/wp-json\/wp\/v2\/tags?post=2611"}],"curies":[{"name":"wp","href":"https:\/\/api.w.org\/{rel}","templated":true}]}}