{"id":2601,"date":"2020-08-06T12:13:55","date_gmt":"2020-08-06T10:13:55","guid":{"rendered":"https:\/\/www.cadeaux.com\/blog\/?page_id=2601"},"modified":"2022-11-18T16:38:23","modified_gmt":"2022-11-18T15:38:23","slug":"la-priere-de-lassemblee-pour-un-bapteme","status":"publish","type":"page","link":"https:\/\/www.cadeaux.com\/blog\/la-priere-de-lassemblee-pour-un-bapteme\/","title":{"rendered":"La pri\u00e8re de l&rsquo;assembl\u00e9e pour un bapt\u00eame"},"content":{"rendered":"<p><strong>Lors d\u2019un bapt\u00eame, outre les sacrements pratiqu\u00e9s par le pr\u00eatre, la famille, les proches, l\u2019assembl\u00e9e et tous les chr\u00e9tiens r\u00e9unis ont un r\u00f4le \u00e0 jouer lors de la c\u00e9r\u00e9monie. Ils accueillent, le jour du bapt\u00eame, un nouveau chr\u00e9tien\u00a0dans leur\u00a0communaut\u00e9. C\u2019est pourquoi, la pri\u00e8re universelle rythme la messe de bapt\u00eame. La pri\u00e8re universelle, \u00e9galement appel\u00e9e pri\u00e8re de l\u2019assembl\u00e9e, est lue par un ou plusieurs intervenants et est personnalis\u00e9e en fonction du baptis\u00e9, bien qu\u2019une trame puisse \u00eatre utilis\u00e9e. Il est \u00e9galement courant d\u2019entendre une cons\u00e9cration \u00e0 la Vierge, qui consiste \u00e0 demander \u00e0 la m\u00e8re de Dieu d\u2019accueillir le baptis\u00e9 dans la paix,\u00a0l\u2019amour et de\u00a0le prot\u00e9ger.<\/strong><\/p>\n\n\n\n<ul>\n    <li><strong><a href=\"#1\">Comment \u00e9crire une pri\u00e8re pour l\u2019assembl\u00e9e ?<\/a><\/strong><\/li>\n    <li><strong><a href=\"#2\">Exemples d\u2019intentions de pri\u00e8re<\/a><\/strong><\/li>\n    <li><strong><a href=\"#3\">Les autres pri\u00e8res lors d\u2019un bapt\u00eame<\/a><\/strong><\/li>\n<\/ul>\n\n\n\n<div id=\"1\"><h2>Comment \u00e9crire une pri\u00e8re pour l\u2019assembl\u00e9e ?<\/h2><\/div>\n\n\n\n<p>La pri\u00e8re universelle est un moment tr\u00e8s important du bapt\u00eame, dont on peut confier la lecture aux\u00a0parrain et marraine, aux parents, aux proches ou m\u00eame \u00e0 un membre du clerg\u00e9. D\u00e9coup\u00e9e en plusieurs parties, la pri\u00e8re peut se lire en une fois ou \u00e0 plusieurs moments, lors du bapt\u00eame. Sa construction est con\u00e7ue en entonnoir. Les premi\u00e8res lignes de la pri\u00e8re s\u2019adressent au nouveau baptis\u00e9, demandant \u00e0 celui assis \u00e0 la droite du P\u00e8re de\u00a0lui accorder l\u2019amour du P\u00e8re Tout Puissant. Les lignes suivantes s\u2019adressent \u00e0 la famille du baptis\u00e9 et enfin, les derniers paragraphes s\u2019adressent \u00e0 toute la communaut\u00e9 chr\u00e9tienne pr\u00e9sente ce jour-l\u00e0\u00a0et m\u00eame \u00e0 tous les enfants de Dieu.<\/p>\n\n\n\n<p>Entre les diff\u00e9rentes intentions, un refrain est r\u00e9p\u00e9t\u00e9 \u00e0 plusieurs reprises. Celui-ci confirme l\u2019entr\u00e9e du baptis\u00e9 dans la maison du Seigneur.\u00a0<\/p>\n\n\n\n<p>Bien qu\u2019il existe une trame et que des versions relativement proches des diff\u00e9rentes intentions circulent, rien n\u2019oblige de les suivre \u00e0 la lettre. Au contraire, il est pr\u00e9f\u00e9rable que les intentions soient personnelles et qu\u2019elles refl\u00e8tent la foi et l\u2019interpr\u00e9tation personnelle de la profession de\u00a0foi de\u00a0l\u2019intervenant. Dans tous les cas, il est n\u00e9cessaire de personnaliser les textes en modifiant le nom du baptis\u00e9 ou des baptis\u00e9s, s\u2019il s\u2019agit d\u2019un bapt\u00eame de groupe.\u00a0<\/p>\n\n\n<div class=\"wp-block-image\">\n<figure class=\"aligncenter size-large\"><img fetchpriority=\"high\" decoding=\"async\" width=\"1024\" height=\"683\" src=\"https:\/\/www.cadeaux.com\/blog\/wp-content\/uploads\/2020\/07\/AdobeStock_229895348-1-1024x683.jpeg\" alt=\"La pri\u00e8re de l'assembl\u00e9e ou pri\u00e8re universelle\" class=\"wp-image-2609\" srcset=\"https:\/\/www.cadeaux.com\/blog\/wp-content\/uploads\/2020\/07\/AdobeStock_229895348-1-1024x683.jpeg 1024w, https:\/\/www.cadeaux.com\/blog\/wp-content\/uploads\/2020\/07\/AdobeStock_229895348-1-300x200.jpeg 300w, https:\/\/www.cadeaux.com\/blog\/wp-content\/uploads\/2020\/07\/AdobeStock_229895348-1-768x512.jpeg 768w, https:\/\/www.cadeaux.com\/blog\/wp-content\/uploads\/2020\/07\/AdobeStock_229895348-1.jpeg 1500w\" sizes=\"(max-width: 1024px) 100vw, 1024px\"><\/figure><\/div>\n\n\n<div id=\"2\"><h2>Exemples d\u2019intentions de pri\u00e8re<\/h2><\/div>\n\n\n\n<h3 class=\"wp-block-heading\"><strong>Intentions de pri\u00e8re pour le baptis\u00e9<\/strong><\/h3>\n\n\n\n<blockquote class=\"wp-block-quote\"><p><em>\u00ab Pour ces enfants N\u2026 et N\u2026 ; afin qu\u2019ils deviennent par le bapt\u00eame des fils adoptifs de Dieu et qu\u2019ils renaissent de l\u2019Esprit, prions le Seigneur \u00bb<\/em>,\u00a0<\/p><\/blockquote>\n\n\n\n<blockquote class=\"wp-block-quote\"><p><em>\u00ab Pour N\u2026, marqu\u00e9 aujourd\u2019hui du signe de la croix ; qu\u2019il d\u00e9couvre le bonheur d\u2019\u00eatre aim\u00e9 de Dieu, que sa foi le guide et le soutienne tout au long de sa vie. Prions le Seigneur \u00bb<\/em>,\u00a0<\/p><\/blockquote>\n\n\n\n<blockquote class=\"wp-block-quote\"><p><em>\u00ab Seigneur, aujourd\u2019hui tu accueilles N.. dans ta maison. Que ce jour soit pour lui le commencement d\u2019une vie nouvelle dans l\u2019amour du Christ. Seigneur, nous te prions \u00bb<\/em><\/p><\/blockquote>\n\n\n\n<figure class=\"wp-block-gallery aligncenter has-nested-images columns-default is-cropped wp-block-gallery-1 is-layout-flex wp-block-gallery-is-layout-flex\">\n<figure class=\"wp-block-image size-large\"><img decoding=\"async\" width=\"800\" height=\"640\" data-id=\"2686\" src=\"https:\/\/www.cadeaux.com\/blog\/wp-content\/uploads\/2020\/08\/collier-croix-bapteme-3-zoom.jpg\" alt=\"Colliers avec pendentifs en forme de croix, disponibles en or et argent. Les pendentifs sont personnalis\u00e9s avec un pr\u00e9nom\" class=\"wp-image-2686\" srcset=\"https:\/\/www.cadeaux.com\/blog\/wp-content\/uploads\/2020\/08\/collier-croix-bapteme-3-zoom.jpg 800w, https:\/\/www.cadeaux.com\/blog\/wp-content\/uploads\/2020\/08\/collier-croix-bapteme-3-zoom-300x240.jpg 300w, https:\/\/www.cadeaux.com\/blog\/wp-content\/uploads\/2020\/08\/collier-croix-bapteme-3-zoom-768x614.jpg 768w\" sizes=\"(max-width: 800px) 100vw, 800px\"><\/figure>\n\n\n\n<figure class=\"wp-block-image size-large\"><img decoding=\"async\" width=\"800\" height=\"640\" data-id=\"2698\" src=\"https:\/\/www.cadeaux.com\/blog\/wp-content\/uploads\/2020\/08\/tableau-photo-4-zoom.jpg\" alt=\"Coffret tablette de chocolat personnalis\u00e9e avec la photo d'un jeune baptis\u00e9 pour son bapt\u00eame\" class=\"wp-image-2698\" srcset=\"https:\/\/www.cadeaux.com\/blog\/wp-content\/uploads\/2020\/08\/tableau-photo-4-zoom.jpg 800w, https:\/\/www.cadeaux.com\/blog\/wp-content\/uploads\/2020\/08\/tableau-photo-4-zoom-300x240.jpg 300w, https:\/\/www.cadeaux.com\/blog\/wp-content\/uploads\/2020\/08\/tableau-photo-4-zoom-768x614.jpg 768w\" sizes=\"(max-width: 800px) 100vw, 800px\"><\/figure>\n<\/figure>\n\n\n\n<p><\/p>\n\n\n\n<div class=\"wp-block-buttons is-layout-flex wp-block-buttons-is-layout-flex\">\n<div class=\"wp-block-button aligncenter\"><a class=\"wp-block-button__link has-background\" href=\"https:\/\/www.cadeaux.com\/cadeau-bapteme?utm_source=blog&amp;utm_medium=organic&amp;utm_campaign=bapteme\" style=\"background-color:#e6274d\" target=\"_blank\" rel=\"noreferrer noopener\">Voir les produits<\/a><\/div>\n<\/div>\n\n\n\n<h3 class=\"wp-block-heading\"><strong>Intentions de pri\u00e8re pour l\u2019entourage du baptis\u00e9<\/strong><\/h3>\n\n\n\n<blockquote class=\"wp-block-quote\"><p><em>\u00ab N.. et N\u2026 devront grandir comme membres vivants de l\u2019Eglise ; pour qu\u2019ils soient soutenus par la parole et par l\u2019exemple de leurs parents, de leurs parrains et marraines, prions le Seigneur \u00bb<\/em><\/p><\/blockquote>\n\n\n\n<blockquote class=\"wp-block-quote\"><p><em>\u00ab Que nos foyers soient pour ces enfants des lieux de joie, d\u2019\u00e9coute, de paix, de pardon et de respect mutuel o\u00f9 ils grandiront dans l\u2019amour du Christ et la connaissance du P\u00e8re Tout Puissant ; Seigneur, nous te prions \u00bb<\/em><\/p><\/blockquote>\n\n\n\n<blockquote class=\"wp-block-quote\"><p><em>\u00ab Pour ceux qui vont l\u2019aider \u00e0 grandir : ses parents, sa famille, son parrain et sa marraine. Que le Seigneur leur donne la force et la lumi\u00e8re pour l\u2019accompagner et lui ouvrir les yeux \u00e0 ce qui est beau, l\u2019esprit \u00e0 ce qui est vrai, le c\u0153ur \u00e0 ce qui est bien. Prions le Seigneur. \u00bb<\/em><\/p><\/blockquote>\n\n\n\n<blockquote class=\"wp-block-quote\"><p><em>\u00ab Pour que nous sachions accompagner N\u2026 afin qu\u2019il s\u2019\u00e9panouisse en tant que chr\u00e9tien et porte sa lumi\u00e8re dans le monde ; pour que tu mettes sur sa route des t\u00e9moins de ton amour ; Seigneur, nous te prions \u00bb<\/em><\/p><\/blockquote>\n\n\n\n<h3 class=\"wp-block-heading\"><strong>Intentions de pri\u00e8re pour la communaut\u00e9 chr\u00e9tienne<\/strong><\/h3>\n\n\n\n<blockquote class=\"wp-block-quote\"><p><em>\u00ab Afin que les chr\u00e9tiens expriment par leur mani\u00e8re de vivre leur attachement \u00e0 la croix de J\u00e9sus\u00a0dont ils ont \u00e9t\u00e9 marqu\u00e9s le jour de leur bapt\u00eame, prions le Seigneur \u00bb<\/em><\/p><\/blockquote>\n\n\n\n<blockquote class=\"wp-block-quote\"><p><em>\u00ab Pour que tous les chr\u00e9tiens se souviennent de leur bapt\u00eame et aient \u00e0 c\u0153ur d\u2019ajuster leurs actes et leurs paroles pour \u00eatre des vrais ouvriers de ton Royaume, Seigneur nous te prions \u00bb\u00a0<\/em><\/p><\/blockquote>\n\n\n\n<blockquote class=\"wp-block-quote\"><p><em>\u00ab Pour la communaut\u00e9 paroissiale qui accueille aujourd\u2019hui N.., que ton amour, Seigneur, la prot\u00e8ge, la renforce et la fasse rayonner ; Seigneur, nous te prions \u00bb<\/em><\/p><\/blockquote>\n\n\n\n<blockquote class=\"wp-block-quote\"><p><em>\u00ab \u00a0Pour que ton Eglise, Seigneur, comme J\u00e9sus, ait le c\u0153ur ouvert \u00e0 tous les hommes et ait l\u2019audace de relever les d\u00e9fis actuels en t\u00e9moignant toujours de l\u2019Evangile, nous t\u2019en prions \u00bb<\/em><\/p><\/blockquote>\n\n\n\n<blockquote class=\"wp-block-quote\"><p><em>\u00ab Pour les hommes d\u2019aujourd\u2019hui, ceux qui croient et ceux qui doutent, ceux qui aiment et ceux qui ha\u00efssent, que ta lumi\u00e8re, Seigneur, les atteigne et leur donne de d\u00e9couvrir ton amour ; nous t\u2019en prions Seigneur \u00bb<\/em><\/p><\/blockquote>\n\n\n\n<h3 class=\"wp-block-heading\"><strong>Le refrain \u00e0 r\u00e9p\u00e9ter entre chaque intention<\/strong><\/h3>\n\n\n\n<blockquote class=\"wp-block-quote\"><p><em>\u00a0\u00ab \u00d4, \u00f4 Seigneur en ce jour, \u00c9coute nos pri\u00e8res. \u00bb<\/em><br><em>\u00ab Entends Seigneur la pri\u00e8re qui monte de nos c\u0153urs. \u00bb<\/em><br><em>\u00ab Entends nos pri\u00e8res, entends nos voix, entends nos pri\u00e8res monter vers toi. \u00bb<\/em><br><em>\u00ab \u00a0Sur les chemins de la vie, sois ma lumi\u00e8re, Seigneur \u00bb<\/em><\/p><\/blockquote>\n\n\n\n<div id=\"3\"><h2>Les autres pri\u00e8res lors d\u2019un bapt\u00eame<\/h2><\/div>\n\n\n\n<p>Outre la pri\u00e8re de l\u2019assembl\u00e9e, il\u00a0est \u00e9galement fr\u00e9quent d\u2019entendre <strong>une pri\u00e8re consacr\u00e9e \u00e0 la Vierge<\/strong>. \u00c0 travers cette pri\u00e8re, parrain et marraine, parents et proches confient le baptis\u00e9 \u00e0 la m\u00e8re de Dieu, lui demandant de le prendre sous sa protection. Un passage sp\u00e9cifique de l\u2019\u00c9vangile de J\u00e9sus sera lu lors du bapt\u00eame et d\u2019autres lectures peuvent provenir de la Bible ou de pri\u00e8res d\u00e9di\u00e9es \u00e0 l\u2019un et l\u2019autre\u00a0saints ou saintes de Dieu. Il arrive de placer le nouveau baptis\u00e9\u00a0sous la protection des saints ou saintes de Dieu qui portent les m\u00eames pr\u00e9noms que lui.\u00a0<\/p>\n\n\n\n<p>La pri\u00e8re de\u00a0l\u2019assembl\u00e9e est une pri\u00e8re universelle chr\u00e9tienne, lue lors d\u2019un bapt\u00eame catholique, qui est la majorit\u00e9 du temps prononc\u00e9e par les parrains et marraines lors de l\u2019entr\u00e9e d\u2019un enfant, voire d\u2019un b\u00e9b\u00e9, dans la maison du Seigneur. On parle alors de p\u00e9dobapt\u00eame. D\u2019autres courants chr\u00e9tiens re\u00e7oivent la lumi\u00e8re du Christ \u00e0 d\u2019autres moments de leur vie. Bien que nous sommes tous les enfants de Dieu, nous pouvons tr\u00e8s bien \u00eatre des adultes dans la vie civile au moment du bapt\u00eame. Ainsi, pour les \u00e9vang\u00e9liques, certains courants protestants et charismatiques, <a href=\"https:\/\/www.cadeaux.com\/blog\/importance-du-bapteme\/\">l\u2019importance du bapt\u00eame<\/a> est toute autre. Dans ces courants, il sera notamment question de <a href=\"https:\/\/www.cadeaux.com\/blog\/comment-recevoir-le-bapteme-de-feu\/\">recevoir le bapt\u00eame du feu<\/a>, qui consiste \u00e0 <a href=\"https:\/\/www.cadeaux.com\/blog\/la-priere-pour-recevoir-le-bapteme-du-saint-esprit\/\">recevoir le bapt\u00eame du Saint-Esprit<\/a>, les deux notions \u00e9tant li\u00e9es. Le bapt\u00eame du feu est consid\u00e9r\u00e9 comme un renouvellement de la foi.<\/p>\n\n\n\n<p>Celui-ci est annonc\u00e9 dans les \u00c9vangiles de Matthieu, Marc et Luc. Jean Le Baptiste pratiquait le bapt\u00eame par immersion dans le Jourdain, c\u2019est cet acte qui est reproduit et symbolis\u00e9 par les catholiques. C\u2019est lors de l\u2019immersion que le chr\u00e9tien a rev\u00eatu le Christ. Lorsqu\u2019on parle d\u2019avoir rev\u00eatu le Christ, comme l\u2019indique cette expression biblique, on fait r\u00e9f\u00e9rence au changement spirituel qui se produit au moment de la conversion.\u00a0Mais pour les pentec\u00f4tistes, le bapt\u00eame va plus loin, avec le bapt\u00eame du Saint-Esprit. En effet, dans l\u2019\u00c9vangile de J\u00e9sus selon les trois textes synoptiques, Jean Le Baptiste annonce ensuite : <\/p>\n\n\n\n<blockquote class=\"wp-block-quote\"><p><em>\u00ab Celui qui vient apr\u00e8s moi est plus puissant que moi, et je ne suis pas digne de porter ses souliers. Lui, il vous baptisera du Saint-Esprit et de feu \u00bb <\/em><\/p><cite>Jean Le Baptiste, \u00c9vangile de J\u00e9sus<\/cite><\/blockquote>\n\n\n\n<p>Ce passage indique clairement que le bapt\u00eame du feu est un renouvellement de sa profession de foi, r\u00e9alis\u00e9 en pleine conscience et connaissance des \u00c9vangiles, de la lumi\u00e8re du Christ et de toutes les valeurs pr\u00f4n\u00e9es par celui qui est assis \u00e0 la droite du P\u00e8re. Le bapt\u00eame du feu aurait donc lieu lors de la Pentec\u00f4te, lorsque les ap\u00f4tres re\u00e7oivent l\u2019effusion du Saint-Esprit.<\/p>\n\n\n","protected":false},"excerpt":{"rendered":"<p>Lors d\u2019un bapt\u00eame, outre les sacrements pratiqu\u00e9s par le pr\u00eatre, la famille, les proches, l\u2019assembl\u00e9e et tous les chr\u00e9tiens r\u00e9unis ont un r\u00f4le \u00e0 jouer lors de la c\u00e9r\u00e9monie. Ils accueillent, le jour du bapt\u00eame, un nouveau chr\u00e9tien\u00a0dans leur\u00a0communaut\u00e9. C\u2019est&#8230;<\/p>\n","protected":false},"author":6,"featured_media":2609,"parent":0,"menu_order":0,"comment_status":"closed","ping_status":"closed","template":"","meta":{"footnotes":""},"categories":[],"tags":[],"acf":[],"yoast_head":"<!-- This site is optimized with the Yoast SEO plugin v21.5 - https:\/\/yoast.com\/wordpress\/plugins\/seo\/ -->\n<title>Mod\u00e8les pour la pri\u00e8re de l&#039;assembl\u00e9e - Le Mag de Cadeaux.com<\/title>\n<meta name=\"description\" content=\"La pri\u00e8re de l&#039;assembl\u00e9e rythme la messe de bapt\u00eame. Pr\u00e9parez le bapt\u00eame en s\u00e9lectionnant une pri\u00e8re parmi nos diff\u00e9rents mod\u00e8les et exemples.\" \/>\n<meta name=\"robots\" content=\"index, follow, max-snippet:-1, max-image-preview:large, max-video-preview:-1\" \/>\n<link rel=\"canonical\" href=\"https:\/\/www.cadeaux.com\/blog\/la-priere-de-lassemblee-pour-un-bapteme\/\" \/>\n<meta property=\"og:locale\" content=\"fr_FR\" \/>\n<meta property=\"og:type\" content=\"article\" \/>\n<meta property=\"og:title\" content=\"Mod\u00e8les pour la pri\u00e8re de l&#039;assembl\u00e9e - Le Mag de Cadeaux.com\" \/>\n<meta property=\"og:description\" content=\"La pri\u00e8re de l&#039;assembl\u00e9e rythme la messe de bapt\u00eame. Pr\u00e9parez le bapt\u00eame en s\u00e9lectionnant une pri\u00e8re parmi nos diff\u00e9rents mod\u00e8les et exemples.\" \/>\n<meta property=\"og:url\" content=\"https:\/\/www.cadeaux.com\/blog\/la-priere-de-lassemblee-pour-un-bapteme\/\" \/>\n<meta property=\"og:site_name\" content=\"Le Mag de Cadeaux.com\" \/>\n<meta property=\"article:publisher\" content=\"https:\/\/fr-fr.facebook.com\/cadeauxcom\/\" \/>\n<meta property=\"article:modified_time\" content=\"2022-11-18T15:38:23+00:00\" \/>\n<meta property=\"og:image\" content=\"https:\/\/www.cadeaux.com\/blog\/wp-content\/uploads\/2020\/07\/AdobeStock_229895348-1.jpeg\" \/>\n\t<meta property=\"og:image:width\" content=\"1500\" \/>\n\t<meta property=\"og:image:height\" content=\"1000\" \/>\n\t<meta property=\"og:image:type\" content=\"image\/jpeg\" \/>\n<meta name=\"twitter:card\" content=\"summary_large_image\" \/>\n<meta name=\"twitter:label1\" content=\"Dur\u00e9e de lecture estim\u00e9e\" \/>\n\t<meta name=\"twitter:data1\" content=\"7 minutes\" \/>\n<script type=\"application\/ld+json\" class=\"yoast-schema-graph\">{\"@context\":\"https:\/\/schema.org\",\"@graph\":[{\"@type\":\"WebPage\",\"@id\":\"https:\/\/www.cadeaux.com\/blog\/la-priere-de-lassemblee-pour-un-bapteme\/\",\"url\":\"https:\/\/www.cadeaux.com\/blog\/la-priere-de-lassemblee-pour-un-bapteme\/\",\"name\":\"Mod\u00e8les pour la pri\u00e8re de l'assembl\u00e9e - Le Mag de Cadeaux.com\",\"isPartOf\":{\"@id\":\"https:\/\/www.cadeaux.com\/blog\/#website\"},\"datePublished\":\"2020-08-06T10:13:55+00:00\",\"dateModified\":\"2022-11-18T15:38:23+00:00\",\"description\":\"La pri\u00e8re de l'assembl\u00e9e rythme la messe de bapt\u00eame. Pr\u00e9parez le bapt\u00eame en s\u00e9lectionnant une pri\u00e8re parmi nos diff\u00e9rents mod\u00e8les et exemples.\",\"breadcrumb\":{\"@id\":\"https:\/\/www.cadeaux.com\/blog\/la-priere-de-lassemblee-pour-un-bapteme\/#breadcrumb\"},\"inLanguage\":\"fr-FR\",\"potentialAction\":[{\"@type\":\"ReadAction\",\"target\":[\"https:\/\/www.cadeaux.com\/blog\/la-priere-de-lassemblee-pour-un-bapteme\/\"]}]},{\"@type\":\"BreadcrumbList\",\"@id\":\"https:\/\/www.cadeaux.com\/blog\/la-priere-de-lassemblee-pour-un-bapteme\/#breadcrumb\",\"itemListElement\":[{\"@type\":\"ListItem\",\"position\":1,\"name\":\"Accueil\",\"item\":\"https:\/\/www.cadeaux.com\/blog\/\"},{\"@type\":\"ListItem\",\"position\":2,\"name\":\"La pri\u00e8re de l&rsquo;assembl\u00e9e pour un bapt\u00eame\"}]},{\"@type\":\"WebSite\",\"@id\":\"https:\/\/www.cadeaux.com\/blog\/#website\",\"url\":\"https:\/\/www.cadeaux.com\/blog\/\",\"name\":\"Le Mag de Cadeaux.com\",\"description\":\"\",\"publisher\":{\"@id\":\"https:\/\/www.cadeaux.com\/blog\/#organization\"},\"potentialAction\":[{\"@type\":\"SearchAction\",\"target\":{\"@type\":\"EntryPoint\",\"urlTemplate\":\"https:\/\/www.cadeaux.com\/blog\/?s={search_term_string}\"},\"query-input\":\"required name=search_term_string\"}],\"inLanguage\":\"fr-FR\"},{\"@type\":\"Organization\",\"@id\":\"https:\/\/www.cadeaux.com\/blog\/#organization\",\"name\":\"Cadeaux.com\",\"url\":\"https:\/\/www.cadeaux.com\/blog\/\",\"logo\":{\"@type\":\"ImageObject\",\"inLanguage\":\"fr-FR\",\"@id\":\"https:\/\/www.cadeaux.com\/blog\/#\/schema\/logo\/image\/\",\"url\":\"https:\/\/www.cadeaux.com\/blog\/wp-content\/uploads\/2019\/07\/logo-cadeaux.png\",\"contentUrl\":\"https:\/\/www.cadeaux.com\/blog\/wp-content\/uploads\/2019\/07\/logo-cadeaux.png\",\"width\":587,\"height\":120,\"caption\":\"Cadeaux.com\"},\"image\":{\"@id\":\"https:\/\/www.cadeaux.com\/blog\/#\/schema\/logo\/image\/\"},\"sameAs\":[\"https:\/\/fr-fr.facebook.com\/cadeauxcom\/\",\"https:\/\/www.instagram.com\/cadeaux_com\/\"]}]}<\/script>\n<!-- \/ Yoast SEO plugin. -->","yoast_head_json":{"title":"Mod\u00e8les pour la pri\u00e8re de l'assembl\u00e9e - Le Mag de Cadeaux.com","description":"La pri\u00e8re de l'assembl\u00e9e rythme la messe de bapt\u00eame. Pr\u00e9parez le bapt\u00eame en s\u00e9lectionnant une pri\u00e8re parmi nos diff\u00e9rents mod\u00e8les et exemples.","robots":{"index":"index","follow":"follow","max-snippet":"max-snippet:-1","max-image-preview":"max-image-preview:large","max-video-preview":"max-video-preview:-1"},"canonical":"https:\/\/www.cadeaux.com\/blog\/la-priere-de-lassemblee-pour-un-bapteme\/","og_locale":"fr_FR","og_type":"article","og_title":"Mod\u00e8les pour la pri\u00e8re de l'assembl\u00e9e - Le Mag de Cadeaux.com","og_description":"La pri\u00e8re de l'assembl\u00e9e rythme la messe de bapt\u00eame. Pr\u00e9parez le bapt\u00eame en s\u00e9lectionnant une pri\u00e8re parmi nos diff\u00e9rents mod\u00e8les et exemples.","og_url":"https:\/\/www.cadeaux.com\/blog\/la-priere-de-lassemblee-pour-un-bapteme\/","og_site_name":"Le Mag de Cadeaux.com","article_publisher":"https:\/\/fr-fr.facebook.com\/cadeauxcom\/","article_modified_time":"2022-11-18T15:38:23+00:00","og_image":[{"width":1500,"height":1000,"url":"https:\/\/www.cadeaux.com\/blog\/wp-content\/uploads\/2020\/07\/AdobeStock_229895348-1.jpeg","type":"image\/jpeg"}],"twitter_card":"summary_large_image","twitter_misc":{"Dur\u00e9e de lecture estim\u00e9e":"7 minutes"},"schema":{"@context":"https:\/\/schema.org","@graph":[{"@type":"WebPage","@id":"https:\/\/www.cadeaux.com\/blog\/la-priere-de-lassemblee-pour-un-bapteme\/","url":"https:\/\/www.cadeaux.com\/blog\/la-priere-de-lassemblee-pour-un-bapteme\/","name":"Mod\u00e8les pour la pri\u00e8re de l'assembl\u00e9e - Le Mag de Cadeaux.com","isPartOf":{"@id":"https:\/\/www.cadeaux.com\/blog\/#website"},"datePublished":"2020-08-06T10:13:55+00:00","dateModified":"2022-11-18T15:38:23+00:00","description":"La pri\u00e8re de l'assembl\u00e9e rythme la messe de bapt\u00eame. Pr\u00e9parez le bapt\u00eame en s\u00e9lectionnant une pri\u00e8re parmi nos diff\u00e9rents mod\u00e8les et exemples.","breadcrumb":{"@id":"https:\/\/www.cadeaux.com\/blog\/la-priere-de-lassemblee-pour-un-bapteme\/#breadcrumb"},"inLanguage":"fr-FR","potentialAction":[{"@type":"ReadAction","target":["https:\/\/www.cadeaux.com\/blog\/la-priere-de-lassemblee-pour-un-bapteme\/"]}]},{"@type":"BreadcrumbList","@id":"https:\/\/www.cadeaux.com\/blog\/la-priere-de-lassemblee-pour-un-bapteme\/#breadcrumb","itemListElement":[{"@type":"ListItem","position":1,"name":"Accueil","item":"https:\/\/www.cadeaux.com\/blog\/"},{"@type":"ListItem","position":2,"name":"La pri\u00e8re de l&rsquo;assembl\u00e9e pour un bapt\u00eame"}]},{"@type":"WebSite","@id":"https:\/\/www.cadeaux.com\/blog\/#website","url":"https:\/\/www.cadeaux.com\/blog\/","name":"Le Mag de Cadeaux.com","description":"","publisher":{"@id":"https:\/\/www.cadeaux.com\/blog\/#organization"},"potentialAction":[{"@type":"SearchAction","target":{"@type":"EntryPoint","urlTemplate":"https:\/\/www.cadeaux.com\/blog\/?s={search_term_string}"},"query-input":"required name=search_term_string"}],"inLanguage":"fr-FR"},{"@type":"Organization","@id":"https:\/\/www.cadeaux.com\/blog\/#organization","name":"Cadeaux.com","url":"https:\/\/www.cadeaux.com\/blog\/","logo":{"@type":"ImageObject","inLanguage":"fr-FR","@id":"https:\/\/www.cadeaux.com\/blog\/#\/schema\/logo\/image\/","url":"https:\/\/www.cadeaux.com\/blog\/wp-content\/uploads\/2019\/07\/logo-cadeaux.png","contentUrl":"https:\/\/www.cadeaux.com\/blog\/wp-content\/uploads\/2019\/07\/logo-cadeaux.png","width":587,"height":120,"caption":"Cadeaux.com"},"image":{"@id":"https:\/\/www.cadeaux.com\/blog\/#\/schema\/logo\/image\/"},"sameAs":["https:\/\/fr-fr.facebook.com\/cadeauxcom\/","https:\/\/www.instagram.com\/cadeaux_com\/"]}]}},"_links":{"self":[{"href":"https:\/\/www.cadeaux.com\/blog\/wp-json\/wp\/v2\/pages\/2601"}],"collection":[{"href":"https:\/\/www.cadeaux.com\/blog\/wp-json\/wp\/v2\/pages"}],"about":[{"href":"https:\/\/www.cadeaux.com\/blog\/wp-json\/wp\/v2\/types\/page"}],"author":[{"embeddable":true,"href":"https:\/\/www.cadeaux.com\/blog\/wp-json\/wp\/v2\/users\/6"}],"replies":[{"embeddable":true,"href":"https:\/\/www.cadeaux.com\/blog\/wp-json\/wp\/v2\/comments?post=2601"}],"version-history":[{"count":11,"href":"https:\/\/www.cadeaux.com\/blog\/wp-json\/wp\/v2\/pages\/2601\/revisions"}],"predecessor-version":[{"id":6292,"href":"https:\/\/www.cadeaux.com\/blog\/wp-json\/wp\/v2\/pages\/2601\/revisions\/6292"}],"wp:featuredmedia":[{"embeddable":true,"href":"https:\/\/www.cadeaux.com\/blog\/wp-json\/wp\/v2\/media\/2609"}],"wp:attachment":[{"href":"https:\/\/www.cadeaux.com\/blog\/wp-json\/wp\/v2\/media?parent=2601"}],"wp:term":[{"taxonomy":"category","embeddable":true,"href":"https:\/\/www.cadeaux.com\/blog\/wp-json\/wp\/v2\/categories?post=2601"},{"taxonomy":"post_tag","embeddable":true,"href":"https:\/\/www.cadeaux.com\/blog\/wp-json\/wp\/v2\/tags?post=2601"}],"curies":[{"name":"wp","href":"https:\/\/api.w.org\/{rel}","templated":true}]}}