{"id":2588,"date":"2020-08-06T12:13:44","date_gmt":"2020-08-06T10:13:44","guid":{"rendered":"https:\/\/www.cadeaux.com\/blog\/?page_id=2588"},"modified":"2020-08-06T14:41:45","modified_gmt":"2020-08-06T12:41:45","slug":"creer-son-faire-part-de-bapteme","status":"publish","type":"page","link":"https:\/\/www.cadeaux.com\/blog\/creer-son-faire-part-de-bapteme\/","title":{"rendered":"Cr\u00e9er son faire-part de bapt\u00eame de A \u00e0 Z"},"content":{"rendered":"<p><strong>\u00c0 peine quelques mois apr\u00e8s la naissance de votre enfant, il est d\u00e9j\u00e0 temps de lui organiser sa premi\u00e8re f\u00eate. Il s\u2019agit le plus souvent du bapt\u00eame, le premier sacrement des chr\u00e9tiens. Dans la religion catholique, le bapt\u00eame se pratique de nos jours \u00e0 partir du quatri\u00e8me mois du b\u00e9b\u00e9. Pour les parents qui n\u2019ont pas la vocation de devenir organisateurs dans l\u2019\u00e9v\u00e9nementiel, cette t\u00e2che peut sembler un peu compliqu\u00e9e. Pourtant, il n\u2019y a pas tellement de choses \u00e0 conna\u00eetre. La c\u00e9r\u00e9monie religieuse est principalement pr\u00e9par\u00e9e par le pr\u00eatre. Le parrain, la marraine et les parents se chargent ensuite d\u2019organiser la r\u00e9ception. Qui dit r\u00e9ception, dit invit\u00e9s. C\u2019est pourquoi, il est essentiel de ne pas oublier la pr\u00e9paration des cartons d\u2019invitation. Le faire-part de bapt\u00eame sert \u00e0 annoncer l\u2019\u00e9v\u00e9nement \u00e0 la famille et \u00e0 tous les proches qui sont convi\u00e9s \u00e0 y participer. Voici quelques conseils pour vous aider \u00e0 cr\u00e9er le faire-part du futur baptis\u00e9.<\/strong><\/p>\n\n\n\n<ul>\n    <li><strong><a href=\"#1\">Pourquoi \u00e9crire un faire-part de bapt\u00eame ?<\/a><\/strong><\/li>\n    <li><strong><a href=\"#2\">Qu\u2019\u00e9crire sur le faire-part ?<\/a><\/strong><\/li>\n    <li><strong><a href=\"#3\">Comment cr\u00e9er le faire-part ?<\/a><\/strong><\/li>\n    <li><strong><a href=\"#4\">Que faire une fois la finalisation de la carte ?<\/a><\/strong><\/li>\n<\/ul>\n\n\n\n<div id=\"1\"><h2>Pourquoi \u00e9crire un faire-part de bapt\u00eame ?<\/h2><\/div>\n\n\n\n<p>\u00c9crire un faire-part de bapt\u00eame est n\u00e9cessaire si vous comptez sur la pr\u00e9sence de proches au bapt\u00eame de votre enfant. Il s\u2019agit simplement d\u2019un <strong>carton d\u2019invitation<\/strong> qui donne toutes les informations n\u00e9cessaires \u00e0 vos invit\u00e9s pour se joindre \u00e0 la f\u00eate. Le bapt\u00eame est le plus souvent religieux, bien qu\u2019il existe des bapt\u00eames la\u00efques. En g\u00e9n\u00e9ral, le nom de\u00a0l\u2019\u00e9glise, de la paroisse ou de la salle donne une indication aux invit\u00e9s sur le type de bapt\u00eame et la confession de celui-ci.\u00a0<\/p>\n\n\n\n<p>Le faire-part servira \u00e9galement d\u2019archive. On le retrouve souvent dans les albums photos d\u2019enfance, car les parents se donnent habituellement un peu de mal pour cr\u00e9er un faire-part personnalis\u00e9, qui leur ressemble.\u00a0<\/p>\n\n\n\n<div id=\"2\"><h2>Qu\u2019\u00e9crire sur le faire-part ?<\/h2><\/div>\n\n\n\n<p>Les parents peuvent parfois se demander <a href=\"https:\/\/www.cadeaux.com\/blog\/quoi-ecrire-sur-une-carte-de-bapteme\/\">qu\u2019\u00e9crire sur la carte de bapt\u00eame<\/a>. Le faire-part doit bien \u00e9videmment indiquer le nom du cat\u00e9chum\u00e8ne, celui de ses parents, de ses parrains ou marraines ainsi que quelques informations pratiques. Il est important que les invit\u00e9s sachent o\u00f9 se rendre et \u00e0 quelle heure. En plus d\u2019inscrire le nom de la paroisse et l\u2019heure de l\u2019office religieux, il est important d\u2019indiquer si une r\u00e9ception est pr\u00e9vue par apr\u00e8s, \u00e0 la maison ou dans une salle des f\u00eates. Il est \u00e9galement possible de donner une indication sur le type de cadeaux que peuvent faire les invit\u00e9s. La plupart d\u2019entre eux se demanderont quelle surprise faire pour le bapt\u00eame. Normalement, le parrain et la marraine savent <a href=\"https:\/\/www.cadeaux.com\/blog\/quand-donner-la-gourmette-au-bapteme\/\">quand donner la gourmette au bapt\u00eame<\/a>, puisqu\u2019il s\u2019agit traditionnellement du cadeau qui leur incombe. Mais pour les autres invit\u00e9s ils se demanderont certainement <a href=\"https:\/\/www.cadeaux.com\/blog\/surprise-a-faire-pour-un-bapteme\/\">quelle est la surprise\u00a0\u00e0 faire pour un bapt\u00eame<\/a>.\u00a0Aiguillez-les en indiquant si seule leur pr\u00e9sence compte ou si vous attendez une attention de leur part,\u00a0tout comme cela se\u00a0fait pour un mariage ou une communion.<\/p>\n\n\n\n<figure class=\"wp-block-gallery aligncenter columns-2 is-cropped wp-block-gallery-1 is-layout-flex wp-block-gallery-is-layout-flex\"><ul class=\"blocks-gallery-grid\"><li class=\"blocks-gallery-item\"><figure><img fetchpriority=\"high\" decoding=\"async\" width=\"800\" height=\"640\" src=\"https:\/\/www.cadeaux.com\/blog\/wp-content\/uploads\/2020\/08\/tableau-photo-4-zoom-1.jpg\" alt=\"\" data-id=\"2715\" data-full-url=\"https:\/\/www.cadeaux.com\/blog\/wp-content\/uploads\/2020\/08\/tableau-photo-4-zoom-1.jpg\" data-link=\"https:\/\/www.cadeaux.com\/blog\/?attachment_id=2715\" class=\"wp-image-2715\" srcset=\"https:\/\/www.cadeaux.com\/blog\/wp-content\/uploads\/2020\/08\/tableau-photo-4-zoom-1.jpg 800w, https:\/\/www.cadeaux.com\/blog\/wp-content\/uploads\/2020\/08\/tableau-photo-4-zoom-1-300x240.jpg 300w, https:\/\/www.cadeaux.com\/blog\/wp-content\/uploads\/2020\/08\/tableau-photo-4-zoom-1-768x614.jpg 768w\" sizes=\"(max-width: 800px) 100vw, 800px\"><\/figure><\/li><li class=\"blocks-gallery-item\"><figure><img decoding=\"async\" width=\"800\" height=\"640\" src=\"https:\/\/www.cadeaux.com\/blog\/wp-content\/uploads\/2020\/08\/collier-colombe-bapteme-3-zoom-2.jpg\" alt=\"\" data-id=\"2716\" data-full-url=\"https:\/\/www.cadeaux.com\/blog\/wp-content\/uploads\/2020\/08\/collier-colombe-bapteme-3-zoom-2.jpg\" data-link=\"https:\/\/www.cadeaux.com\/blog\/?attachment_id=2716\" class=\"wp-image-2716\" srcset=\"https:\/\/www.cadeaux.com\/blog\/wp-content\/uploads\/2020\/08\/collier-colombe-bapteme-3-zoom-2.jpg 800w, https:\/\/www.cadeaux.com\/blog\/wp-content\/uploads\/2020\/08\/collier-colombe-bapteme-3-zoom-2-300x240.jpg 300w, https:\/\/www.cadeaux.com\/blog\/wp-content\/uploads\/2020\/08\/collier-colombe-bapteme-3-zoom-2-768x614.jpg 768w\" sizes=\"(max-width: 800px) 100vw, 800px\"><\/figure><\/li><\/ul><\/figure>\n\n\n\n<p class=\"has-text-align-center\"><a href=\"https:\/\/www.cadeaux.com\/cadeaux\/idee-cadeau-bapteme-_603000.html?utm_source=blog&amp;utm_medium=organic&amp;utm_campaign=bapteme\">Id\u00e9es cadeaux pour offrir au jeune baptis\u00e9 ou \u00e0 ses parents<\/a><\/p>\n\n\n\n<div id=\"3\"><h2>Comment cr\u00e9er le faire-part ?<\/h2><\/div>\n\n\n\n<div class=\"wp-block-image\"><figure class=\"aligncenter size-large is-resized\"><img decoding=\"async\" src=\"https:\/\/www.cadeaux.com\/blog\/wp-content\/uploads\/2020\/07\/2020-07-30-12_05_32-invitation-bapteme-garcon-pour-votre-enfant-doux-et-elegant-avec-ses-feuilles-ve.png\" alt=\"Exemple de faire-part de bapt\u00eame\" class=\"wp-image-2592\" width=\"486\" height=\"729\" srcset=\"https:\/\/www.cadeaux.com\/blog\/wp-content\/uploads\/2020\/07\/2020-07-30-12_05_32-invitation-bapteme-garcon-pour-votre-enfant-doux-et-elegant-avec-ses-feuilles-ve.png 648w, https:\/\/www.cadeaux.com\/blog\/wp-content\/uploads\/2020\/07\/2020-07-30-12_05_32-invitation-bapteme-garcon-pour-votre-enfant-doux-et-elegant-avec-ses-feuilles-ve-200x300.png 200w\" sizes=\"(max-width: 486px) 100vw, 486px\"><figcaption>Exemple de faire-part de bapt\u00eame <br>Cr\u00e9ateur : Omade Cr\u00e9ation<\/figcaption><\/figure><\/div>\n\n\n\n<p>Une fois que vous \u00eates convaincu avec les textes, il est temps de passer \u00e0 la r\u00e9alisation. Autrefois, l\u2019impression se faisait chez un imprimeur. Cela peut toujours se passer de la sorte, bien que les nouvelles technologies et les divers outils mis \u00e0 disposition sont de plus en plus abordables et simples d\u2019acc\u00e8s.<strong> Il existe de nombreux sites en ligne qui proposent une impression simple et qui offrent une personnalisation compl\u00e8te de votre carton<\/strong>.<\/p>\n\n\n\n<p>Il existe diff\u00e9rentes tendances en la mati\u00e8re et comme toutes les tendances, elles \u00e9voluent tr\u00e8s vite. Heureusement, les sites sont faits de telle mani\u00e8re qu\u2019il est impossible de faire preuve de mauvais go\u00fbt. Il suffit de suivre les \u00e9tapes et de remplir quelques cases dans des formulaires, comme la date de naissance, celui du bapt\u00eame, le pr\u00e9nom de l\u2019enfant. Des cases personnalisables sont pr\u00e9vues pour y accueillir vos textes, quelle que soit la longueur.\u00a0<\/p>\n\n\n\n<p>Tous les parents ne sont pas des graphistes et pourtant, en quelques minutes, il est possible d\u2019obtenir une mise en page digne de professionnels. Notez que ceux qui ne se sentent vraiment pas \u00e0 l\u2019aise avec les technologies peuvent tout de m\u00eame se rendre chez un <strong>imprimeur<\/strong>. Les graphistes qui y travaillent ex\u00e9cuteront les m\u00eames t\u00e2ches et vous poseront les m\u00eames questions.<\/p>\n\n\n\n<p>Il ne reste plus qu\u2019\u00e0 finaliser les derniers d\u00e9tails, et pas des moindres. Il s\u2019agit \u00e0 pr\u00e9sent de choisir le type de papier. Il existe bien \u00e9videmment une collection impressionnantes de papiers. La gamme de prix \u00e9volue elle aussi en fonction de la gamme de papier, de ses couleurs, de son grammage. <strong>Il s\u2019agit l\u00e0 de l\u2019ultime personnalisation qui vous sera demand\u00e9e<\/strong>. Notez que certains imprimeurs proposent \u00e9galement une collection de finitions, comme le gla\u00e7age du papier, le type de d\u00e9coupe, la possibilit\u00e9 de perforer la carte et m\u00eame de l\u2019embosser. En plus de la couleur du fond, il faudra aussi choisir les couleurs \u00e0 utiliser pour le texte. Ce sont autant d\u2019\u00e9l\u00e9ments \u00e0 prendre \u00e0 compte mais qui font aussi partie du plaisir que l\u2019on peut avoir lorsqu\u2019on souhaite organiser une telle occasion.<\/p>\n\n\n\n<div id=\"4\"><h2>Que faire une fois la finalisation de la carte ?<\/h2><\/div>\n\n\n\n<p>L\u2019\u00e9tape suivante consiste \u00e0 pr\u00e9parer les enveloppes et il ne suffit plus que d\u2019attendre la livraison des cartes imprim\u00e9es. Selon les fournisseurs, cela peut \u00eatre pr\u00eat\u00a0d\u00e8s le lendemain et la commande est envoy\u00e9e assez rapidement, afin qu\u2019elle soit chez vous\u00a0en quelques jours seulement. <strong>Glissez les cartes dans les enveloppes, ajoutez le timbre, et c\u2019est parti<\/strong>. Vous n\u2019avez plus rien \u00e0 faire jusqu\u2019au bapt\u00eame.<\/p>\n\n\n\n<h3 class=\"wp-block-heading\">R\u00e9diger une carte de remerciement<\/h3>\n\n\n\n<div class=\"wp-block-image\"><figure class=\"aligncenter size-large\"><img loading=\"lazy\" decoding=\"async\" width=\"500\" height=\"500\" src=\"https:\/\/www.cadeaux.com\/blog\/wp-content\/uploads\/2020\/07\/un-imposant-gateau.jpg\" alt=\"Carte de remerciement \u00e0 envoyer apr\u00e8s le bapt\u00eame\" class=\"wp-image-2597\" srcset=\"https:\/\/www.cadeaux.com\/blog\/wp-content\/uploads\/2020\/07\/un-imposant-gateau.jpg 500w, https:\/\/www.cadeaux.com\/blog\/wp-content\/uploads\/2020\/07\/un-imposant-gateau-300x300.jpg 300w, https:\/\/www.cadeaux.com\/blog\/wp-content\/uploads\/2020\/07\/un-imposant-gateau-150x150.jpg 150w\" sizes=\"(max-width: 500px) 100vw, 500px\"><figcaption>Exemple de carte de remerciement \u00e0 envoyer apr\u00e8s le bapt\u00eame <br>Cr\u00e9ateur : Carteland<\/figcaption><\/figure><\/div>\n\n\n\n<p>Apr\u00e8s le bapt\u00eame, une fois la c\u00e9r\u00e9monie et la r\u00e9ception termin\u00e9es, certains ont \u00e9galement l\u2019habitude de<strong> renvoyer une lettre ou une carte qui fait office de remerciement<\/strong> \u00e0 ceux qui ont r\u00e9pondu pr\u00e9sent. Il s\u2019agit d\u2019un geste de politesse, comme il est coutume de le faire apr\u00e8s un mariage ou une autre occasion importante pour laquelle vos amis, vos proches, votre famille ont r\u00e9pondu pr\u00e9sent. Cette deuxi\u00e8me lettre ne doit pas \u00eatre aussi formelle que le faire-part. <strong>Plus le remerciement sera personnel, plus il sera appr\u00e9ci\u00e9<\/strong>. Il n\u2019y a pas r\u00e9ellement d\u2019\u00e9l\u00e9ments \u00e0 respecter ni de lettre type. Faites simplement savoir \u00e0 ceux qui vous entourent que leur pr\u00e9sence \u00e0 vos c\u00f4t\u00e9s depuis la naissance du b\u00e9b\u00e9, jusqu\u2019au bapt\u00eame vous a fait plaisir.\u00a0<\/p>\n\n\n","protected":false},"excerpt":{"rendered":"<p>\u00c0 peine quelques mois apr\u00e8s la naissance de votre enfant, il est d\u00e9j\u00e0 temps de lui organiser sa premi\u00e8re f\u00eate. Il s\u2019agit le plus souvent du bapt\u00eame, le premier sacrement des chr\u00e9tiens. Dans la religion catholique, le bapt\u00eame se pratique&#8230;<\/p>\n","protected":false},"author":6,"featured_media":2699,"parent":0,"menu_order":0,"comment_status":"closed","ping_status":"closed","template":"page-cocon.php","meta":{"footnotes":""},"categories":[],"tags":[],"acf":[],"yoast_head":"<!-- This site is optimized with the Yoast SEO plugin v21.5 - https:\/\/yoast.com\/wordpress\/plugins\/seo\/ -->\n<title>Cr\u00e9er son faire-part de bapt\u00eame de A \u00e0 Z - Le Mag de Cadeaux.com<\/title>\n<meta name=\"description\" content=\"Qui dit bapt\u00eame, dit r\u00e9ception et dit invit\u00e9s. Voici quelques conseils pour vous aider \u00e0 cr\u00e9er le faire-part de bapt\u00eame du futur baptis\u00e9.\" \/>\n<meta name=\"robots\" content=\"index, follow, max-snippet:-1, max-image-preview:large, max-video-preview:-1\" \/>\n<link rel=\"canonical\" href=\"https:\/\/www.cadeaux.com\/blog\/creer-son-faire-part-de-bapteme\/\" \/>\n<meta property=\"og:locale\" content=\"fr_FR\" \/>\n<meta property=\"og:type\" content=\"article\" \/>\n<meta property=\"og:title\" content=\"Cr\u00e9er son faire-part de bapt\u00eame de A \u00e0 Z - Le Mag de Cadeaux.com\" \/>\n<meta property=\"og:description\" content=\"Qui dit bapt\u00eame, dit r\u00e9ception et dit invit\u00e9s. Voici quelques conseils pour vous aider \u00e0 cr\u00e9er le faire-part de bapt\u00eame du futur baptis\u00e9.\" \/>\n<meta property=\"og:url\" content=\"https:\/\/www.cadeaux.com\/blog\/creer-son-faire-part-de-bapteme\/\" \/>\n<meta property=\"og:site_name\" content=\"Le Mag de Cadeaux.com\" \/>\n<meta property=\"article:publisher\" content=\"https:\/\/fr-fr.facebook.com\/cadeauxcom\/\" \/>\n<meta property=\"article:modified_time\" content=\"2020-08-06T12:41:45+00:00\" \/>\n<meta property=\"og:image\" content=\"https:\/\/www.cadeaux.com\/blog\/wp-content\/uploads\/2020\/08\/body-bebe-garcon-je-dechire-2-zoom.jpg\" \/>\n\t<meta property=\"og:image:width\" content=\"800\" \/>\n\t<meta property=\"og:image:height\" content=\"640\" \/>\n\t<meta property=\"og:image:type\" content=\"image\/jpeg\" \/>\n<meta name=\"twitter:card\" content=\"summary_large_image\" \/>\n<meta name=\"twitter:label1\" content=\"Dur\u00e9e de lecture estim\u00e9e\" \/>\n\t<meta name=\"twitter:data1\" content=\"6 minutes\" \/>\n<script type=\"application\/ld+json\" class=\"yoast-schema-graph\">{\"@context\":\"https:\/\/schema.org\",\"@graph\":[{\"@type\":\"WebPage\",\"@id\":\"https:\/\/www.cadeaux.com\/blog\/creer-son-faire-part-de-bapteme\/\",\"url\":\"https:\/\/www.cadeaux.com\/blog\/creer-son-faire-part-de-bapteme\/\",\"name\":\"Cr\u00e9er son faire-part de bapt\u00eame de A \u00e0 Z - Le Mag de Cadeaux.com\",\"isPartOf\":{\"@id\":\"https:\/\/www.cadeaux.com\/blog\/#website\"},\"datePublished\":\"2020-08-06T10:13:44+00:00\",\"dateModified\":\"2020-08-06T12:41:45+00:00\",\"description\":\"Qui dit bapt\u00eame, dit r\u00e9ception et dit invit\u00e9s. Voici quelques conseils pour vous aider \u00e0 cr\u00e9er le faire-part de bapt\u00eame du futur baptis\u00e9.\",\"breadcrumb\":{\"@id\":\"https:\/\/www.cadeaux.com\/blog\/creer-son-faire-part-de-bapteme\/#breadcrumb\"},\"inLanguage\":\"fr-FR\",\"potentialAction\":[{\"@type\":\"ReadAction\",\"target\":[\"https:\/\/www.cadeaux.com\/blog\/creer-son-faire-part-de-bapteme\/\"]}]},{\"@type\":\"BreadcrumbList\",\"@id\":\"https:\/\/www.cadeaux.com\/blog\/creer-son-faire-part-de-bapteme\/#breadcrumb\",\"itemListElement\":[{\"@type\":\"ListItem\",\"position\":1,\"name\":\"Accueil\",\"item\":\"https:\/\/www.cadeaux.com\/blog\/\"},{\"@type\":\"ListItem\",\"position\":2,\"name\":\"Cr\u00e9er son faire-part de bapt\u00eame de A \u00e0 Z\"}]},{\"@type\":\"WebSite\",\"@id\":\"https:\/\/www.cadeaux.com\/blog\/#website\",\"url\":\"https:\/\/www.cadeaux.com\/blog\/\",\"name\":\"Le Mag de Cadeaux.com\",\"description\":\"\",\"publisher\":{\"@id\":\"https:\/\/www.cadeaux.com\/blog\/#organization\"},\"potentialAction\":[{\"@type\":\"SearchAction\",\"target\":{\"@type\":\"EntryPoint\",\"urlTemplate\":\"https:\/\/www.cadeaux.com\/blog\/?s={search_term_string}\"},\"query-input\":\"required name=search_term_string\"}],\"inLanguage\":\"fr-FR\"},{\"@type\":\"Organization\",\"@id\":\"https:\/\/www.cadeaux.com\/blog\/#organization\",\"name\":\"Cadeaux.com\",\"url\":\"https:\/\/www.cadeaux.com\/blog\/\",\"logo\":{\"@type\":\"ImageObject\",\"inLanguage\":\"fr-FR\",\"@id\":\"https:\/\/www.cadeaux.com\/blog\/#\/schema\/logo\/image\/\",\"url\":\"https:\/\/www.cadeaux.com\/blog\/wp-content\/uploads\/2019\/07\/logo-cadeaux.png\",\"contentUrl\":\"https:\/\/www.cadeaux.com\/blog\/wp-content\/uploads\/2019\/07\/logo-cadeaux.png\",\"width\":587,\"height\":120,\"caption\":\"Cadeaux.com\"},\"image\":{\"@id\":\"https:\/\/www.cadeaux.com\/blog\/#\/schema\/logo\/image\/\"},\"sameAs\":[\"https:\/\/fr-fr.facebook.com\/cadeauxcom\/\",\"https:\/\/www.instagram.com\/cadeaux_com\/\"]}]}<\/script>\n<!-- \/ Yoast SEO plugin. -->","yoast_head_json":{"title":"Cr\u00e9er son faire-part de bapt\u00eame de A \u00e0 Z - Le Mag de Cadeaux.com","description":"Qui dit bapt\u00eame, dit r\u00e9ception et dit invit\u00e9s. Voici quelques conseils pour vous aider \u00e0 cr\u00e9er le faire-part de bapt\u00eame du futur baptis\u00e9.","robots":{"index":"index","follow":"follow","max-snippet":"max-snippet:-1","max-image-preview":"max-image-preview:large","max-video-preview":"max-video-preview:-1"},"canonical":"https:\/\/www.cadeaux.com\/blog\/creer-son-faire-part-de-bapteme\/","og_locale":"fr_FR","og_type":"article","og_title":"Cr\u00e9er son faire-part de bapt\u00eame de A \u00e0 Z - Le Mag de Cadeaux.com","og_description":"Qui dit bapt\u00eame, dit r\u00e9ception et dit invit\u00e9s. Voici quelques conseils pour vous aider \u00e0 cr\u00e9er le faire-part de bapt\u00eame du futur baptis\u00e9.","og_url":"https:\/\/www.cadeaux.com\/blog\/creer-son-faire-part-de-bapteme\/","og_site_name":"Le Mag de Cadeaux.com","article_publisher":"https:\/\/fr-fr.facebook.com\/cadeauxcom\/","article_modified_time":"2020-08-06T12:41:45+00:00","og_image":[{"width":800,"height":640,"url":"https:\/\/www.cadeaux.com\/blog\/wp-content\/uploads\/2020\/08\/body-bebe-garcon-je-dechire-2-zoom.jpg","type":"image\/jpeg"}],"twitter_card":"summary_large_image","twitter_misc":{"Dur\u00e9e de lecture estim\u00e9e":"6 minutes"},"schema":{"@context":"https:\/\/schema.org","@graph":[{"@type":"WebPage","@id":"https:\/\/www.cadeaux.com\/blog\/creer-son-faire-part-de-bapteme\/","url":"https:\/\/www.cadeaux.com\/blog\/creer-son-faire-part-de-bapteme\/","name":"Cr\u00e9er son faire-part de bapt\u00eame de A \u00e0 Z - Le Mag de Cadeaux.com","isPartOf":{"@id":"https:\/\/www.cadeaux.com\/blog\/#website"},"datePublished":"2020-08-06T10:13:44+00:00","dateModified":"2020-08-06T12:41:45+00:00","description":"Qui dit bapt\u00eame, dit r\u00e9ception et dit invit\u00e9s. Voici quelques conseils pour vous aider \u00e0 cr\u00e9er le faire-part de bapt\u00eame du futur baptis\u00e9.","breadcrumb":{"@id":"https:\/\/www.cadeaux.com\/blog\/creer-son-faire-part-de-bapteme\/#breadcrumb"},"inLanguage":"fr-FR","potentialAction":[{"@type":"ReadAction","target":["https:\/\/www.cadeaux.com\/blog\/creer-son-faire-part-de-bapteme\/"]}]},{"@type":"BreadcrumbList","@id":"https:\/\/www.cadeaux.com\/blog\/creer-son-faire-part-de-bapteme\/#breadcrumb","itemListElement":[{"@type":"ListItem","position":1,"name":"Accueil","item":"https:\/\/www.cadeaux.com\/blog\/"},{"@type":"ListItem","position":2,"name":"Cr\u00e9er son faire-part de bapt\u00eame de A \u00e0 Z"}]},{"@type":"WebSite","@id":"https:\/\/www.cadeaux.com\/blog\/#website","url":"https:\/\/www.cadeaux.com\/blog\/","name":"Le Mag de Cadeaux.com","description":"","publisher":{"@id":"https:\/\/www.cadeaux.com\/blog\/#organization"},"potentialAction":[{"@type":"SearchAction","target":{"@type":"EntryPoint","urlTemplate":"https:\/\/www.cadeaux.com\/blog\/?s={search_term_string}"},"query-input":"required name=search_term_string"}],"inLanguage":"fr-FR"},{"@type":"Organization","@id":"https:\/\/www.cadeaux.com\/blog\/#organization","name":"Cadeaux.com","url":"https:\/\/www.cadeaux.com\/blog\/","logo":{"@type":"ImageObject","inLanguage":"fr-FR","@id":"https:\/\/www.cadeaux.com\/blog\/#\/schema\/logo\/image\/","url":"https:\/\/www.cadeaux.com\/blog\/wp-content\/uploads\/2019\/07\/logo-cadeaux.png","contentUrl":"https:\/\/www.cadeaux.com\/blog\/wp-content\/uploads\/2019\/07\/logo-cadeaux.png","width":587,"height":120,"caption":"Cadeaux.com"},"image":{"@id":"https:\/\/www.cadeaux.com\/blog\/#\/schema\/logo\/image\/"},"sameAs":["https:\/\/fr-fr.facebook.com\/cadeauxcom\/","https:\/\/www.instagram.com\/cadeaux_com\/"]}]}},"_links":{"self":[{"href":"https:\/\/www.cadeaux.com\/blog\/wp-json\/wp\/v2\/pages\/2588"}],"collection":[{"href":"https:\/\/www.cadeaux.com\/blog\/wp-json\/wp\/v2\/pages"}],"about":[{"href":"https:\/\/www.cadeaux.com\/blog\/wp-json\/wp\/v2\/types\/page"}],"author":[{"embeddable":true,"href":"https:\/\/www.cadeaux.com\/blog\/wp-json\/wp\/v2\/users\/6"}],"replies":[{"embeddable":true,"href":"https:\/\/www.cadeaux.com\/blog\/wp-json\/wp\/v2\/comments?post=2588"}],"version-history":[{"count":10,"href":"https:\/\/www.cadeaux.com\/blog\/wp-json\/wp\/v2\/pages\/2588\/revisions"}],"predecessor-version":[{"id":2764,"href":"https:\/\/www.cadeaux.com\/blog\/wp-json\/wp\/v2\/pages\/2588\/revisions\/2764"}],"wp:featuredmedia":[{"embeddable":true,"href":"https:\/\/www.cadeaux.com\/blog\/wp-json\/wp\/v2\/media\/2699"}],"wp:attachment":[{"href":"https:\/\/www.cadeaux.com\/blog\/wp-json\/wp\/v2\/media?parent=2588"}],"wp:term":[{"taxonomy":"category","embeddable":true,"href":"https:\/\/www.cadeaux.com\/blog\/wp-json\/wp\/v2\/categories?post=2588"},{"taxonomy":"post_tag","embeddable":true,"href":"https:\/\/www.cadeaux.com\/blog\/wp-json\/wp\/v2\/tags?post=2588"}],"curies":[{"name":"wp","href":"https:\/\/api.w.org\/{rel}","templated":true}]}}