{"id":2564,"date":"2020-08-06T12:13:23","date_gmt":"2020-08-06T10:13:23","guid":{"rendered":"https:\/\/www.cadeaux.com\/blog\/?page_id=2564"},"modified":"2022-11-23T15:57:19","modified_gmt":"2022-11-23T14:57:19","slug":"comment-retrouver-son-lieu-de-bapteme","status":"publish","type":"page","link":"https:\/\/www.cadeaux.com\/blog\/comment-retrouver-son-lieu-de-bapteme\/","title":{"rendered":"Comment retrouver son lieu de bapt\u00eame ?"},"content":{"rendered":"<p><strong>Comme la plupart des \u00e9v\u00e9nements religieux qui jalonnent la vie d\u2019un\u00a0chr\u00e9tien, ils sont act\u00e9s et archiv\u00e9s dans des registres paroissiaux\u00a0afin d\u2019en garder une trace \u00e9crite. Ces archives servent notamment \u00e0 prouver que telle ou telle personne a bien re\u00e7u l\u2019un ou l\u2019autre sacrement obligatoire aux yeux de l\u2019\u00c9glise catholique. Il y a au moins une fois dans notre vie la n\u00e9cessit\u00e9 de retrouver un acte qui prouve avoir bien re\u00e7u le premier sacrement \u00e9tant enfant. C\u2019est lors des pr\u00e9paratifs du mariage que le pr\u00eatre demande aux futurs mari\u00e9s de lui apporter leur\u00a0certificat\u00a0de bapt\u00eame afin d\u2019avoir la confirmation qu\u2019ils ont bien \u00e9t\u00e9 baptis\u00e9s. C\u2019est ici que commence un vrai jeu de pistes pour certains, qui ignorent totalement le lieu et leur date de naissance, pourtant obligatoires \u00e0 conna\u00eetre si l\u2019on souhaite mettre la main sur le fameux certificat.\u00a0<\/strong><\/p>\n\n\n\n<ul>\n    <li><strong><a href=\"#1\">L\u2019importance de se souvenir du lieu de bapt\u00eame<\/a><\/strong><\/li>\n    <li><strong><a href=\"#2\">Comment s\u2019y prendre pour trouver le lieu du bapt\u00eame ?<\/a><\/strong><\/li>\n    <li><strong><a href=\"#3\">Que faire une fois que l\u2019on connait son lieu de bapt\u00eame ?<\/a><\/strong><\/li>\n<\/ul>\n\n\n<div class=\"wp-block-image is-style-rounded\">\n<figure class=\"aligncenter size-large is-resized\"><img fetchpriority=\"high\" decoding=\"async\" src=\"https:\/\/www.cadeaux.com\/blog\/wp-content\/uploads\/2020\/07\/AdobeStock_363561310-1-1024x618.jpeg\" alt=\"Vue sur l'\u00e9glise de la ville de Leucate, France\" class=\"wp-image-2569\" width=\"512\" height=\"309\" srcset=\"https:\/\/www.cadeaux.com\/blog\/wp-content\/uploads\/2020\/07\/AdobeStock_363561310-1-1024x618.jpeg 1024w, https:\/\/www.cadeaux.com\/blog\/wp-content\/uploads\/2020\/07\/AdobeStock_363561310-1-300x181.jpeg 300w, https:\/\/www.cadeaux.com\/blog\/wp-content\/uploads\/2020\/07\/AdobeStock_363561310-1-768x464.jpeg 768w, https:\/\/www.cadeaux.com\/blog\/wp-content\/uploads\/2020\/07\/AdobeStock_363561310-1-1536x928.jpeg 1536w, https:\/\/www.cadeaux.com\/blog\/wp-content\/uploads\/2020\/07\/AdobeStock_363561310-1.jpeg 1656w\" sizes=\"(max-width: 512px) 100vw, 512px\"><\/figure><\/div>\n\n\n<div id=\"1\"><h2>L\u2019importance de se souvenir du lieu de bapt\u00eame<\/h2><\/div>\n\n\n\n<p>Comme nous l\u2019avons dit, il est important de se souvenir du <strong>lieu de bapt\u00eame<\/strong>, car il sert \u00e0 savoir \u00e0 quelle paroisse s\u2019adresser pour obtenir le <strong>certificat<\/strong>, qui lui-m\u00eame servira \u00e0 prouver que<strong> l\u2019on peut \u00eatre mari\u00e9 religieusemen<\/strong>t. En plus de connaitre le lieu, il sera n\u00e9cessaire de se demander \u00e9galement <a href=\"https:\/\/www.cadeaux.com\/blog\/comment-trouver-sa-date-de-bapteme\/\" target=\"_blank\" rel=\"noreferrer noopener\">comment trouver sa date de bapt\u00eame<\/a>. Ce sont les deux renseignements dont aura besoin le dioc\u00e8se pour acc\u00e9der \u00e0 votre demande.\u00a0<\/p>\n\n\n\n<p>Le mariage religieux est bien entendu privil\u00e9gi\u00e9 entre deux baptis\u00e9s.<strong> Il est n\u00e9anmoins possible qu\u2019un seul des deux \u00e9poux soit baptis\u00e9 catholique et que l\u2019autre le soit dans un autre rite chr\u00e9tien, voire m\u00eame pratiquant une autre religion<\/strong>. Le mariage \u00e0 disparit\u00e9 de culte est possible, selon le bon vouloir du pr\u00eatre, de sa souplesse et d\u2019une enqu\u00eate \u00e9ventuelle aupr\u00e8s des futurs mari\u00e9s, afin d\u2019en savoir plus sur leur foi et leur volont\u00e9 de se marier \u00e0 l\u2019\u00e9glise, malgr\u00e9 leur diff\u00e9rence de croyances. <\/p>\n\n\n\n<p>Il peut \u00e9galement \u00eatre demand\u00e9 de suivre des cours de cat\u00e9chisme en vue de pratiquer un bapt\u00eame avant le mariage, suivi d\u2019une communion et d\u2019une confirmation, si le couple souhaite \u00eatre mari\u00e9 totalement dans la foi catholique.<\/p>\n\n\n\n<div id=\"2\"><h2>Comment s\u2019y prendre pour trouver le lieu du bapt\u00eame ?<\/h2><\/div>\n\n\n\n<p>Pour retrouver le lieu du bapt\u00eame, il convient d\u2019abord de faire appel \u00e0 sa m\u00e9moire ou \u00e0 celle de ses proches. Ayant \u00e9t\u00e9 baptis\u00e9 enfant, il y a plus de chances que vos parents, votre parrain ou marraine puissent vous aider. <\/p>\n\n\n\n<p>Lorsqu\u2019on demande \u00e0 connaitre le lieu de bapt\u00eame, il s\u2019agit en r\u00e9alit\u00e9, non pas de connaitre la ville (bien que ce soit un d\u00e9but), mais de <strong>connaitre le nom de l\u2019\u00e9glise<\/strong>, et par cons\u00e9quent de la paroisse attach\u00e9e \u00e0 celle-ci.\u00a0<\/p>\n\n\n<div class=\"wp-block-image\">\n<figure class=\"aligncenter size-large\"><img decoding=\"async\" width=\"520\" height=\"520\" src=\"https:\/\/www.cadeaux.com\/blog\/wp-content\/uploads\/2020\/07\/faire-part-bapteme-poisson-photo-bpt-bleu-details-1.jpg.jpg\" alt=\"Exemple de faire-part de bapt\u00eame avec toutes les informations n\u00e9cessaires comme le pr\u00e9nom, le nom du baptis\u00e9, la date du bapt\u00eame, l'adresse du lieu du bapt\u00eame\" class=\"wp-image-2575\" srcset=\"https:\/\/www.cadeaux.com\/blog\/wp-content\/uploads\/2020\/07\/faire-part-bapteme-poisson-photo-bpt-bleu-details-1.jpg.jpg 520w, https:\/\/www.cadeaux.com\/blog\/wp-content\/uploads\/2020\/07\/faire-part-bapteme-poisson-photo-bpt-bleu-details-1.jpg-300x300.jpg 300w, https:\/\/www.cadeaux.com\/blog\/wp-content\/uploads\/2020\/07\/faire-part-bapteme-poisson-photo-bpt-bleu-details-1.jpg-150x150.jpg 150w\" sizes=\"(max-width: 520px) 100vw, 520px\"><figcaption>Exemple de faire-part de bapt\u00eame avec les informations telles que le lieu et la date du bapt\u00eame.<\/figcaption><\/figure><\/div>\n\n\n<p>Dans la majorit\u00e9 des cas, le\u00a0bapt\u00eame est c\u00e9l\u00e9br\u00e9 dans <strong>l\u2019\u00e9glise la plus proche du domicile<\/strong> ou dans <strong>l\u2019\u00e9glise que l\u2019on fr\u00e9quente habituellement<\/strong> si on est pratiquant. \u00c0 d\u00e9faut, essayez de trouver des indices mat\u00e9riels. <\/p>\n\n\n\n<p>Lorsque vos parents se sont donn\u00e9s la peine de se demander <a href=\"https:\/\/www.cadeaux.com\/blog\/quoi-ecrire-sur-une-carte-de-bapteme\/\" target=\"_blank\" rel=\"noreferrer noopener\">qu\u2019\u00e9crire sur la carte de bapt\u00eame<\/a> \u00e0 envoyer aux invit\u00e9s, ils ont bien entendu \u00e9crit le nom de l\u2019\u00e9glise et son adresse. Il se peut \u00e9galement, si vous la retrouvez au fond d\u2019un tiroir, que votre <strong>gourmette <\/strong>puisse vous aider. <\/p>\n\n\n\n<figure class=\"wp-block-gallery aligncenter has-nested-images columns-default is-cropped wp-block-gallery-1 is-layout-flex wp-block-gallery-is-layout-flex\">\n<figure class=\"wp-block-image size-large is-style-rounded\"><img decoding=\"async\" width=\"800\" height=\"640\" data-id=\"2686\" src=\"https:\/\/www.cadeaux.com\/blog\/wp-content\/uploads\/2020\/08\/collier-croix-bapteme-3-zoom.jpg\" alt=\"Colliers avec pendentifs en forme de croix, disponibles en or et argent. Les pendentifs sont personnalis\u00e9s avec un pr\u00e9nom\" class=\"wp-image-2686\" srcset=\"https:\/\/www.cadeaux.com\/blog\/wp-content\/uploads\/2020\/08\/collier-croix-bapteme-3-zoom.jpg 800w, https:\/\/www.cadeaux.com\/blog\/wp-content\/uploads\/2020\/08\/collier-croix-bapteme-3-zoom-300x240.jpg 300w, https:\/\/www.cadeaux.com\/blog\/wp-content\/uploads\/2020\/08\/collier-croix-bapteme-3-zoom-768x614.jpg 768w\" sizes=\"(max-width: 800px) 100vw, 800px\"><\/figure>\n\n\n\n<figure class=\"wp-block-image size-large is-style-rounded\"><img loading=\"lazy\" decoding=\"async\" width=\"995\" height=\"795\" data-id=\"6085\" src=\"https:\/\/www.cadeaux.com\/blog\/wp-content\/uploads\/2020\/12\/gourmette-coccinnelle-en-argent.png\" alt=\"Gourmette coccinelle en argent\" class=\"wp-image-6085\" srcset=\"https:\/\/www.cadeaux.com\/blog\/wp-content\/uploads\/2020\/12\/gourmette-coccinnelle-en-argent.png 995w, https:\/\/www.cadeaux.com\/blog\/wp-content\/uploads\/2020\/12\/gourmette-coccinnelle-en-argent-300x240.png 300w, https:\/\/www.cadeaux.com\/blog\/wp-content\/uploads\/2020\/12\/gourmette-coccinnelle-en-argent-768x614.png 768w\" sizes=\"(max-width: 995px) 100vw, 995px\"><\/figure>\n\n\n\n<figure class=\"wp-block-image size-large is-style-rounded\"><img loading=\"lazy\" decoding=\"async\" width=\"800\" height=\"640\" data-id=\"2716\" src=\"https:\/\/www.cadeaux.com\/blog\/wp-content\/uploads\/2020\/08\/collier-colombe-bapteme-3-zoom-2.jpg\" alt=\"\" class=\"wp-image-2716\" srcset=\"https:\/\/www.cadeaux.com\/blog\/wp-content\/uploads\/2020\/08\/collier-colombe-bapteme-3-zoom-2.jpg 800w, https:\/\/www.cadeaux.com\/blog\/wp-content\/uploads\/2020\/08\/collier-colombe-bapteme-3-zoom-2-300x240.jpg 300w, https:\/\/www.cadeaux.com\/blog\/wp-content\/uploads\/2020\/08\/collier-colombe-bapteme-3-zoom-2-768x614.jpg 768w\" sizes=\"(max-width: 800px) 100vw, 800px\"><\/figure>\n<\/figure>\n\n\n\n<div class=\"wp-block-buttons is-layout-flex wp-block-buttons-is-layout-flex\">\n<div class=\"wp-block-button aligncenter\"><a class=\"wp-block-button__link has-background\" href=\"https:\/\/www.cadeaux.com\/cadeau-bapteme?utm_source=blog&amp;utm_medium=organic&amp;utm_campaign=bapteme\" style=\"background-color:#e6274d\" target=\"_blank\" rel=\"noreferrer noopener\">Voir les produits<\/a><\/div>\n<\/div>\n\n\n\n<p>Avant de se demander <a href=\"https:\/\/www.cadeaux.com\/blog\/quand-donner-la-gourmette-au-bapteme\/\" target=\"_blank\" rel=\"noreferrer noopener\">\u00e0 quel moment\u00a0donner la gourmette au bapt\u00eame<\/a>, votre parrain ou marraine se sont surement demand\u00e9s quel message faire graver dessus. Il y a de fortes chances qu\u2019ils ont fait \u00e9crire votre pr\u00e9nom, votre date de naissance et peut-\u00eatre m\u00eame <strong>le lieu de votre bapt\u00eame<\/strong>.<\/p>\n\n\n\n<div id=\"3\"><h2>Que faire une fois que l\u2019on connait son lieu de bapt\u00eame ?<\/h2><\/div>\n\n\n\n<p>Maintenant que vous connaissez le lieu et la date du bapt\u00eame, il suffit d\u2019<strong>envoyer un courrier \u00e0 la paroisse<\/strong> en question. Le dioc\u00e8se dispose \u00e9galement d\u2019une copie des registres et pourra vous aider si vous ne connaissez pas la date exacte du bapt\u00eame, par exemple. L\u2019acte sera envoy\u00e9 par courrier et vous y retrouverez diff\u00e9rentes informations comme le pr\u00e9nom de l\u2019enfant baptis\u00e9, ceux de\u00a0ses parrains, de son p\u00e8re et de sa m\u00e8re.\u00a0<\/p>\n\n\n","protected":false},"excerpt":{"rendered":"<p>Comme la plupart des \u00e9v\u00e9nements religieux qui jalonnent la vie d\u2019un\u00a0chr\u00e9tien, ils sont act\u00e9s et archiv\u00e9s dans des registres paroissiaux\u00a0afin d\u2019en garder une trace \u00e9crite. Ces archives servent notamment \u00e0 prouver que telle ou telle personne a bien re\u00e7u l\u2019un&#8230;<\/p>\n","protected":false},"author":6,"featured_media":2569,"parent":0,"menu_order":0,"comment_status":"closed","ping_status":"closed","template":"","meta":{"footnotes":""},"categories":[],"tags":[],"acf":[],"yoast_head":"<!-- This site is optimized with the Yoast SEO plugin v21.5 - https:\/\/yoast.com\/wordpress\/plugins\/seo\/ -->\n<title>Comment retrouver son lieu de bapt\u00eame ? - Le Mag de Cadeaux.com<\/title>\n<meta name=\"description\" content=\"Il y a au moins une fois dans notre vie la n\u00e9cessit\u00e9 de retrouver son acte de bapt\u00eame et pour cela vous aurez besoin de retrouver votre lieu de bapt\u00eame.\" \/>\n<meta name=\"robots\" content=\"index, follow, max-snippet:-1, max-image-preview:large, max-video-preview:-1\" \/>\n<link rel=\"canonical\" href=\"https:\/\/www.cadeaux.com\/blog\/comment-retrouver-son-lieu-de-bapteme\/\" \/>\n<meta property=\"og:locale\" content=\"fr_FR\" \/>\n<meta property=\"og:type\" content=\"article\" \/>\n<meta property=\"og:title\" content=\"Comment retrouver son lieu de bapt\u00eame ? - Le Mag de Cadeaux.com\" \/>\n<meta property=\"og:description\" content=\"Il y a au moins une fois dans notre vie la n\u00e9cessit\u00e9 de retrouver son acte de bapt\u00eame et pour cela vous aurez besoin de retrouver votre lieu de bapt\u00eame.\" \/>\n<meta property=\"og:url\" content=\"https:\/\/www.cadeaux.com\/blog\/comment-retrouver-son-lieu-de-bapteme\/\" \/>\n<meta property=\"og:site_name\" content=\"Le Mag de Cadeaux.com\" \/>\n<meta property=\"article:publisher\" content=\"https:\/\/fr-fr.facebook.com\/cadeauxcom\/\" \/>\n<meta property=\"article:modified_time\" content=\"2022-11-23T14:57:19+00:00\" \/>\n<meta property=\"og:image\" content=\"https:\/\/www.cadeaux.com\/blog\/wp-content\/uploads\/2020\/07\/AdobeStock_363561310-1.jpeg\" \/>\n\t<meta property=\"og:image:width\" content=\"1656\" \/>\n\t<meta property=\"og:image:height\" content=\"1000\" \/>\n\t<meta property=\"og:image:type\" content=\"image\/jpeg\" \/>\n<meta name=\"twitter:card\" content=\"summary_large_image\" \/>\n<meta name=\"twitter:label1\" content=\"Dur\u00e9e de lecture estim\u00e9e\" \/>\n\t<meta name=\"twitter:data1\" content=\"5 minutes\" \/>\n<script type=\"application\/ld+json\" class=\"yoast-schema-graph\">{\"@context\":\"https:\/\/schema.org\",\"@graph\":[{\"@type\":\"WebPage\",\"@id\":\"https:\/\/www.cadeaux.com\/blog\/comment-retrouver-son-lieu-de-bapteme\/\",\"url\":\"https:\/\/www.cadeaux.com\/blog\/comment-retrouver-son-lieu-de-bapteme\/\",\"name\":\"Comment retrouver son lieu de bapt\u00eame ? - Le Mag de Cadeaux.com\",\"isPartOf\":{\"@id\":\"https:\/\/www.cadeaux.com\/blog\/#website\"},\"datePublished\":\"2020-08-06T10:13:23+00:00\",\"dateModified\":\"2022-11-23T14:57:19+00:00\",\"description\":\"Il y a au moins une fois dans notre vie la n\u00e9cessit\u00e9 de retrouver son acte de bapt\u00eame et pour cela vous aurez besoin de retrouver votre lieu de bapt\u00eame.\",\"breadcrumb\":{\"@id\":\"https:\/\/www.cadeaux.com\/blog\/comment-retrouver-son-lieu-de-bapteme\/#breadcrumb\"},\"inLanguage\":\"fr-FR\",\"potentialAction\":[{\"@type\":\"ReadAction\",\"target\":[\"https:\/\/www.cadeaux.com\/blog\/comment-retrouver-son-lieu-de-bapteme\/\"]}]},{\"@type\":\"BreadcrumbList\",\"@id\":\"https:\/\/www.cadeaux.com\/blog\/comment-retrouver-son-lieu-de-bapteme\/#breadcrumb\",\"itemListElement\":[{\"@type\":\"ListItem\",\"position\":1,\"name\":\"Accueil\",\"item\":\"https:\/\/www.cadeaux.com\/blog\/\"},{\"@type\":\"ListItem\",\"position\":2,\"name\":\"Comment retrouver son lieu de bapt\u00eame ?\"}]},{\"@type\":\"WebSite\",\"@id\":\"https:\/\/www.cadeaux.com\/blog\/#website\",\"url\":\"https:\/\/www.cadeaux.com\/blog\/\",\"name\":\"Le Mag de Cadeaux.com\",\"description\":\"\",\"publisher\":{\"@id\":\"https:\/\/www.cadeaux.com\/blog\/#organization\"},\"potentialAction\":[{\"@type\":\"SearchAction\",\"target\":{\"@type\":\"EntryPoint\",\"urlTemplate\":\"https:\/\/www.cadeaux.com\/blog\/?s={search_term_string}\"},\"query-input\":\"required name=search_term_string\"}],\"inLanguage\":\"fr-FR\"},{\"@type\":\"Organization\",\"@id\":\"https:\/\/www.cadeaux.com\/blog\/#organization\",\"name\":\"Cadeaux.com\",\"url\":\"https:\/\/www.cadeaux.com\/blog\/\",\"logo\":{\"@type\":\"ImageObject\",\"inLanguage\":\"fr-FR\",\"@id\":\"https:\/\/www.cadeaux.com\/blog\/#\/schema\/logo\/image\/\",\"url\":\"https:\/\/www.cadeaux.com\/blog\/wp-content\/uploads\/2019\/07\/logo-cadeaux.png\",\"contentUrl\":\"https:\/\/www.cadeaux.com\/blog\/wp-content\/uploads\/2019\/07\/logo-cadeaux.png\",\"width\":587,\"height\":120,\"caption\":\"Cadeaux.com\"},\"image\":{\"@id\":\"https:\/\/www.cadeaux.com\/blog\/#\/schema\/logo\/image\/\"},\"sameAs\":[\"https:\/\/fr-fr.facebook.com\/cadeauxcom\/\",\"https:\/\/www.instagram.com\/cadeaux_com\/\"]}]}<\/script>\n<!-- \/ Yoast SEO plugin. -->","yoast_head_json":{"title":"Comment retrouver son lieu de bapt\u00eame ? - Le Mag de Cadeaux.com","description":"Il y a au moins une fois dans notre vie la n\u00e9cessit\u00e9 de retrouver son acte de bapt\u00eame et pour cela vous aurez besoin de retrouver votre lieu de bapt\u00eame.","robots":{"index":"index","follow":"follow","max-snippet":"max-snippet:-1","max-image-preview":"max-image-preview:large","max-video-preview":"max-video-preview:-1"},"canonical":"https:\/\/www.cadeaux.com\/blog\/comment-retrouver-son-lieu-de-bapteme\/","og_locale":"fr_FR","og_type":"article","og_title":"Comment retrouver son lieu de bapt\u00eame ? - Le Mag de Cadeaux.com","og_description":"Il y a au moins une fois dans notre vie la n\u00e9cessit\u00e9 de retrouver son acte de bapt\u00eame et pour cela vous aurez besoin de retrouver votre lieu de bapt\u00eame.","og_url":"https:\/\/www.cadeaux.com\/blog\/comment-retrouver-son-lieu-de-bapteme\/","og_site_name":"Le Mag de Cadeaux.com","article_publisher":"https:\/\/fr-fr.facebook.com\/cadeauxcom\/","article_modified_time":"2022-11-23T14:57:19+00:00","og_image":[{"width":1656,"height":1000,"url":"https:\/\/www.cadeaux.com\/blog\/wp-content\/uploads\/2020\/07\/AdobeStock_363561310-1.jpeg","type":"image\/jpeg"}],"twitter_card":"summary_large_image","twitter_misc":{"Dur\u00e9e de lecture estim\u00e9e":"5 minutes"},"schema":{"@context":"https:\/\/schema.org","@graph":[{"@type":"WebPage","@id":"https:\/\/www.cadeaux.com\/blog\/comment-retrouver-son-lieu-de-bapteme\/","url":"https:\/\/www.cadeaux.com\/blog\/comment-retrouver-son-lieu-de-bapteme\/","name":"Comment retrouver son lieu de bapt\u00eame ? - Le Mag de Cadeaux.com","isPartOf":{"@id":"https:\/\/www.cadeaux.com\/blog\/#website"},"datePublished":"2020-08-06T10:13:23+00:00","dateModified":"2022-11-23T14:57:19+00:00","description":"Il y a au moins une fois dans notre vie la n\u00e9cessit\u00e9 de retrouver son acte de bapt\u00eame et pour cela vous aurez besoin de retrouver votre lieu de bapt\u00eame.","breadcrumb":{"@id":"https:\/\/www.cadeaux.com\/blog\/comment-retrouver-son-lieu-de-bapteme\/#breadcrumb"},"inLanguage":"fr-FR","potentialAction":[{"@type":"ReadAction","target":["https:\/\/www.cadeaux.com\/blog\/comment-retrouver-son-lieu-de-bapteme\/"]}]},{"@type":"BreadcrumbList","@id":"https:\/\/www.cadeaux.com\/blog\/comment-retrouver-son-lieu-de-bapteme\/#breadcrumb","itemListElement":[{"@type":"ListItem","position":1,"name":"Accueil","item":"https:\/\/www.cadeaux.com\/blog\/"},{"@type":"ListItem","position":2,"name":"Comment retrouver son lieu de bapt\u00eame ?"}]},{"@type":"WebSite","@id":"https:\/\/www.cadeaux.com\/blog\/#website","url":"https:\/\/www.cadeaux.com\/blog\/","name":"Le Mag de Cadeaux.com","description":"","publisher":{"@id":"https:\/\/www.cadeaux.com\/blog\/#organization"},"potentialAction":[{"@type":"SearchAction","target":{"@type":"EntryPoint","urlTemplate":"https:\/\/www.cadeaux.com\/blog\/?s={search_term_string}"},"query-input":"required name=search_term_string"}],"inLanguage":"fr-FR"},{"@type":"Organization","@id":"https:\/\/www.cadeaux.com\/blog\/#organization","name":"Cadeaux.com","url":"https:\/\/www.cadeaux.com\/blog\/","logo":{"@type":"ImageObject","inLanguage":"fr-FR","@id":"https:\/\/www.cadeaux.com\/blog\/#\/schema\/logo\/image\/","url":"https:\/\/www.cadeaux.com\/blog\/wp-content\/uploads\/2019\/07\/logo-cadeaux.png","contentUrl":"https:\/\/www.cadeaux.com\/blog\/wp-content\/uploads\/2019\/07\/logo-cadeaux.png","width":587,"height":120,"caption":"Cadeaux.com"},"image":{"@id":"https:\/\/www.cadeaux.com\/blog\/#\/schema\/logo\/image\/"},"sameAs":["https:\/\/fr-fr.facebook.com\/cadeauxcom\/","https:\/\/www.instagram.com\/cadeaux_com\/"]}]}},"_links":{"self":[{"href":"https:\/\/www.cadeaux.com\/blog\/wp-json\/wp\/v2\/pages\/2564"}],"collection":[{"href":"https:\/\/www.cadeaux.com\/blog\/wp-json\/wp\/v2\/pages"}],"about":[{"href":"https:\/\/www.cadeaux.com\/blog\/wp-json\/wp\/v2\/types\/page"}],"author":[{"embeddable":true,"href":"https:\/\/www.cadeaux.com\/blog\/wp-json\/wp\/v2\/users\/6"}],"replies":[{"embeddable":true,"href":"https:\/\/www.cadeaux.com\/blog\/wp-json\/wp\/v2\/comments?post=2564"}],"version-history":[{"count":11,"href":"https:\/\/www.cadeaux.com\/blog\/wp-json\/wp\/v2\/pages\/2564\/revisions"}],"predecessor-version":[{"id":6351,"href":"https:\/\/www.cadeaux.com\/blog\/wp-json\/wp\/v2\/pages\/2564\/revisions\/6351"}],"wp:featuredmedia":[{"embeddable":true,"href":"https:\/\/www.cadeaux.com\/blog\/wp-json\/wp\/v2\/media\/2569"}],"wp:attachment":[{"href":"https:\/\/www.cadeaux.com\/blog\/wp-json\/wp\/v2\/media?parent=2564"}],"wp:term":[{"taxonomy":"category","embeddable":true,"href":"https:\/\/www.cadeaux.com\/blog\/wp-json\/wp\/v2\/categories?post=2564"},{"taxonomy":"post_tag","embeddable":true,"href":"https:\/\/www.cadeaux.com\/blog\/wp-json\/wp\/v2\/tags?post=2564"}],"curies":[{"name":"wp","href":"https:\/\/api.w.org\/{rel}","templated":true}]}}