{"id":2549,"date":"2020-08-06T12:13:11","date_gmt":"2020-08-06T10:13:11","guid":{"rendered":"https:\/\/www.cadeaux.com\/blog\/?page_id=2549"},"modified":"2022-11-23T15:55:02","modified_gmt":"2022-11-23T14:55:02","slug":"comment-recevoir-le-bapteme-de-feu","status":"publish","type":"page","link":"https:\/\/www.cadeaux.com\/blog\/comment-recevoir-le-bapteme-de-feu\/","title":{"rendered":"Comment recevoir le bapt\u00eame de feu ?"},"content":{"rendered":"<p><strong>Le bapt\u00eame de\u00a0feu est un bapt\u00eame pratiqu\u00e9 par plusieurs mouvements chr\u00e9tiens, le plus souvent \u00e9vang\u00e9liques. Il fait r\u00e9f\u00e9rence au bapt\u00eame de J\u00e9sus par Jean le Baptiste, qui annon\u00e7a par la m\u00eame occasion qu\u2019un bapt\u00eame du Saint-Esprit serait donn\u00e9 par quelqu\u2019un de plus puissant que lui. Les disciples du Christ reconnurent J\u00e9sus, en cet \u00eatre plus puissant. Selon les mouvements \u00e9vang\u00e9liques, ce bapt\u00eame du Saint-Esprit eut lieu \u00e0 la Pentec\u00f4te, lorsque les ap\u00f4tres re\u00e7urent les langues de feu et furent t\u00e9moins de la r\u00e9surrection du Christ. C\u2019est ce bapt\u00eame que cherchent \u00e0 recevoir les croyants appartenants \u00e0 un mouvement pentec\u00f4tiste.<\/strong><\/p>\n\n\n\n<ul>\n    <li><strong><a href=\"#1\">La signification du bapt\u00eame de feu<\/a><\/strong><\/li>\n    <li><strong><a href=\"#2\">Pourquoi recevoir le bapt\u00eame de feu<\/a><\/strong><\/li>\n    <li><strong><a href=\"#3\">Exemples de pri\u00e8res pour un bapt\u00eame de feu<\/a><\/strong><\/li>\n<\/ul>\n\n\n<div class=\"wp-block-image is-style-rounded\">\n<figure class=\"aligncenter size-large\"><img fetchpriority=\"high\" decoding=\"async\" width=\"576\" height=\"296\" src=\"https:\/\/www.cadeaux.com\/blog\/wp-content\/uploads\/2020\/07\/colombe-pentecote-feu.jpg\" alt=\"Colombe de feu, symbole des mouvements \u00e9vang\u00e9liques et de comment recevoir le bapt\u00eame de feu\" class=\"wp-image-2560\" srcset=\"https:\/\/www.cadeaux.com\/blog\/wp-content\/uploads\/2020\/07\/colombe-pentecote-feu.jpg 576w, https:\/\/www.cadeaux.com\/blog\/wp-content\/uploads\/2020\/07\/colombe-pentecote-feu-300x154.jpg 300w\" sizes=\"(max-width: 576px) 100vw, 576px\"><\/figure><\/div>\n\n\n<div id=\"1\"><h2>La signification du bapt\u00eame de feu<\/h2><\/div>\n\n\n\n<p>Dans le langage courant le bapt\u00eame de\u00a0feu n\u2019a rien de religieux. De nos jours, cette expression est utilis\u00e9e\u00a0\u00e0 tout-va, pour d\u00e9signer quelque chose, une exp\u00e9rience que l\u2019on fait pour la premi\u00e8re fois. L\u2019expression provient du jargon militaire, qui parle de bapt\u00eame du feu lorsqu\u2019un soldat est confront\u00e9 pour la premi\u00e8re fois \u00e0 un obstacle.<\/p>\n\n\n\n<p>Pourtant, peu de gens le savent mais les militaires l\u2019ont eux-m\u00eames emprunt\u00e9 \u00e0 la Bible. L\u2019expression fait r\u00e9f\u00e9rence au rite du bapt\u00eame pratiqu\u00e9 par Jean le Baptiste, et dont les faits sont relat\u00e9s par les \u00e9vangiles des trois ap\u00f4tres Matthieu, Marc et Luc. : <\/p>\n\n\n\n<blockquote class=\"wp-block-quote\"><p><em>\u00ab Moi, je vous baptise d\u2019eau, pour vous amener \u00e0 la repentance\u00a0; mais celui qui vient apr\u00e8s moi est plus puissant que moi, et je ne suis pas digne de porter ses souliers. Lui, il vous baptisera du Saint-Esprit et de feu. \u00bb<\/em><\/p><cite>(Mt. 3,11)<\/cite><\/blockquote>\n\n\n\n<p>En ce sens, pour certains courants christiques, cet extrait biblique est la fondation de toutes leurs croyances, faisant m\u00eame du bapt\u00eame de\u00a0feu, l\u2019un des rites de passage essentiels \u00e0 leur vie. L\u2019\u0153uvre de Dieu qui se produisit le jour de la Pentec\u00f4te et qui s\u2019est notamment manifest\u00e9e par\u00a0la glossolalie est \u00e0 l\u2019origine de nombreux actes de foi.<\/p>\n\n\n\n<div id=\"2\"><h2>Pourquoi recevoir le bapt\u00eame de feu<\/h2><\/div>\n\n\n\n<p>Les rites protestants sont multiples. Chacun d\u2019eux a ses sp\u00e9cificit\u00e9s, ce qui peut parfois cr\u00e9er une confusion lorsqu\u2019on recherche des informations sur l\u2019une ou l\u2019autre tradition. Une chose est commune \u00e0 tous les rites protestants, et m\u00eame chr\u00e9tiens de fa\u00e7on g\u00e9n\u00e9rale, c\u2019est le bapt\u00eame. Cependant, l\u00e0 aussi, la signification ou les traditions li\u00e9es \u00e0 la pratique du bapt\u00eame peuvent diff\u00e9rer d\u2019un courant \u00e0 l\u2019autre.<\/p>\n\n\n\n<p>Par exemple, les courants \u00e9vang\u00e9liques ou pentec\u00f4tistes accorderont une importance particuli\u00e8re au bapt\u00eame du Saint-Esprit. M\u00eame si l\u2019Esprit Saint est une notion importante pour tous les chr\u00e9tiens, les catholiques, par exemple, accordent plut\u00f4t une importance au bapt\u00eame de l\u2019eau, qui suffit pour que le\u00a0cat\u00e9chum\u00e8ne soit accueilli dans la foi chr\u00e9tienne. <\/p>\n\n\n\n<p>Les pentec\u00f4tistes et autres \u00e9vang\u00e9liques voient dans le bapt\u00eame une n\u00e9cessit\u00e9 de conscience, qui permet r\u00e9ellement au baptis\u00e9 d\u2019\u00eatre touch\u00e9 par l\u2019Esprit Saint, tout comme le furent les disciples de J\u00e9sus lorsqu\u2019ils ont \u00e9t\u00e9 t\u00e9moins de la r\u00e9surrection du Christ \u00e0 la Pentec\u00f4te. <\/p>\n\n\n\n<blockquote class=\"wp-block-quote\"><p><em>\u00ab Le jour de la Pentec\u00f4te, ils \u00e9taient tous ensemble dans le m\u00eame lieu. Tout \u00e0 coup il vint du ciel un bruit comme celui d\u2019un vent imp\u00e9tueux, et il remplit toute la maison o\u00f9 ils \u00e9taient assis.\u00a0Des langues, semblables \u00e0 des langues de feu, leur apparurent, s\u00e9par\u00e9es les unes des autres, et se pos\u00e8rent sur chacun d\u2019eux.\u00a0Et ils furent tous remplis du Saint-Esprit, et se mirent \u00e0 parler en d\u2019autres langues, selon que l\u2019Esprit leur donnait de s\u2019exprimer. \u00bb<\/em><\/p><cite>(Actes 2: 1-4)<\/cite><\/blockquote>\n\n\n<div class=\"wp-block-image is-style-rounded\">\n<figure class=\"aligncenter size-large\"><img decoding=\"async\" width=\"1024\" height=\"683\" src=\"https:\/\/www.cadeaux.com\/blog\/wp-content\/uploads\/2020\/07\/AdobeStock_300735907-1-1024x683.jpeg\" alt=\"Feu qui cr\u00e9pite dans l'\u00e2tre\" class=\"wp-image-2556\" srcset=\"https:\/\/www.cadeaux.com\/blog\/wp-content\/uploads\/2020\/07\/AdobeStock_300735907-1-1024x683.jpeg 1024w, https:\/\/www.cadeaux.com\/blog\/wp-content\/uploads\/2020\/07\/AdobeStock_300735907-1-300x200.jpeg 300w, https:\/\/www.cadeaux.com\/blog\/wp-content\/uploads\/2020\/07\/AdobeStock_300735907-1-768x512.jpeg 768w, https:\/\/www.cadeaux.com\/blog\/wp-content\/uploads\/2020\/07\/AdobeStock_300735907-1.jpeg 1500w\" sizes=\"(max-width: 1024px) 100vw, 1024px\"><\/figure><\/div>\n\n\n<p>Tout ceux qui souhaitent recevoir le bapt\u00eame du Saint-Esprit\u00a0savent\u00a0<a href=\"https:\/\/www.cadeaux.com\/blog\/importance-du-bapteme\/\" target=\"_blank\" rel=\"noreferrer noopener\">quelle est l\u2019importance du bapt\u00eame<\/a>. Pour eux, il s\u2019agit d\u2019une r\u00e9surrection, de l\u2019entr\u00e9e dans une nouvelle vie, symbolisant la repentance. <\/p>\n\n\n\n<p>C\u2019est pourquoi, pour ces chr\u00e9tiens, qu\u2019ils soient pentec\u00f4tistes, anabaptistes ou charismatiques, il est impossible\u00a0de baptiser les enfants. <strong>Ce sont des hommes et des femmes adultes qui se baptisent<\/strong>. Les actes pos\u00e9s au bapt\u00eame doivent \u00eatre r\u00e9alis\u00e9s et compris. Le cat\u00e9chum\u00e8ne doit avoir la foi et \u00eatre conscient de ses actes. Il s\u2019agit ici d\u2019une diff\u00e9rence majeure avec la pratique du bapt\u00eame dans la religion catholique et dans certains courants protestants qui ne baptisent pas les hommes mais les b\u00e9b\u00e9s.<\/p>\n\n\n\n<div id=\"3\"><h2>Exemples de pri\u00e8res pour un bapt\u00eame de feu<\/h2><\/div>\n\n\n\n<p>Une pri\u00e8re est une demande personnelle que le croyant adresse \u00e0 Dieu, \u00e0 J\u00e9sus, \u00e0 un Saint,\u00a0et celle-ci est d\u2019autant plus sinc\u00e8re si elle est personnelle. Que l\u2019on cherche \u00e0 \u00eatre repenti, la voie du Christ ou \u00e0 recevoir le bapt\u00eame de l\u2019esprit et de feu, <strong>la pri\u00e8re est toujours plus efficace si elle \u00e9mane d\u2019une formulation personnelle<\/strong>. <\/p>\n\n\n\n<p>Seules les pri\u00e8res canoniques, impos\u00e9es par certains mouvements ou courants christiques sont des pri\u00e8res communes \u00e0 tous. Mais dans la plupart des cas, les pri\u00e8res connaissent de multiples versions. M\u00eame dans le cas de l\u2019\u00c9glise catholique, qui fait d\u2019habitude preuve de rigidit\u00e9, il y a une souplesse en la mati\u00e8re.\u00a0<\/p>\n\n\n\n<p>Malgr\u00e9 l\u2019importance du bapt\u00eame, qui est consid\u00e9r\u00e9 comme un sacrement, la <a href=\"https:\/\/www.cadeaux.com\/blog\/la-priere-de-lassemblee-pour-un-bapteme\/\" target=\"_blank\" rel=\"noreferrer noopener\">pri\u00e8re de l\u2019assembl\u00e9e pour un bapt\u00eame<\/a>, r\u00e9cit\u00e9e lors d\u2019une c\u00e9r\u00e9monie catholique, connait de multiples versions et aucun texte officiel ne circule.\u00a0<\/p>\n\n\n\n<p>La souplesse et la personnalisation de la pri\u00e8re sont confort\u00e9es par\u00a0la Bible. L\u2019\u00c9vangile de\u00a0Luc\u00a0(11:9-13) nous\u00a0dit : <\/p>\n\n\n\n<blockquote class=\"wp-block-quote\"><p><em>\u00ab Et moi, je vous dis\u00a0: Demandez et l\u2019on vous donnera\u00a0; cherchez et vous trouverez\u00a0; frappez et l\u2019on vous ouvrira. Car quiconque demande re\u00e7oit, celui qui cherche trouve et l\u2019on ouvre \u00e0 celui qui frappe. Quel est parmi vous le p\u00e8re qui donnera une pierre \u00e0 son fils, s\u2019il lui demande du pain\u00a0? Ou, s\u2019il demande un poisson, lui donnera-t-il un serpent au lieu d\u2019un poisson\u00a0? Ou, s\u2019il demande un \u0153uf, lui donnera-t-il un scorpion\u00a0? Si donc, m\u00e9chants comme vous l\u2019\u00eates, vous savez donner de bonnes choses \u00e0 vos enfants, \u00e0 combien plus forte raison le P\u00e8re c\u00e9leste donnera-t-il le Saint-Esprit \u00e0 ceux qui le lui demandent. \u00bb<\/em><\/p><\/blockquote>\n\n\n\n<p>Une pri\u00e8re est une demande et quiconque demande, aura une r\u00e9ponse. Voici n\u00e9anmoins l\u2019exemple d\u2019une <a href=\"https:\/\/www.cadeaux.com\/blog\/la-priere-pour-recevoir-le-bapteme-du-saint-esprit\/\" target=\"_blank\" rel=\"noreferrer noopener\">pri\u00e8re pour recevoir le bapt\u00eame du Saint-Esprit<\/a>,\u00a0que vous pouvez adapter.\u00a0<\/p>\n\n\n\n<h3 class=\"wp-block-heading\">PSAUME 26<\/h3>\n\n\n\n<blockquote class=\"wp-block-quote\"><p>\u00ab\u00a0Ma lumi\u00e8re est mon salut c\u2019est le Seigneur All\u00e9luia<br>Le Seigneur est ma lumi\u00e8re et mon salut ;<br>De qui aurais-je crainte ?<br>Le Seigneur est le rempart de ma vie<br>Devant qui tremblerais-je ?<br>Ma lumi\u00e8re est mon salut c\u2019est le Seigneur All\u00e9luia<br>J\u2019ai demand\u00e9 une chose au Seigneur,<br>La seule que je cherche : Habiter la maison du Seigneur<br>Tous les jours de ma vie.<br>Ma lumi\u00e8re est mon salut c\u2019est le Seigneur All\u00e9luia<br>Ecoute, Seigneur je t\u2019appelle ! Piti\u00e9 ! r\u00e9ponds moi !<br>C\u2019est ta face, Seigneur que je cherche : Ne me cache pas ta face.<br>Ma lumi\u00e8re est mon salut c\u2019est le Seigneur All\u00e9luia<br>Mais j\u2019en suis s\u00fbr, je verrai les bont\u00e9s du Seigneur<br>Sur la terre des vivants.<br>\u00ab Esp\u00e8re le Seigneur, sois fort et prends courage ; esp\u00e8re le Seigneur. \u00bb<br>Ma lumi\u00e8re est mon salut c\u2019est le Seigneur All\u00e9luia\u00a0\u00bb<\/p><\/blockquote>\n\n\n\n<blockquote class=\"wp-block-quote\"><p>\u00ab\u00a0Sois b\u00e9ni Sois b\u00e9ni \u2026<br>Avant c\u2019\u00e9tait la nuit,<br>Mais regarde aujourd\u2019hui,<br>Si tes amis sourient<br>C\u2019est que Dieu t\u2019as choisi.<br>Le signe de la croix<br>Qu\u2019on tracera sur toi<br>Sera comme une \u00e9toile<br>Et guidera tes pas<br>Et ces bougies-lumi\u00e8res?<br>Elles sont une pri\u00e8re<br>Qui monte de la terre<br>Vers Dieu notre P\u00e8re lui dire que nous sommes fr\u00e8res<br>Cette eau d\u2019\u00e9ternit\u00e9 source de puret\u00e9 fait que tout a chang\u00e9<br>Car tu es baptis\u00e9<br>Enfant illumin\u00e9<br>L\u2019esprit qui souffle en toi<br>T\u2019apporte cette m\u00eame foi<br>Qui nous donne la joie.<br>Nous unissons nos voix de baptis\u00e9s pour toi\u00a0\u00bb<\/p><\/blockquote>\n\n\n\n<figure class=\"wp-block-gallery aligncenter has-nested-images columns-default is-cropped wp-block-gallery-1 is-layout-flex wp-block-gallery-is-layout-flex\">\n<figure class=\"wp-block-image size-large is-style-rounded\"><img decoding=\"async\" width=\"800\" height=\"640\" data-id=\"2709\" src=\"https:\/\/www.cadeaux.com\/blog\/wp-content\/uploads\/2020\/08\/collier-croix-bapteme-3-zoom-1.jpg\" alt=\"\" class=\"wp-image-2709\" srcset=\"https:\/\/www.cadeaux.com\/blog\/wp-content\/uploads\/2020\/08\/collier-croix-bapteme-3-zoom-1.jpg 800w, https:\/\/www.cadeaux.com\/blog\/wp-content\/uploads\/2020\/08\/collier-croix-bapteme-3-zoom-1-300x240.jpg 300w, https:\/\/www.cadeaux.com\/blog\/wp-content\/uploads\/2020\/08\/collier-croix-bapteme-3-zoom-1-768x614.jpg 768w\" sizes=\"(max-width: 800px) 100vw, 800px\"><\/figure>\n\n\n\n<figure class=\"wp-block-image size-large is-style-rounded\"><img loading=\"lazy\" decoding=\"async\" width=\"800\" height=\"640\" data-id=\"2710\" src=\"https:\/\/www.cadeaux.com\/blog\/wp-content\/uploads\/2020\/08\/collier-colombe-bapteme-3-zoom-1.jpg\" alt=\"\" class=\"wp-image-2710\" srcset=\"https:\/\/www.cadeaux.com\/blog\/wp-content\/uploads\/2020\/08\/collier-colombe-bapteme-3-zoom-1.jpg 800w, https:\/\/www.cadeaux.com\/blog\/wp-content\/uploads\/2020\/08\/collier-colombe-bapteme-3-zoom-1-300x240.jpg 300w, https:\/\/www.cadeaux.com\/blog\/wp-content\/uploads\/2020\/08\/collier-colombe-bapteme-3-zoom-1-768x614.jpg 768w\" sizes=\"(max-width: 800px) 100vw, 800px\"><\/figure>\n<\/figure>\n\n\n\n<div class=\"wp-block-buttons is-layout-flex wp-block-buttons-is-layout-flex\">\n<div class=\"wp-block-button aligncenter\"><a class=\"wp-block-button__link has-background\" href=\"https:\/\/www.cadeaux.com\/cadeau-bapteme?utm_source=blog&amp;utm_medium=organic&amp;utm_campaign=bapteme\" style=\"background-color:#e6274d\" target=\"_blank\" rel=\"noreferrer noopener\">Voir les produits<\/a><\/div>\n<\/div>\n\n\n","protected":false},"excerpt":{"rendered":"<p>Le bapt\u00eame de\u00a0feu est un bapt\u00eame pratiqu\u00e9 par plusieurs mouvements chr\u00e9tiens, le plus souvent \u00e9vang\u00e9liques. Il fait r\u00e9f\u00e9rence au bapt\u00eame de J\u00e9sus par Jean le Baptiste, qui annon\u00e7a par la m\u00eame occasion qu\u2019un bapt\u00eame du Saint-Esprit serait donn\u00e9 par quelqu\u2019un&#8230;<\/p>\n","protected":false},"author":6,"featured_media":2560,"parent":0,"menu_order":0,"comment_status":"closed","ping_status":"closed","template":"","meta":{"footnotes":""},"categories":[],"tags":[],"acf":[],"yoast_head":"<!-- This site is optimized with the Yoast SEO plugin v21.5 - https:\/\/yoast.com\/wordpress\/plugins\/seo\/ -->\n<title>Comment recevoir le bapt\u00eame de feu ? - Le Mag de Cadeaux.com<\/title>\n<meta name=\"description\" content=\"Le bapt\u00eame de\u00a0feu est pratiqu\u00e9 par plusieurs mouvements chr\u00e9tiens. D\u00e9couvrez sa signification, pourquoi le recevoir et des exemples de pri\u00e8res.\" \/>\n<meta name=\"robots\" content=\"index, follow, max-snippet:-1, max-image-preview:large, max-video-preview:-1\" \/>\n<link rel=\"canonical\" href=\"https:\/\/www.cadeaux.com\/blog\/comment-recevoir-le-bapteme-de-feu\/\" \/>\n<meta property=\"og:locale\" content=\"fr_FR\" \/>\n<meta property=\"og:type\" content=\"article\" \/>\n<meta property=\"og:title\" content=\"Comment recevoir le bapt\u00eame de feu ? - Le Mag de Cadeaux.com\" \/>\n<meta property=\"og:description\" content=\"Le bapt\u00eame de\u00a0feu est pratiqu\u00e9 par plusieurs mouvements chr\u00e9tiens. D\u00e9couvrez sa signification, pourquoi le recevoir et des exemples de pri\u00e8res.\" \/>\n<meta property=\"og:url\" content=\"https:\/\/www.cadeaux.com\/blog\/comment-recevoir-le-bapteme-de-feu\/\" \/>\n<meta property=\"og:site_name\" content=\"Le Mag de Cadeaux.com\" \/>\n<meta property=\"article:publisher\" content=\"https:\/\/fr-fr.facebook.com\/cadeauxcom\/\" \/>\n<meta property=\"article:modified_time\" content=\"2022-11-23T14:55:02+00:00\" \/>\n<meta property=\"og:image\" content=\"https:\/\/www.cadeaux.com\/blog\/wp-content\/uploads\/2020\/07\/colombe-pentecote-feu.jpg\" \/>\n\t<meta property=\"og:image:width\" content=\"576\" \/>\n\t<meta property=\"og:image:height\" content=\"296\" \/>\n\t<meta property=\"og:image:type\" content=\"image\/jpeg\" \/>\n<meta name=\"twitter:card\" content=\"summary_large_image\" \/>\n<meta name=\"twitter:label1\" content=\"Dur\u00e9e de lecture estim\u00e9e\" \/>\n\t<meta name=\"twitter:data1\" content=\"8 minutes\" \/>\n<script type=\"application\/ld+json\" class=\"yoast-schema-graph\">{\"@context\":\"https:\/\/schema.org\",\"@graph\":[{\"@type\":\"WebPage\",\"@id\":\"https:\/\/www.cadeaux.com\/blog\/comment-recevoir-le-bapteme-de-feu\/\",\"url\":\"https:\/\/www.cadeaux.com\/blog\/comment-recevoir-le-bapteme-de-feu\/\",\"name\":\"Comment recevoir le bapt\u00eame de feu ? - Le Mag de Cadeaux.com\",\"isPartOf\":{\"@id\":\"https:\/\/www.cadeaux.com\/blog\/#website\"},\"datePublished\":\"2020-08-06T10:13:11+00:00\",\"dateModified\":\"2022-11-23T14:55:02+00:00\",\"description\":\"Le bapt\u00eame de\u00a0feu est pratiqu\u00e9 par plusieurs mouvements chr\u00e9tiens. D\u00e9couvrez sa signification, pourquoi le recevoir et des exemples de pri\u00e8res.\",\"breadcrumb\":{\"@id\":\"https:\/\/www.cadeaux.com\/blog\/comment-recevoir-le-bapteme-de-feu\/#breadcrumb\"},\"inLanguage\":\"fr-FR\",\"potentialAction\":[{\"@type\":\"ReadAction\",\"target\":[\"https:\/\/www.cadeaux.com\/blog\/comment-recevoir-le-bapteme-de-feu\/\"]}]},{\"@type\":\"BreadcrumbList\",\"@id\":\"https:\/\/www.cadeaux.com\/blog\/comment-recevoir-le-bapteme-de-feu\/#breadcrumb\",\"itemListElement\":[{\"@type\":\"ListItem\",\"position\":1,\"name\":\"Accueil\",\"item\":\"https:\/\/www.cadeaux.com\/blog\/\"},{\"@type\":\"ListItem\",\"position\":2,\"name\":\"Comment recevoir le bapt\u00eame de feu ?\"}]},{\"@type\":\"WebSite\",\"@id\":\"https:\/\/www.cadeaux.com\/blog\/#website\",\"url\":\"https:\/\/www.cadeaux.com\/blog\/\",\"name\":\"Le Mag de Cadeaux.com\",\"description\":\"\",\"publisher\":{\"@id\":\"https:\/\/www.cadeaux.com\/blog\/#organization\"},\"potentialAction\":[{\"@type\":\"SearchAction\",\"target\":{\"@type\":\"EntryPoint\",\"urlTemplate\":\"https:\/\/www.cadeaux.com\/blog\/?s={search_term_string}\"},\"query-input\":\"required name=search_term_string\"}],\"inLanguage\":\"fr-FR\"},{\"@type\":\"Organization\",\"@id\":\"https:\/\/www.cadeaux.com\/blog\/#organization\",\"name\":\"Cadeaux.com\",\"url\":\"https:\/\/www.cadeaux.com\/blog\/\",\"logo\":{\"@type\":\"ImageObject\",\"inLanguage\":\"fr-FR\",\"@id\":\"https:\/\/www.cadeaux.com\/blog\/#\/schema\/logo\/image\/\",\"url\":\"https:\/\/www.cadeaux.com\/blog\/wp-content\/uploads\/2019\/07\/logo-cadeaux.png\",\"contentUrl\":\"https:\/\/www.cadeaux.com\/blog\/wp-content\/uploads\/2019\/07\/logo-cadeaux.png\",\"width\":587,\"height\":120,\"caption\":\"Cadeaux.com\"},\"image\":{\"@id\":\"https:\/\/www.cadeaux.com\/blog\/#\/schema\/logo\/image\/\"},\"sameAs\":[\"https:\/\/fr-fr.facebook.com\/cadeauxcom\/\",\"https:\/\/www.instagram.com\/cadeaux_com\/\"]}]}<\/script>\n<!-- \/ Yoast SEO plugin. -->","yoast_head_json":{"title":"Comment recevoir le bapt\u00eame de feu ? - Le Mag de Cadeaux.com","description":"Le bapt\u00eame de\u00a0feu est pratiqu\u00e9 par plusieurs mouvements chr\u00e9tiens. D\u00e9couvrez sa signification, pourquoi le recevoir et des exemples de pri\u00e8res.","robots":{"index":"index","follow":"follow","max-snippet":"max-snippet:-1","max-image-preview":"max-image-preview:large","max-video-preview":"max-video-preview:-1"},"canonical":"https:\/\/www.cadeaux.com\/blog\/comment-recevoir-le-bapteme-de-feu\/","og_locale":"fr_FR","og_type":"article","og_title":"Comment recevoir le bapt\u00eame de feu ? - Le Mag de Cadeaux.com","og_description":"Le bapt\u00eame de\u00a0feu est pratiqu\u00e9 par plusieurs mouvements chr\u00e9tiens. D\u00e9couvrez sa signification, pourquoi le recevoir et des exemples de pri\u00e8res.","og_url":"https:\/\/www.cadeaux.com\/blog\/comment-recevoir-le-bapteme-de-feu\/","og_site_name":"Le Mag de Cadeaux.com","article_publisher":"https:\/\/fr-fr.facebook.com\/cadeauxcom\/","article_modified_time":"2022-11-23T14:55:02+00:00","og_image":[{"width":576,"height":296,"url":"https:\/\/www.cadeaux.com\/blog\/wp-content\/uploads\/2020\/07\/colombe-pentecote-feu.jpg","type":"image\/jpeg"}],"twitter_card":"summary_large_image","twitter_misc":{"Dur\u00e9e de lecture estim\u00e9e":"8 minutes"},"schema":{"@context":"https:\/\/schema.org","@graph":[{"@type":"WebPage","@id":"https:\/\/www.cadeaux.com\/blog\/comment-recevoir-le-bapteme-de-feu\/","url":"https:\/\/www.cadeaux.com\/blog\/comment-recevoir-le-bapteme-de-feu\/","name":"Comment recevoir le bapt\u00eame de feu ? - Le Mag de Cadeaux.com","isPartOf":{"@id":"https:\/\/www.cadeaux.com\/blog\/#website"},"datePublished":"2020-08-06T10:13:11+00:00","dateModified":"2022-11-23T14:55:02+00:00","description":"Le bapt\u00eame de\u00a0feu est pratiqu\u00e9 par plusieurs mouvements chr\u00e9tiens. D\u00e9couvrez sa signification, pourquoi le recevoir et des exemples de pri\u00e8res.","breadcrumb":{"@id":"https:\/\/www.cadeaux.com\/blog\/comment-recevoir-le-bapteme-de-feu\/#breadcrumb"},"inLanguage":"fr-FR","potentialAction":[{"@type":"ReadAction","target":["https:\/\/www.cadeaux.com\/blog\/comment-recevoir-le-bapteme-de-feu\/"]}]},{"@type":"BreadcrumbList","@id":"https:\/\/www.cadeaux.com\/blog\/comment-recevoir-le-bapteme-de-feu\/#breadcrumb","itemListElement":[{"@type":"ListItem","position":1,"name":"Accueil","item":"https:\/\/www.cadeaux.com\/blog\/"},{"@type":"ListItem","position":2,"name":"Comment recevoir le bapt\u00eame de feu ?"}]},{"@type":"WebSite","@id":"https:\/\/www.cadeaux.com\/blog\/#website","url":"https:\/\/www.cadeaux.com\/blog\/","name":"Le Mag de Cadeaux.com","description":"","publisher":{"@id":"https:\/\/www.cadeaux.com\/blog\/#organization"},"potentialAction":[{"@type":"SearchAction","target":{"@type":"EntryPoint","urlTemplate":"https:\/\/www.cadeaux.com\/blog\/?s={search_term_string}"},"query-input":"required name=search_term_string"}],"inLanguage":"fr-FR"},{"@type":"Organization","@id":"https:\/\/www.cadeaux.com\/blog\/#organization","name":"Cadeaux.com","url":"https:\/\/www.cadeaux.com\/blog\/","logo":{"@type":"ImageObject","inLanguage":"fr-FR","@id":"https:\/\/www.cadeaux.com\/blog\/#\/schema\/logo\/image\/","url":"https:\/\/www.cadeaux.com\/blog\/wp-content\/uploads\/2019\/07\/logo-cadeaux.png","contentUrl":"https:\/\/www.cadeaux.com\/blog\/wp-content\/uploads\/2019\/07\/logo-cadeaux.png","width":587,"height":120,"caption":"Cadeaux.com"},"image":{"@id":"https:\/\/www.cadeaux.com\/blog\/#\/schema\/logo\/image\/"},"sameAs":["https:\/\/fr-fr.facebook.com\/cadeauxcom\/","https:\/\/www.instagram.com\/cadeaux_com\/"]}]}},"_links":{"self":[{"href":"https:\/\/www.cadeaux.com\/blog\/wp-json\/wp\/v2\/pages\/2549"}],"collection":[{"href":"https:\/\/www.cadeaux.com\/blog\/wp-json\/wp\/v2\/pages"}],"about":[{"href":"https:\/\/www.cadeaux.com\/blog\/wp-json\/wp\/v2\/types\/page"}],"author":[{"embeddable":true,"href":"https:\/\/www.cadeaux.com\/blog\/wp-json\/wp\/v2\/users\/6"}],"replies":[{"embeddable":true,"href":"https:\/\/www.cadeaux.com\/blog\/wp-json\/wp\/v2\/comments?post=2549"}],"version-history":[{"count":13,"href":"https:\/\/www.cadeaux.com\/blog\/wp-json\/wp\/v2\/pages\/2549\/revisions"}],"predecessor-version":[{"id":6349,"href":"https:\/\/www.cadeaux.com\/blog\/wp-json\/wp\/v2\/pages\/2549\/revisions\/6349"}],"wp:featuredmedia":[{"embeddable":true,"href":"https:\/\/www.cadeaux.com\/blog\/wp-json\/wp\/v2\/media\/2560"}],"wp:attachment":[{"href":"https:\/\/www.cadeaux.com\/blog\/wp-json\/wp\/v2\/media?parent=2549"}],"wp:term":[{"taxonomy":"category","embeddable":true,"href":"https:\/\/www.cadeaux.com\/blog\/wp-json\/wp\/v2\/categories?post=2549"},{"taxonomy":"post_tag","embeddable":true,"href":"https:\/\/www.cadeaux.com\/blog\/wp-json\/wp\/v2\/tags?post=2549"}],"curies":[{"name":"wp","href":"https:\/\/api.w.org\/{rel}","templated":true}]}}