{"id":2540,"date":"2020-08-06T12:12:26","date_gmt":"2020-08-06T10:12:26","guid":{"rendered":"https:\/\/www.cadeaux.com\/blog\/?page_id=2540"},"modified":"2023-04-06T14:33:39","modified_gmt":"2023-04-06T12:33:39","slug":"tout-savoir-sur-le-bapteme","status":"publish","type":"page","link":"https:\/\/www.cadeaux.com\/blog\/tout-savoir-sur-le-bapteme\/","title":{"rendered":"Qu&rsquo;est-ce que le bapt\u00eame ?"},"content":{"rendered":"<p>Le bapt\u00eame est un acte religieux, que l\u2019on pratique principalement dans les courants religieux chr\u00e9tiens. En fonction des \u00c9glises et des mouvements, l\u2019\u00e2ge du bapt\u00eame, la c\u00e9r\u00e9monie et m\u00eame la symbolique diff\u00e8rent. Les catholiques ont pour habitude de baptiser les enfants (p\u00e9dobaptisme), alors qu\u2019il s\u2019agit d\u2019un rite de passage qui se pratique \u00e0 l\u2019\u00e2ge adulte (bapt\u00eame du croyant) chez les \u00e9vang\u00e9liques. <strong>Le bapt\u00eame est un rite pour les uns et un v\u00e9ritable sacrement pour d\u2019autres.<\/strong> Il se pratique par immersion, aspersion et effusion. Certains pays, comme la France, permettent m\u00eame le bapt\u00eame civil ou r\u00e9publicain. Et que dire de <a href=\"https:\/\/www.cadeaux.com\/blog\/comment-recevoir-le-bapteme-de-feu\/\" target=\"_blank\" rel=\"noreferrer noopener\">recevoir le bapt\u00eame du feu<\/a>\u00a0? Mais penchons-nous tout d\u2019abord sur le bapt\u00eame religieux, ce qu\u2019il repr\u00e9sente et comment l\u2019organiser.<\/p>\n\n\n\n<ul>\n    <li><strong><a href=\"#1\">Qu\u2019est-ce que le bapt\u00eame ?<\/a><\/strong><\/li>\n    <li><strong><a href=\"#2\">Pourquoi se faire baptiser ?<\/a><\/strong><\/li>\n    <li><strong><a href=\"#3\">Comment organiser un bapt\u00eame ?<\/a><\/strong><\/li>\n<\/ul>\n\n\n<div class=\"wp-block-image\">\n<figure class=\"aligncenter size-large\"><img fetchpriority=\"high\" decoding=\"async\" width=\"1000\" height=\"563\" src=\"https:\/\/www.cadeaux.com\/blog\/wp-content\/uploads\/2020\/07\/bapteme-de-bb1.jpg\" alt=\"Tout savoir sur le bapt\u00eame religieux\" class=\"wp-image-2547\" srcset=\"https:\/\/www.cadeaux.com\/blog\/wp-content\/uploads\/2020\/07\/bapteme-de-bb1.jpg 1000w, https:\/\/www.cadeaux.com\/blog\/wp-content\/uploads\/2020\/07\/bapteme-de-bb1-300x169.jpg 300w, https:\/\/www.cadeaux.com\/blog\/wp-content\/uploads\/2020\/07\/bapteme-de-bb1-768x432.jpg 768w\" sizes=\"(max-width: 1000px) 100vw, 1000px\"><\/figure><\/div>\n\n\n<div id=\"1\"><h2><strong>Qu\u2019est-ce que le bapt\u00eame ?<\/strong><\/h2><\/div>\n\n\n\n<p>Le bapt\u00eame se pratique souvent quand l\u2019enfant est en <strong>bas-\u00e2ge<\/strong>. C\u2019est pourquoi, on peut se demander, une fois adulte, <a href=\"https:\/\/www.cadeaux.com\/blog\/importance-du-bapteme\/\" target=\"_blank\" rel=\"noreferrer noopener\">quelle est l\u2019importance du bapt\u00eame<\/a>. Le bapt\u00eame est, pour tous les chr\u00e9tiens, <strong>une r\u00e9f\u00e9rence au bapt\u00eame de J\u00e9sus par Jean le Baptiste<\/strong>, comme on le retrouve dans les \u00c9vangiles de Matthieu, Marc et Luc.<\/p>\n\n\n\n<p>Lors de son bapt\u00eame, le baptis\u00e9 (enfant ou adulte selon les rites) entre dans la communaut\u00e9 chr\u00e9tienne. L\u2019ensemble des rites, gestes, pri\u00e8res diff\u00e8rent d\u2019une \u00c9glise \u00e0 l\u2019autre. Par exemple, la <a href=\"https:\/\/www.cadeaux.com\/blog\/la-priere-de-lassemblee-pour-un-bapteme\/\" target=\"_blank\" rel=\"noreferrer noopener\">pri\u00e8re de l\u2019assembl\u00e9e pour un bapt\u00eame<\/a> ou la <a href=\"https:\/\/www.cadeaux.com\/blog\/la-priere-pour-recevoir-le-bapteme-du-saint-esprit\/\" target=\"_blank\" rel=\"noreferrer noopener\">pri\u00e8re pour recevoir le bapt\u00eame du Saint-Esprit<\/a> peuvent \u00eatre prononc\u00e9es apr\u00e8s l\u2019immersion et le signe de croix sur le front du baptis\u00e9.<\/p>\n\n\n\n<p>Dans le bapt\u00eame catholique, trois actes sont essentiels. Le signe de croix sur le front du futur baptis\u00e9, le rite de l\u2019eau et la prononciation du bapt\u00eame par trois fois. \u00c0 ce moment pr\u00e9cis, le cat\u00e9chum\u00e8ne (\u00e9tat de l\u2019enfant avant son bapt\u00eame) est baptis\u00e9. Par la suite, le pr\u00eatre lui appose l\u2019huile sainte sur le front, celle-ci symbolisant l\u2019Esprit. L\u2019enfant peut alors porter un v\u00eatement blanc en signe de puret\u00e9, le bapt\u00eame ayant \u00e9galement effac\u00e9 tous les p\u00e9ch\u00e9s. Durant la c\u00e9r\u00e9monie, un parrain et une marraine sont d\u00e9sign\u00e9s pour accompagner le baptis\u00e9 tout au long de sa vie chr\u00e9tienne. <strong>Le parrain et la marraine doivent eux aussi avoir re\u00e7u tous les sacrements<\/strong>.<\/p>\n\n\n\n<p class=\"has-text-align-center\">L\u2019enfant re\u00e7oit g\u00e9n\u00e9ralement son premier bijou de bapt\u00eame personnalis\u00e9 <br>(gourmette ou pendentif) symbolis\u00e9 d\u2019une croix ou d\u2019une colombe.<\/p>\n\n\n\n<div class=\"wp-block-columns is-layout-flex wp-container-7 wp-block-columns-is-layout-flex\">\n<div class=\"wp-block-column is-layout-flow wp-block-column-is-layout-flow\"><div class=\"wp-block-image\">\n<figure class=\"aligncenter size-full\"><img decoding=\"async\" width=\"800\" height=\"640\" src=\"https:\/\/www.cadeaux.com\/blog\/wp-content\/uploads\/2023\/04\/gourmette-argent.jpg\" alt=\"\" class=\"wp-image-13381\" srcset=\"https:\/\/www.cadeaux.com\/blog\/wp-content\/uploads\/2023\/04\/gourmette-argent.jpg 800w, https:\/\/www.cadeaux.com\/blog\/wp-content\/uploads\/2023\/04\/gourmette-argent-300x240.jpg 300w, https:\/\/www.cadeaux.com\/blog\/wp-content\/uploads\/2023\/04\/gourmette-argent-768x614.jpg 768w\" sizes=\"(max-width: 800px) 100vw, 800px\"><figcaption class=\"wp-element-caption\">Gourmettes B\u00e9b\u00e9 Altesse en argent v\u00e9ritable<\/figcaption><\/figure><\/div>\n\n\n<div class=\"wp-block-buttons is-content-justification-center is-layout-flex wp-container-1 wp-block-buttons-is-layout-flex\">\n<div class=\"wp-block-button\"><a class=\"wp-block-button__link has-background wp-element-button\" href=\"https:\/\/www.cadeaux.com\/cadeau-gourmettes-bebe-altesse-argent-p14637?utm_source=blog&amp;utm_medium=organic&amp;utm_campaign=bapteme\" style=\"background-color:#e6274d\" target=\"_blank\" rel=\"noreferrer noopener\">Voir le produit<\/a><\/div>\n<\/div>\n<\/div>\n\n\n\n<div class=\"wp-block-column is-layout-flow wp-block-column-is-layout-flow\"><div class=\"wp-block-image\">\n<figure class=\"aligncenter size-large\"><img decoding=\"async\" width=\"800\" height=\"640\" src=\"https:\/\/www.cadeaux.com\/blog\/wp-content\/uploads\/2020\/08\/collier-colombe-bapteme-3-zoom.jpg\" alt=\"Collier avec pendentif grav\u00e9 d'une colombe, symbole de paix, symbole du bapt\u00eame\" class=\"wp-image-2687\" srcset=\"https:\/\/www.cadeaux.com\/blog\/wp-content\/uploads\/2020\/08\/collier-colombe-bapteme-3-zoom.jpg 800w, https:\/\/www.cadeaux.com\/blog\/wp-content\/uploads\/2020\/08\/collier-colombe-bapteme-3-zoom-300x240.jpg 300w, https:\/\/www.cadeaux.com\/blog\/wp-content\/uploads\/2020\/08\/collier-colombe-bapteme-3-zoom-768x614.jpg 768w\" sizes=\"(max-width: 800px) 100vw, 800px\"><figcaption class=\"wp-element-caption\">Pendentif personnalisable \u2013 Colombe<\/figcaption><\/figure><\/div>\n\n\n<div class=\"wp-block-buttons is-content-justification-center is-layout-flex wp-container-3 wp-block-buttons-is-layout-flex\">\n<div class=\"wp-block-button\"><a class=\"wp-block-button__link has-background wp-element-button\" href=\"https:\/\/www.cadeaux.com\/collier-colombe-bapteme-p14965?utm_source=blog&amp;utm_medium=organic&amp;utm_campaign=bapteme\" style=\"background-color:#e6274d\" target=\"_blank\" rel=\"noreferrer noopener\">Voir le produit<\/a><\/div>\n<\/div>\n<\/div>\n\n\n\n<div class=\"wp-block-column is-layout-flow wp-block-column-is-layout-flow\"><div class=\"wp-block-image\">\n<figure class=\"aligncenter size-large\"><img loading=\"lazy\" decoding=\"async\" width=\"800\" height=\"640\" src=\"https:\/\/www.cadeaux.com\/blog\/wp-content\/uploads\/2020\/08\/collier-croix-bapteme-3-zoom.jpg\" alt=\"Colliers avec pendentifs en forme de croix, disponibles en or et argent. Les pendentifs sont personnalis\u00e9s avec un pr\u00e9nom\" class=\"wp-image-2686\" srcset=\"https:\/\/www.cadeaux.com\/blog\/wp-content\/uploads\/2020\/08\/collier-croix-bapteme-3-zoom.jpg 800w, https:\/\/www.cadeaux.com\/blog\/wp-content\/uploads\/2020\/08\/collier-croix-bapteme-3-zoom-300x240.jpg 300w, https:\/\/www.cadeaux.com\/blog\/wp-content\/uploads\/2020\/08\/collier-croix-bapteme-3-zoom-768x614.jpg 768w\" sizes=\"(max-width: 800px) 100vw, 800px\"><figcaption class=\"wp-element-caption\">Pendentif Croix personnalisable<\/figcaption><\/figure><\/div>\n\n\n<div class=\"wp-block-buttons is-content-justification-center is-layout-flex wp-container-5 wp-block-buttons-is-layout-flex\">\n<div class=\"wp-block-button\"><a class=\"wp-block-button__link has-background wp-element-button\" href=\"https:\/\/www.cadeaux.com\/collier-croix-bapteme-p14966?utm_source=blog&amp;utm_medium=organic&amp;utm_campaign=bapteme\" style=\"background-color:#e6274d\" target=\"_blank\" rel=\"noreferrer noopener\">Voir le produit<\/a><\/div>\n<\/div>\n<\/div>\n<\/div>\n\n\n\n<div id=\"2\"><h2><strong>Pourquoi se faire baptiser\u00a0?<\/strong><\/h2><\/div>\n\n\n\n<p>Le bapt\u00eame est l\u2019un des trois sacrements obligatoires dans la religion catholique. Autrement dit, il est n\u00e9cessaire d\u2019avoir \u00e9t\u00e9 baptis\u00e9 pour accomplir un certain nombre d\u2019autres actes de la vie d\u2019un catholique, le plus fr\u00e9quent \u00e9tant le mariage. Pour se marier religieusement, il est n\u00e9cessaire que <strong>les deux mari\u00e9s aient re\u00e7u les trois sacrements, \u00e0 savoir le bapt\u00eame, l\u2019eucharistie et la confirmation<\/strong>.<\/p>\n\n\n\n<p>Le bapt\u00eame ayant eu lieu, la plupart du temps, dans notre plus tendre enfance, il se peut que l\u2019on ne soit m\u00eame pas au courant si nous avons \u00e9t\u00e9 baptis\u00e9s ou non, et dans quelles circonstances. Il est donc important de savoir <a href=\"https:\/\/www.cadeaux.com\/blog\/ou-trouver-mon-acte-de-bapteme\/\" target=\"_blank\" rel=\"noreferrer noopener\">o\u00f9 trouver son acte de bapt\u00eame<\/a>. Pour y parvenir, il est d\u2019abord n\u00e9cessaire de savoir <a href=\"https:\/\/www.cadeaux.com\/blog\/comment-trouver-sa-date-de-bapteme\/\" target=\"_blank\" rel=\"noreferrer noopener\">comment trouver sa date de bapt\u00eame<\/a> et apprendre <a href=\"https:\/\/www.cadeaux.com\/blog\/comment-retrouver-son-lieu-de-bapteme\/\" target=\"_blank\" rel=\"noreferrer noopener\">comment retrouver son lieu de bapt\u00eame<\/a>. Les paroisses ou dioc\u00e8ses des lieux de bapt\u00eame peuvent alors d\u00e9livrer un <strong>acte de bapt\u00eame<\/strong>, qui servira de preuve pour le mariage.<\/p>\n\n\n\n<div id=\"3\"><h2><strong>Comment organiser un bapt\u00eame ?<\/strong><\/h2><\/div>\n\n\n\n<p>En tant que jeunes parents, rapidement la question du bapt\u00eame devra \u00eatre abord\u00e9e. Dans la religion catholique, la plupart du temps, il est de tradition de <strong>baptiser un b\u00e9b\u00e9 \u00e0 partir du quatri\u00e8me mois<\/strong>. Les parents se posent alors tout un tas de questions concernant l\u2019organisation, essayant de ne <a href=\"https:\/\/www.cadeaux.com\/blog\/rien-oublier-pour-un-bapteme\/\" target=\"_blank\" rel=\"noreferrer noopener\">rien oublier pour le bapt\u00eame<\/a>.<\/p>\n\n\n\n<p>Il faut commencer par les formalit\u00e9s, c\u2019est-\u00e0-dire <strong>contacter la paroisse ou le dioc\u00e8se vers lequel vous r\u00e9sidez<\/strong>. Vous obtiendrez de nombreux renseignements sur les \u00e9tapes \u00e0 suivre. Cela permettra \u00e9galement de r\u00e9pondre \u00e0 un tas de questions pratiques que vous vous posez, comme par exemple, <a href=\"https:\/\/www.cadeaux.com\/blog\/combien-donner-a-un-pretre-pour-un-bapteme\/\" target=\"_blank\" rel=\"noreferrer noopener\">combien donner \u00e0 un pr\u00eatre pour un bapt\u00eame<\/a>\u00a0?<\/p>\n\n\n\n<p>En parall\u00e8le, il ne faut pas oublier de pr\u00e9voir une r\u00e9ception et bien s\u00fbr, d\u2019y inviter la famille et les proches. Pour leur faire savoir qu\u2019ils sont convi\u00e9s \u00e0 cet \u00e9v\u00e9nement, il est de rigueur de <a href=\"https:\/\/www.cadeaux.com\/blog\/creer-son-faire-part-de-bapteme\/\" target=\"_blank\" rel=\"noreferrer noopener\">cr\u00e9er un faire part de bapt\u00eame<\/a>. Renseignez-vous \u00e9galement sur ce qu\u2019il y a \u00e0 <a href=\"https:\/\/www.cadeaux.com\/blog\/quoi-ecrire-sur-une-carte-de-bapteme\/\" target=\"_blank\" rel=\"noreferrer noopener\">\u00e9crire sur une carte de bapt\u00eame<\/a>, comme les textes liturgiques, les pri\u00e8res, mais aussi les lectures des parrains et marraines. Cela demande un peu de recherches et d\u2019implication, mais le pr\u00eatre peut vous aider lors de cette \u00e9tape.<\/p>\n\n\n\n<p>Si vous \u00eates le parrain ou la marraine, il vous incombera probablement de pr\u00e9parer un texte ou un discours \u00e0 prononcer \u00e0 l\u2019\u00e9glise. Il vous reviendra certainement la t\u00e2che d\u2019acheter un bijou et de trouver le bon moment <a href=\"https:\/\/www.cadeaux.com\/blog\/quand-donner-la-gourmette-au-bapteme\/\" target=\"_blank\" rel=\"noreferrer noopener\">quand donner la gourmette au bapt\u00eame<\/a>, en guise de reconnaissance envers votre nouveau filleul ou filleule. Si vous \u00eates un invit\u00e9, on attendra de vous que vous fassiez un cadeau au nouveau baptis\u00e9. Enfin, n\u2019oubliez pas de vous renseigner sur la <a href=\"https:\/\/www.cadeaux.com\/blog\/surprise-a-faire-pour-un-bapteme\/\" target=\"_blank\" rel=\"noreferrer noopener\">surprise \u00e0 offrir pour un bapt\u00eame<\/a>.<\/p>\n\n\n\n<figure class=\"wp-block-gallery aligncenter has-nested-images columns-default is-cropped wp-block-gallery-8 is-layout-flex wp-block-gallery-is-layout-flex\">\n<figure class=\"wp-block-image size-large\"><img loading=\"lazy\" decoding=\"async\" width=\"800\" height=\"640\" data-id=\"2737\" src=\"https:\/\/www.cadeaux.com\/blog\/wp-content\/uploads\/2020\/08\/gourmette-bebe-argent-harmonie-2-zoom.jpg\" alt=\"gourmette b\u00e9b\u00e9 argent v\u00e9ritable grav\u00e9e d'un pr\u00e9nom pour un bapt\u00eame\" class=\"wp-image-2737\" srcset=\"https:\/\/www.cadeaux.com\/blog\/wp-content\/uploads\/2020\/08\/gourmette-bebe-argent-harmonie-2-zoom.jpg 800w, https:\/\/www.cadeaux.com\/blog\/wp-content\/uploads\/2020\/08\/gourmette-bebe-argent-harmonie-2-zoom-300x240.jpg 300w, https:\/\/www.cadeaux.com\/blog\/wp-content\/uploads\/2020\/08\/gourmette-bebe-argent-harmonie-2-zoom-768x614.jpg 768w\" sizes=\"(max-width: 800px) 100vw, 800px\"><\/figure>\n\n\n\n<figure class=\"wp-block-image size-large\"><img loading=\"lazy\" decoding=\"async\" width=\"500\" height=\"400\" data-id=\"2702\" src=\"https:\/\/www.cadeaux.com\/blog\/wp-content\/uploads\/2020\/08\/dragees-amande-1-zoom.jpg\" alt=\"Lot de drag\u00e9es aux amandes personnalis\u00e9es pour un bapt\u00eame\" class=\"wp-image-2702\" srcset=\"https:\/\/www.cadeaux.com\/blog\/wp-content\/uploads\/2020\/08\/dragees-amande-1-zoom.jpg 500w, https:\/\/www.cadeaux.com\/blog\/wp-content\/uploads\/2020\/08\/dragees-amande-1-zoom-300x240.jpg 300w\" sizes=\"(max-width: 500px) 100vw, 500px\"><\/figure>\n\n\n\n<figure class=\"wp-block-image size-large\"><img loading=\"lazy\" decoding=\"async\" width=\"800\" height=\"640\" data-id=\"2706\" src=\"https:\/\/www.cadeaux.com\/blog\/wp-content\/uploads\/2020\/08\/cadre-subli-naissance-garcon-2-zoom.jpg\" alt=\"Cadre photo personnalis\u00e9 avec le pr\u00e9nom du b\u00e9b\u00e9 et une petite phrase. La photo repr\u00e9sente un b\u00e9b\u00e9 endormi qui suce son pouce.\" class=\"wp-image-2706\" srcset=\"https:\/\/www.cadeaux.com\/blog\/wp-content\/uploads\/2020\/08\/cadre-subli-naissance-garcon-2-zoom.jpg 800w, https:\/\/www.cadeaux.com\/blog\/wp-content\/uploads\/2020\/08\/cadre-subli-naissance-garcon-2-zoom-300x240.jpg 300w, https:\/\/www.cadeaux.com\/blog\/wp-content\/uploads\/2020\/08\/cadre-subli-naissance-garcon-2-zoom-768x614.jpg 768w\" sizes=\"(max-width: 800px) 100vw, 800px\"><\/figure>\n<\/figure>\n\n\n\n<p class=\"has-text-align-center\">Id\u00e9es de cadeaux personnalis\u00e9s \u00e0 offrir \u00e0 un bapt\u00eame disponibles sur <strong>Cadeaux.com<\/strong> : drag\u00e9es, cadres photo, gourmettes\u2026 et bien d\u2019autres !<\/p>\n\n\n\n<div class=\"wp-block-buttons is-content-justification-center is-layout-flex wp-container-10 wp-block-buttons-is-layout-flex\">\n<div class=\"wp-block-button\"><a class=\"wp-block-button__link has-background wp-element-button\" href=\"https:\/\/www.cadeaux.com\/cadeau-bapteme?utm_source=blog&amp;utm_medium=organic&amp;utm_campaign=bapteme\" style=\"background-color:#e6274d\" target=\"_blank\" rel=\"noreferrer noopener\">Tous nos cadeaux personnalis\u00e9s pour Bapt\u00eame<\/a><\/div>\n<\/div>\n\n\n","protected":false},"excerpt":{"rendered":"<p>Le bapt\u00eame est un acte religieux, que l\u2019on pratique principalement dans les courants religieux chr\u00e9tiens. En fonction des \u00c9glises et des mouvements, l\u2019\u00e2ge du bapt\u00eame, la c\u00e9r\u00e9monie et m\u00eame la symbolique diff\u00e8rent. Les catholiques ont pour habitude de baptiser les&#8230;<\/p>\n","protected":false},"author":6,"featured_media":2547,"parent":0,"menu_order":0,"comment_status":"closed","ping_status":"closed","template":"","meta":{"footnotes":""},"categories":[],"tags":[],"acf":[],"yoast_head":"<!-- This site is optimized with the Yoast SEO plugin v21.5 - https:\/\/yoast.com\/wordpress\/plugins\/seo\/ -->\n<title>Qu&#039;est-ce que le bapt\u00eame ? - Le Mag de Cadeaux.com<\/title>\n<meta name=\"description\" content=\"Le bapt\u00eame est un acte religieux, que l\u2019on pratique principalement dans les courants religieux chr\u00e9tiens. Penchons-nous sur ce qu&#039;il repr\u00e9sente.\" \/>\n<meta name=\"robots\" content=\"index, follow, max-snippet:-1, max-image-preview:large, max-video-preview:-1\" \/>\n<link rel=\"canonical\" href=\"https:\/\/www.cadeaux.com\/blog\/tout-savoir-sur-le-bapteme\/\" \/>\n<meta property=\"og:locale\" content=\"fr_FR\" \/>\n<meta property=\"og:type\" content=\"article\" \/>\n<meta property=\"og:title\" content=\"Qu&#039;est-ce que le bapt\u00eame ? - Le Mag de Cadeaux.com\" \/>\n<meta property=\"og:description\" content=\"Le bapt\u00eame est un acte religieux, que l\u2019on pratique principalement dans les courants religieux chr\u00e9tiens. Penchons-nous sur ce qu&#039;il repr\u00e9sente.\" \/>\n<meta property=\"og:url\" content=\"https:\/\/www.cadeaux.com\/blog\/tout-savoir-sur-le-bapteme\/\" \/>\n<meta property=\"og:site_name\" content=\"Le Mag de Cadeaux.com\" \/>\n<meta property=\"article:publisher\" content=\"https:\/\/fr-fr.facebook.com\/cadeauxcom\/\" \/>\n<meta property=\"article:modified_time\" content=\"2023-04-06T12:33:39+00:00\" \/>\n<meta property=\"og:image\" content=\"https:\/\/www.cadeaux.com\/blog\/wp-content\/uploads\/2020\/07\/bapteme-de-bb1.jpg\" \/>\n\t<meta property=\"og:image:width\" content=\"1000\" \/>\n\t<meta property=\"og:image:height\" content=\"563\" \/>\n\t<meta property=\"og:image:type\" content=\"image\/jpeg\" \/>\n<meta name=\"twitter:card\" content=\"summary_large_image\" \/>\n<meta name=\"twitter:label1\" content=\"Dur\u00e9e de lecture estim\u00e9e\" \/>\n\t<meta name=\"twitter:data1\" content=\"6 minutes\" \/>\n<script type=\"application\/ld+json\" class=\"yoast-schema-graph\">{\"@context\":\"https:\/\/schema.org\",\"@graph\":[{\"@type\":\"WebPage\",\"@id\":\"https:\/\/www.cadeaux.com\/blog\/tout-savoir-sur-le-bapteme\/\",\"url\":\"https:\/\/www.cadeaux.com\/blog\/tout-savoir-sur-le-bapteme\/\",\"name\":\"Qu'est-ce que le bapt\u00eame ? - Le Mag de Cadeaux.com\",\"isPartOf\":{\"@id\":\"https:\/\/www.cadeaux.com\/blog\/#website\"},\"datePublished\":\"2020-08-06T10:12:26+00:00\",\"dateModified\":\"2023-04-06T12:33:39+00:00\",\"description\":\"Le bapt\u00eame est un acte religieux, que l\u2019on pratique principalement dans les courants religieux chr\u00e9tiens. Penchons-nous sur ce qu'il repr\u00e9sente.\",\"breadcrumb\":{\"@id\":\"https:\/\/www.cadeaux.com\/blog\/tout-savoir-sur-le-bapteme\/#breadcrumb\"},\"inLanguage\":\"fr-FR\",\"potentialAction\":[{\"@type\":\"ReadAction\",\"target\":[\"https:\/\/www.cadeaux.com\/blog\/tout-savoir-sur-le-bapteme\/\"]}]},{\"@type\":\"BreadcrumbList\",\"@id\":\"https:\/\/www.cadeaux.com\/blog\/tout-savoir-sur-le-bapteme\/#breadcrumb\",\"itemListElement\":[{\"@type\":\"ListItem\",\"position\":1,\"name\":\"Accueil\",\"item\":\"https:\/\/www.cadeaux.com\/blog\/\"},{\"@type\":\"ListItem\",\"position\":2,\"name\":\"Qu&rsquo;est-ce que le bapt\u00eame ?\"}]},{\"@type\":\"WebSite\",\"@id\":\"https:\/\/www.cadeaux.com\/blog\/#website\",\"url\":\"https:\/\/www.cadeaux.com\/blog\/\",\"name\":\"Le Mag de Cadeaux.com\",\"description\":\"\",\"publisher\":{\"@id\":\"https:\/\/www.cadeaux.com\/blog\/#organization\"},\"potentialAction\":[{\"@type\":\"SearchAction\",\"target\":{\"@type\":\"EntryPoint\",\"urlTemplate\":\"https:\/\/www.cadeaux.com\/blog\/?s={search_term_string}\"},\"query-input\":\"required name=search_term_string\"}],\"inLanguage\":\"fr-FR\"},{\"@type\":\"Organization\",\"@id\":\"https:\/\/www.cadeaux.com\/blog\/#organization\",\"name\":\"Cadeaux.com\",\"url\":\"https:\/\/www.cadeaux.com\/blog\/\",\"logo\":{\"@type\":\"ImageObject\",\"inLanguage\":\"fr-FR\",\"@id\":\"https:\/\/www.cadeaux.com\/blog\/#\/schema\/logo\/image\/\",\"url\":\"https:\/\/www.cadeaux.com\/blog\/wp-content\/uploads\/2019\/07\/logo-cadeaux.png\",\"contentUrl\":\"https:\/\/www.cadeaux.com\/blog\/wp-content\/uploads\/2019\/07\/logo-cadeaux.png\",\"width\":587,\"height\":120,\"caption\":\"Cadeaux.com\"},\"image\":{\"@id\":\"https:\/\/www.cadeaux.com\/blog\/#\/schema\/logo\/image\/\"},\"sameAs\":[\"https:\/\/fr-fr.facebook.com\/cadeauxcom\/\",\"https:\/\/www.instagram.com\/cadeaux_com\/\"]}]}<\/script>\n<!-- \/ Yoast SEO plugin. -->","yoast_head_json":{"title":"Qu'est-ce que le bapt\u00eame ? - Le Mag de Cadeaux.com","description":"Le bapt\u00eame est un acte religieux, que l\u2019on pratique principalement dans les courants religieux chr\u00e9tiens. Penchons-nous sur ce qu'il repr\u00e9sente.","robots":{"index":"index","follow":"follow","max-snippet":"max-snippet:-1","max-image-preview":"max-image-preview:large","max-video-preview":"max-video-preview:-1"},"canonical":"https:\/\/www.cadeaux.com\/blog\/tout-savoir-sur-le-bapteme\/","og_locale":"fr_FR","og_type":"article","og_title":"Qu'est-ce que le bapt\u00eame ? - Le Mag de Cadeaux.com","og_description":"Le bapt\u00eame est un acte religieux, que l\u2019on pratique principalement dans les courants religieux chr\u00e9tiens. Penchons-nous sur ce qu'il repr\u00e9sente.","og_url":"https:\/\/www.cadeaux.com\/blog\/tout-savoir-sur-le-bapteme\/","og_site_name":"Le Mag de Cadeaux.com","article_publisher":"https:\/\/fr-fr.facebook.com\/cadeauxcom\/","article_modified_time":"2023-04-06T12:33:39+00:00","og_image":[{"width":1000,"height":563,"url":"https:\/\/www.cadeaux.com\/blog\/wp-content\/uploads\/2020\/07\/bapteme-de-bb1.jpg","type":"image\/jpeg"}],"twitter_card":"summary_large_image","twitter_misc":{"Dur\u00e9e de lecture estim\u00e9e":"6 minutes"},"schema":{"@context":"https:\/\/schema.org","@graph":[{"@type":"WebPage","@id":"https:\/\/www.cadeaux.com\/blog\/tout-savoir-sur-le-bapteme\/","url":"https:\/\/www.cadeaux.com\/blog\/tout-savoir-sur-le-bapteme\/","name":"Qu'est-ce que le bapt\u00eame ? - Le Mag de Cadeaux.com","isPartOf":{"@id":"https:\/\/www.cadeaux.com\/blog\/#website"},"datePublished":"2020-08-06T10:12:26+00:00","dateModified":"2023-04-06T12:33:39+00:00","description":"Le bapt\u00eame est un acte religieux, que l\u2019on pratique principalement dans les courants religieux chr\u00e9tiens. Penchons-nous sur ce qu'il repr\u00e9sente.","breadcrumb":{"@id":"https:\/\/www.cadeaux.com\/blog\/tout-savoir-sur-le-bapteme\/#breadcrumb"},"inLanguage":"fr-FR","potentialAction":[{"@type":"ReadAction","target":["https:\/\/www.cadeaux.com\/blog\/tout-savoir-sur-le-bapteme\/"]}]},{"@type":"BreadcrumbList","@id":"https:\/\/www.cadeaux.com\/blog\/tout-savoir-sur-le-bapteme\/#breadcrumb","itemListElement":[{"@type":"ListItem","position":1,"name":"Accueil","item":"https:\/\/www.cadeaux.com\/blog\/"},{"@type":"ListItem","position":2,"name":"Qu&rsquo;est-ce que le bapt\u00eame ?"}]},{"@type":"WebSite","@id":"https:\/\/www.cadeaux.com\/blog\/#website","url":"https:\/\/www.cadeaux.com\/blog\/","name":"Le Mag de Cadeaux.com","description":"","publisher":{"@id":"https:\/\/www.cadeaux.com\/blog\/#organization"},"potentialAction":[{"@type":"SearchAction","target":{"@type":"EntryPoint","urlTemplate":"https:\/\/www.cadeaux.com\/blog\/?s={search_term_string}"},"query-input":"required name=search_term_string"}],"inLanguage":"fr-FR"},{"@type":"Organization","@id":"https:\/\/www.cadeaux.com\/blog\/#organization","name":"Cadeaux.com","url":"https:\/\/www.cadeaux.com\/blog\/","logo":{"@type":"ImageObject","inLanguage":"fr-FR","@id":"https:\/\/www.cadeaux.com\/blog\/#\/schema\/logo\/image\/","url":"https:\/\/www.cadeaux.com\/blog\/wp-content\/uploads\/2019\/07\/logo-cadeaux.png","contentUrl":"https:\/\/www.cadeaux.com\/blog\/wp-content\/uploads\/2019\/07\/logo-cadeaux.png","width":587,"height":120,"caption":"Cadeaux.com"},"image":{"@id":"https:\/\/www.cadeaux.com\/blog\/#\/schema\/logo\/image\/"},"sameAs":["https:\/\/fr-fr.facebook.com\/cadeauxcom\/","https:\/\/www.instagram.com\/cadeaux_com\/"]}]}},"_links":{"self":[{"href":"https:\/\/www.cadeaux.com\/blog\/wp-json\/wp\/v2\/pages\/2540"}],"collection":[{"href":"https:\/\/www.cadeaux.com\/blog\/wp-json\/wp\/v2\/pages"}],"about":[{"href":"https:\/\/www.cadeaux.com\/blog\/wp-json\/wp\/v2\/types\/page"}],"author":[{"embeddable":true,"href":"https:\/\/www.cadeaux.com\/blog\/wp-json\/wp\/v2\/users\/6"}],"replies":[{"embeddable":true,"href":"https:\/\/www.cadeaux.com\/blog\/wp-json\/wp\/v2\/comments?post=2540"}],"version-history":[{"count":15,"href":"https:\/\/www.cadeaux.com\/blog\/wp-json\/wp\/v2\/pages\/2540\/revisions"}],"predecessor-version":[{"id":13384,"href":"https:\/\/www.cadeaux.com\/blog\/wp-json\/wp\/v2\/pages\/2540\/revisions\/13384"}],"wp:featuredmedia":[{"embeddable":true,"href":"https:\/\/www.cadeaux.com\/blog\/wp-json\/wp\/v2\/media\/2547"}],"wp:attachment":[{"href":"https:\/\/www.cadeaux.com\/blog\/wp-json\/wp\/v2\/media?parent=2540"}],"wp:term":[{"taxonomy":"category","embeddable":true,"href":"https:\/\/www.cadeaux.com\/blog\/wp-json\/wp\/v2\/categories?post=2540"},{"taxonomy":"post_tag","embeddable":true,"href":"https:\/\/www.cadeaux.com\/blog\/wp-json\/wp\/v2\/tags?post=2540"}],"curies":[{"name":"wp","href":"https:\/\/api.w.org\/{rel}","templated":true}]}}