{"id":232,"date":"2016-05-10T15:10:42","date_gmt":"2016-05-10T15:10:42","guid":{"rendered":"http:\/\/wp.creanncy.com\/camille\/camille-2\/?page_id=232"},"modified":"2022-01-03T16:36:28","modified_gmt":"2022-01-03T15:36:28","slug":"qui-sommes-nous","status":"publish","type":"page","link":"https:\/\/www.cadeaux.com\/blog\/qui-sommes-nous\/","title":{"rendered":"Qui sommes-nous ?"},"content":{"rendered":"<p><br><\/p>\n\n\n\n<p class=\"has-text-align-center has-large-font-size\"><strong>Qui sommes-nous ?<\/strong><\/p>\n\n\n\n<div class=\"wp-block-image\"><figure class=\"aligncenter size-large is-resized\"><a href=\"https:\/\/www.cadeaux.com\/?utm_source=blog&amp;utm_medium=organic&amp;utm_campaign=quisommesnous\"><img fetchpriority=\"high\" decoding=\"async\" src=\"https:\/\/www.cadeaux.com\/blog\/wp-content\/uploads\/2020\/09\/Logo-cadeaux-mobile.png\" alt=\"Logo cadeaux.com\" class=\"wp-image-2894\" width=\"250\" height=\"250\" srcset=\"https:\/\/www.cadeaux.com\/blog\/wp-content\/uploads\/2020\/09\/Logo-cadeaux-mobile.png 500w, https:\/\/www.cadeaux.com\/blog\/wp-content\/uploads\/2020\/09\/Logo-cadeaux-mobile-300x300.png 300w, https:\/\/www.cadeaux.com\/blog\/wp-content\/uploads\/2020\/09\/Logo-cadeaux-mobile-150x150.png 150w\" sizes=\"(max-width: 250px) 100vw, 250px\"><\/a><\/figure><\/div>\n\n\n<h2>Cadeaux.com : la premi\u00e8re boutique en ligne d\u00e9di\u00e9e aux cadeaux<\/h2>\n<p>Il y a 20 ans, au d\u00e9but des ann\u00e9es 2000, Cadeaux.com est fond\u00e9 \u00e0 Paris pour vous permettre d\u2019offrir <strong>le cadeau de vos r\u00eaves<\/strong>, Cadeaux.com s\u2019associe au d\u00e9part avec cinq artisans. Le catalogue ne contenait alors qu\u2019une dizaine d\u2019articles.<\/p>\n<p>Aujourd\u2019hui, en plus de nos propres collections, nous pouvons compter sur pas moins de\u00a0<strong>150 artisans fournisseurs<\/strong>. Ces professionnels nous accompagnent au quotidien et c\u2019est ensemble que nous sommes heureux de vous proposer r\u00e9guli\u00e8rement des nouveaut\u00e9s. Avec un catalogue qui s\u2019\u00e9toffe de jour en jour, nous esp\u00e9rons atteindre\u00a0<strong>notre r\u00eave<\/strong>\u00a0: vous permettre d\u2019offrir \u00e0 un proche, un parent ou une personne qui vous est ch\u00e8re, le cadeau unique qu\u2019il ou elle m\u00e9rite.<\/p>\n<p>Mais notre histoire ne serait rien sans des <strong>passionn\u00e9s<\/strong>\u00a0du cadeau personnalis\u00e9. Que vous soyez \u00e0 la recherche d\u2019originalit\u00e9 ou d\u2019un cadeau en fonction d\u2019un \u00e9v\u00e9nement particulier,\u00a0<strong>nos \u00e9quipes cr\u00e9ent pour vous de jolis cadeaux faits avec amour tous les jours<\/strong>. Nous nous attachons \u00e0 vous offrir le choix de votre cadeau parmi plus de\u00a0<strong>1300 cadeaux personnalis\u00e9s<\/strong>, mais aussi le conseil, la qualit\u00e9 et la rapidit\u00e9 dont vous avez besoin pour tous vos \u00e9v\u00e9nements importants.<\/p>\n<p>C\u2019est donc avec plaisir que nous avons d\u00e9cid\u00e9 d\u2019ouvrir ce blog en 2019 afin de vous prodiguer des id\u00e9es, des conseils et des guides d\u2019achat sur vos cadeaux pr\u00e9f\u00e9r\u00e9s \u00e0 travers nos diff\u00e9rents articles et dossiers.<\/p>\n<h2>Notre histoire<\/h2>\n<p style=\"text-align: center;\"><strong>2000\u00a0<\/strong>: Cr\u00e9ation de Cadeaux.com, avec seulement 5 artisans fournisseurs et un catalogue de dix articles.<\/p>\n<p style=\"text-align: center;\"><strong><span class=\"text-left\">2006<\/span>\u00a0<\/strong>: Cadeaux.com travaille avec plus de 150 artisans fournisseurs et vend 150 000 produits dans l\u2019ann\u00e9e.<\/p>\n<p style=\"text-align: center;\"><strong>2012\u00a0<\/strong>: Cadeaux.com ouvre son usine de cadeaux personnalis\u00e9s \u00e0 Laval, ce qui marque le d\u00e9but de l\u2019internalisation de sa production. Depuis lors, l\u2019entreprise dispose de 2000 m2 de locaux enti\u00e8rement d\u00e9di\u00e9s \u00e0 la personnalisation et \u00e0 l\u2019exp\u00e9dition des articles qu\u2019elle vend.<\/p>\n<p style=\"text-align: center;\"><strong>2013\u00a0<\/strong>: le site Internet Cadeaux.com se refait une beaut\u00e9 et adopte son nouveau logo.<\/p>\n<p style=\"text-align: center;\"><strong>2014\u00a0<\/strong>: Cadeaux.com sort la gamme de produits <a href=\"https:\/\/www.cadeaux.com\/cadeau-personnalise\/nos-collections\/family-circus?utm_source=blog&amp;utm_medium=organic&amp;utm_campaign=quisommesnous\">Family circus<\/a>, articles personnalis\u00e9s avec les avatars et les pr\u00e9noms de la famille. Le catalogue de l\u2019entreprise atteint 1300 articles personnalis\u00e9s.<\/p>\n\n\n<figure class=\"wp-block-gallery columns-3 is-cropped wp-block-gallery-1 is-layout-flex wp-block-gallery-is-layout-flex\"><ul class=\"blocks-gallery-grid\"><li class=\"blocks-gallery-item\"><figure><img decoding=\"async\" width=\"800\" height=\"640\" src=\"https:\/\/www.cadeaux.com\/blog\/wp-content\/uploads\/2020\/09\/cadre-metal-blanc-family-circus-1-zoom.jpg\" alt=\"\" data-id=\"2878\" data-full-url=\"https:\/\/www.cadeaux.com\/blog\/wp-content\/uploads\/2020\/09\/cadre-metal-blanc-family-circus-1-zoom.jpg\" data-link=\"https:\/\/www.cadeaux.com\/blog\/qui-sommes-nous\/cadre-metal-blanc-family-circus-1-zoom\/\" class=\"wp-image-2878\" srcset=\"https:\/\/www.cadeaux.com\/blog\/wp-content\/uploads\/2020\/09\/cadre-metal-blanc-family-circus-1-zoom.jpg 800w, https:\/\/www.cadeaux.com\/blog\/wp-content\/uploads\/2020\/09\/cadre-metal-blanc-family-circus-1-zoom-300x240.jpg 300w, https:\/\/www.cadeaux.com\/blog\/wp-content\/uploads\/2020\/09\/cadre-metal-blanc-family-circus-1-zoom-768x614.jpg 768w\" sizes=\"(max-width: 800px) 100vw, 800px\"><\/figure><\/li><li class=\"blocks-gallery-item\"><figure><img decoding=\"async\" width=\"800\" height=\"640\" src=\"https:\/\/www.cadeaux.com\/blog\/wp-content\/uploads\/2020\/09\/coussin-famille-picto-1-zoom.jpg\" alt=\"\" data-id=\"2879\" data-full-url=\"https:\/\/www.cadeaux.com\/blog\/wp-content\/uploads\/2020\/09\/coussin-famille-picto-1-zoom.jpg\" data-link=\"https:\/\/www.cadeaux.com\/blog\/qui-sommes-nous\/coussin-famille-picto-1-zoom-5\/\" class=\"wp-image-2879\" srcset=\"https:\/\/www.cadeaux.com\/blog\/wp-content\/uploads\/2020\/09\/coussin-famille-picto-1-zoom.jpg 800w, https:\/\/www.cadeaux.com\/blog\/wp-content\/uploads\/2020\/09\/coussin-famille-picto-1-zoom-300x240.jpg 300w, https:\/\/www.cadeaux.com\/blog\/wp-content\/uploads\/2020\/09\/coussin-famille-picto-1-zoom-768x614.jpg 768w\" sizes=\"(max-width: 800px) 100vw, 800px\"><\/figure><\/li><li class=\"blocks-gallery-item\"><figure><img loading=\"lazy\" decoding=\"async\" width=\"800\" height=\"640\" src=\"https:\/\/www.cadeaux.com\/blog\/wp-content\/uploads\/2020\/09\/sacoche-petanque-family-circus-1-zoom.jpg\" alt=\"\" data-id=\"2880\" data-full-url=\"https:\/\/www.cadeaux.com\/blog\/wp-content\/uploads\/2020\/09\/sacoche-petanque-family-circus-1-zoom.jpg\" data-link=\"https:\/\/www.cadeaux.com\/blog\/qui-sommes-nous\/sacoche-petanque-family-circus-1-zoom\/\" class=\"wp-image-2880\" srcset=\"https:\/\/www.cadeaux.com\/blog\/wp-content\/uploads\/2020\/09\/sacoche-petanque-family-circus-1-zoom.jpg 800w, https:\/\/www.cadeaux.com\/blog\/wp-content\/uploads\/2020\/09\/sacoche-petanque-family-circus-1-zoom-300x240.jpg 300w, https:\/\/www.cadeaux.com\/blog\/wp-content\/uploads\/2020\/09\/sacoche-petanque-family-circus-1-zoom-768x614.jpg 768w\" sizes=\"(max-width: 800px) 100vw, 800px\"><\/figure><\/li><\/ul><\/figure>\n\n\n\n<p class=\"has-text-align-center\"><strong>2016\u00a0<\/strong>: Cadeaux.com s\u2019associe aux marques Swarovski et\u00a0<strong><a href=\"https:\/\/www.cadeaux.com\/avis-interflora.asp\">Interflora<\/a><\/strong>\u00a0pour proposer deux collections exclusives, tout au long de l\u2019ann\u00e9e ou au cours de temps forts tels que la F\u00eate des M\u00e8res et la Saint-Valentin.<\/p>\n\n\n\n<p class=\"has-text-align-center\"><strong>2019<\/strong>\u00a0: Cadeaux.com \u00e9largit son catalogue en accueillant plusieurs nouvelles collections de cadeaux personnalis\u00e9s : pour les b\u00e9b\u00e9s, pour les animaux domestiques, pour les amoureux de la nature et les aficionados de l\u2019ap\u00e9ro. Aussi, la gamme de vins et spiritueux est enti\u00e8rement revue, afin de vous proposer le meilleur choix possible pour tous vos \u00e9v\u00e9nements.<\/p>\n\n\n\n<figure class=\"wp-block-gallery columns-3 is-cropped wp-block-gallery-3 is-layout-flex wp-block-gallery-is-layout-flex\"><ul class=\"blocks-gallery-grid\"><li class=\"blocks-gallery-item\"><figure><img loading=\"lazy\" decoding=\"async\" width=\"800\" height=\"640\" src=\"https:\/\/www.cadeaux.com\/blog\/wp-content\/uploads\/2020\/09\/caisse-en-bois-anniversaire-age-1-zoom.jpg\" alt=\"\" data-id=\"2888\" data-full-url=\"https:\/\/www.cadeaux.com\/blog\/wp-content\/uploads\/2020\/09\/caisse-en-bois-anniversaire-age-1-zoom.jpg\" data-link=\"https:\/\/www.cadeaux.com\/blog\/qui-sommes-nous\/caisse-en-bois-anniversaire-age-1-zoom-2\/\" class=\"wp-image-2888\" srcset=\"https:\/\/www.cadeaux.com\/blog\/wp-content\/uploads\/2020\/09\/caisse-en-bois-anniversaire-age-1-zoom.jpg 800w, https:\/\/www.cadeaux.com\/blog\/wp-content\/uploads\/2020\/09\/caisse-en-bois-anniversaire-age-1-zoom-300x240.jpg 300w, https:\/\/www.cadeaux.com\/blog\/wp-content\/uploads\/2020\/09\/caisse-en-bois-anniversaire-age-1-zoom-768x614.jpg 768w\" sizes=\"(max-width: 800px) 100vw, 800px\"><\/figure><\/li><li class=\"blocks-gallery-item\"><figure><img loading=\"lazy\" decoding=\"async\" width=\"800\" height=\"640\" src=\"https:\/\/www.cadeaux.com\/blog\/wp-content\/uploads\/2020\/09\/gamelle-chat-chien-photo-2-zoom.jpg\" alt=\"\" data-id=\"2890\" data-full-url=\"https:\/\/www.cadeaux.com\/blog\/wp-content\/uploads\/2020\/09\/gamelle-chat-chien-photo-2-zoom.jpg\" data-link=\"https:\/\/www.cadeaux.com\/blog\/qui-sommes-nous\/gamelle-chat-chien-photo-2-zoom-3\/\" class=\"wp-image-2890\" srcset=\"https:\/\/www.cadeaux.com\/blog\/wp-content\/uploads\/2020\/09\/gamelle-chat-chien-photo-2-zoom.jpg 800w, https:\/\/www.cadeaux.com\/blog\/wp-content\/uploads\/2020\/09\/gamelle-chat-chien-photo-2-zoom-300x240.jpg 300w, https:\/\/www.cadeaux.com\/blog\/wp-content\/uploads\/2020\/09\/gamelle-chat-chien-photo-2-zoom-768x614.jpg 768w\" sizes=\"(max-width: 800px) 100vw, 800px\"><\/figure><\/li><li class=\"blocks-gallery-item\"><figure><img loading=\"lazy\" decoding=\"async\" width=\"800\" height=\"640\" src=\"https:\/\/www.cadeaux.com\/blog\/wp-content\/uploads\/2020\/09\/set-couverts-enfant-animaux-1-zoom.jpg\" alt=\"\" data-id=\"2889\" data-full-url=\"https:\/\/www.cadeaux.com\/blog\/wp-content\/uploads\/2020\/09\/set-couverts-enfant-animaux-1-zoom.jpg\" data-link=\"https:\/\/www.cadeaux.com\/blog\/qui-sommes-nous\/set-couverts-enfant-animaux-1-zoom\/\" class=\"wp-image-2889\" srcset=\"https:\/\/www.cadeaux.com\/blog\/wp-content\/uploads\/2020\/09\/set-couverts-enfant-animaux-1-zoom.jpg 800w, https:\/\/www.cadeaux.com\/blog\/wp-content\/uploads\/2020\/09\/set-couverts-enfant-animaux-1-zoom-300x240.jpg 300w, https:\/\/www.cadeaux.com\/blog\/wp-content\/uploads\/2020\/09\/set-couverts-enfant-animaux-1-zoom-768x614.jpg 768w\" sizes=\"(max-width: 800px) 100vw, 800px\"><\/figure><\/li><\/ul><\/figure>\n\n\n\n<p class=\"has-text-align-center\"><strong>2020 <\/strong>: Cadeaux.com, en d\u00e9pit d\u2019une ann\u00e9e marqu\u00e9e par une crise sanitaire sans pr\u00e9c\u00e9dent, a mis tout en oeuvre pour que vous puissiez continuer \u00e0 offrir de la joie en ces temps difficiles o\u00f9 il est souvent difficile de se retrouver. Comptez sur nous pour faire plaisir \u00e0 vos proches et ami(e)s en toute s\u00e9curit\u00e9 !<br><br> <strong>2021 <\/strong>: Cadeaux.com fait peau neuve ! De nouvelles fonctionnalit\u00e9s voient le jour : retrouvez vos cadeaux pr\u00e9f\u00e9r\u00e9s ou d\u00e9couvrez nos nouveaut\u00e9s avec toujours plus de facilit\u00e9, cr\u00e9ez vos wishlists d\u2019id\u00e9es cadeaux pour vos \u00e9v\u00e9nements \u00e0 venir, cr\u00e9ez votre compte pour retrouver toutes vos commandes et acc\u00e9der \u00e0 des offres exclusives tout au long de l\u2019ann\u00e9e.<\/p>\n\n\n\n<div class=\"wp-block-buttons is-content-justification-center is-layout-flex wp-block-buttons-is-layout-flex\">\n<div class=\"wp-block-button\"><a class=\"wp-block-button__link\" href=\"https:\/\/www.cadeaux.com\/?utm_source=blog&amp;utm_medium=organic&amp;utm_campaign=quisommesnous\">D\u00e9couvrir notre boutique de cadeaux personnalis\u00e9s<\/a><\/div>\n<\/div>\n\n\n\n<p><\/p>\n\n\n","protected":false},"excerpt":{"rendered":"<p>Qui sommes-nous ? Cadeaux.com : la premi\u00e8re boutique en ligne d\u00e9di\u00e9e aux cadeaux Il y a 20 ans, au d\u00e9but des ann\u00e9es 2000, Cadeaux.com est fond\u00e9 \u00e0 Paris pour vous permettre d\u2019offrir le cadeau de vos r\u00eaves, Cadeaux.com s\u2019associe au&#8230;<\/p>\n","protected":false},"author":5,"featured_media":0,"parent":0,"menu_order":0,"comment_status":"closed","ping_status":"closed","template":"","meta":{"footnotes":""},"categories":[],"tags":[],"acf":[],"yoast_head":"<!-- This site is optimized with the Yoast SEO plugin v21.5 - https:\/\/yoast.com\/wordpress\/plugins\/seo\/ -->\n<title>Qui sommes-nous ? - Le Mag de Cadeaux.com<\/title>\n<meta name=\"robots\" content=\"index, follow, max-snippet:-1, max-image-preview:large, max-video-preview:-1\" \/>\n<link rel=\"canonical\" href=\"https:\/\/www.cadeaux.com\/blog\/qui-sommes-nous\/\" \/>\n<meta property=\"og:locale\" content=\"fr_FR\" \/>\n<meta property=\"og:type\" content=\"article\" \/>\n<meta property=\"og:title\" content=\"Qui sommes-nous ? - Le Mag de Cadeaux.com\" \/>\n<meta property=\"og:description\" content=\"Qui sommes-nous ? Cadeaux.com : la premi\u00e8re boutique en ligne d\u00e9di\u00e9e aux cadeaux Il y a 20 ans, au d\u00e9but des ann\u00e9es 2000, Cadeaux.com est fond\u00e9 \u00e0 Paris pour vous permettre d\u2019offrir le cadeau de vos r\u00eaves, Cadeaux.com s\u2019associe au...\" \/>\n<meta property=\"og:url\" content=\"https:\/\/www.cadeaux.com\/blog\/qui-sommes-nous\/\" \/>\n<meta property=\"og:site_name\" content=\"Le Mag de Cadeaux.com\" \/>\n<meta property=\"article:publisher\" content=\"https:\/\/fr-fr.facebook.com\/cadeauxcom\/\" \/>\n<meta property=\"article:modified_time\" content=\"2022-01-03T15:36:28+00:00\" \/>\n<meta property=\"og:image\" content=\"https:\/\/www.cadeaux.com\/blog\/wp-content\/uploads\/2020\/09\/Logo-cadeaux-mobile.png\" \/>\n<meta name=\"twitter:card\" content=\"summary_large_image\" \/>\n<meta name=\"twitter:label1\" content=\"Dur\u00e9e de lecture estim\u00e9e\" \/>\n\t<meta name=\"twitter:data1\" content=\"5 minutes\" \/>\n<script type=\"application\/ld+json\" class=\"yoast-schema-graph\">{\"@context\":\"https:\/\/schema.org\",\"@graph\":[{\"@type\":\"WebPage\",\"@id\":\"https:\/\/www.cadeaux.com\/blog\/qui-sommes-nous\/\",\"url\":\"https:\/\/www.cadeaux.com\/blog\/qui-sommes-nous\/\",\"name\":\"Qui sommes-nous ? - Le Mag de Cadeaux.com\",\"isPartOf\":{\"@id\":\"https:\/\/www.cadeaux.com\/blog\/#website\"},\"datePublished\":\"2016-05-10T15:10:42+00:00\",\"dateModified\":\"2022-01-03T15:36:28+00:00\",\"breadcrumb\":{\"@id\":\"https:\/\/www.cadeaux.com\/blog\/qui-sommes-nous\/#breadcrumb\"},\"inLanguage\":\"fr-FR\",\"potentialAction\":[{\"@type\":\"ReadAction\",\"target\":[\"https:\/\/www.cadeaux.com\/blog\/qui-sommes-nous\/\"]}]},{\"@type\":\"BreadcrumbList\",\"@id\":\"https:\/\/www.cadeaux.com\/blog\/qui-sommes-nous\/#breadcrumb\",\"itemListElement\":[{\"@type\":\"ListItem\",\"position\":1,\"name\":\"Accueil\",\"item\":\"https:\/\/www.cadeaux.com\/blog\/\"},{\"@type\":\"ListItem\",\"position\":2,\"name\":\"Qui sommes-nous ?\"}]},{\"@type\":\"WebSite\",\"@id\":\"https:\/\/www.cadeaux.com\/blog\/#website\",\"url\":\"https:\/\/www.cadeaux.com\/blog\/\",\"name\":\"Le Mag de Cadeaux.com\",\"description\":\"\",\"publisher\":{\"@id\":\"https:\/\/www.cadeaux.com\/blog\/#organization\"},\"potentialAction\":[{\"@type\":\"SearchAction\",\"target\":{\"@type\":\"EntryPoint\",\"urlTemplate\":\"https:\/\/www.cadeaux.com\/blog\/?s={search_term_string}\"},\"query-input\":\"required name=search_term_string\"}],\"inLanguage\":\"fr-FR\"},{\"@type\":\"Organization\",\"@id\":\"https:\/\/www.cadeaux.com\/blog\/#organization\",\"name\":\"Cadeaux.com\",\"url\":\"https:\/\/www.cadeaux.com\/blog\/\",\"logo\":{\"@type\":\"ImageObject\",\"inLanguage\":\"fr-FR\",\"@id\":\"https:\/\/www.cadeaux.com\/blog\/#\/schema\/logo\/image\/\",\"url\":\"https:\/\/www.cadeaux.com\/blog\/wp-content\/uploads\/2019\/07\/logo-cadeaux.png\",\"contentUrl\":\"https:\/\/www.cadeaux.com\/blog\/wp-content\/uploads\/2019\/07\/logo-cadeaux.png\",\"width\":587,\"height\":120,\"caption\":\"Cadeaux.com\"},\"image\":{\"@id\":\"https:\/\/www.cadeaux.com\/blog\/#\/schema\/logo\/image\/\"},\"sameAs\":[\"https:\/\/fr-fr.facebook.com\/cadeauxcom\/\",\"https:\/\/www.instagram.com\/cadeaux_com\/\"]}]}<\/script>\n<!-- \/ Yoast SEO plugin. -->","yoast_head_json":{"title":"Qui sommes-nous ? - Le Mag de Cadeaux.com","robots":{"index":"index","follow":"follow","max-snippet":"max-snippet:-1","max-image-preview":"max-image-preview:large","max-video-preview":"max-video-preview:-1"},"canonical":"https:\/\/www.cadeaux.com\/blog\/qui-sommes-nous\/","og_locale":"fr_FR","og_type":"article","og_title":"Qui sommes-nous ? - Le Mag de Cadeaux.com","og_description":"Qui sommes-nous ? Cadeaux.com : la premi\u00e8re boutique en ligne d\u00e9di\u00e9e aux cadeaux Il y a 20 ans, au d\u00e9but des ann\u00e9es 2000, Cadeaux.com est fond\u00e9 \u00e0 Paris pour vous permettre d\u2019offrir le cadeau de vos r\u00eaves, Cadeaux.com s\u2019associe au...","og_url":"https:\/\/www.cadeaux.com\/blog\/qui-sommes-nous\/","og_site_name":"Le Mag de Cadeaux.com","article_publisher":"https:\/\/fr-fr.facebook.com\/cadeauxcom\/","article_modified_time":"2022-01-03T15:36:28+00:00","og_image":[{"url":"https:\/\/www.cadeaux.com\/blog\/wp-content\/uploads\/2020\/09\/Logo-cadeaux-mobile.png"}],"twitter_card":"summary_large_image","twitter_misc":{"Dur\u00e9e de lecture estim\u00e9e":"5 minutes"},"schema":{"@context":"https:\/\/schema.org","@graph":[{"@type":"WebPage","@id":"https:\/\/www.cadeaux.com\/blog\/qui-sommes-nous\/","url":"https:\/\/www.cadeaux.com\/blog\/qui-sommes-nous\/","name":"Qui sommes-nous ? - Le Mag de Cadeaux.com","isPartOf":{"@id":"https:\/\/www.cadeaux.com\/blog\/#website"},"datePublished":"2016-05-10T15:10:42+00:00","dateModified":"2022-01-03T15:36:28+00:00","breadcrumb":{"@id":"https:\/\/www.cadeaux.com\/blog\/qui-sommes-nous\/#breadcrumb"},"inLanguage":"fr-FR","potentialAction":[{"@type":"ReadAction","target":["https:\/\/www.cadeaux.com\/blog\/qui-sommes-nous\/"]}]},{"@type":"BreadcrumbList","@id":"https:\/\/www.cadeaux.com\/blog\/qui-sommes-nous\/#breadcrumb","itemListElement":[{"@type":"ListItem","position":1,"name":"Accueil","item":"https:\/\/www.cadeaux.com\/blog\/"},{"@type":"ListItem","position":2,"name":"Qui sommes-nous ?"}]},{"@type":"WebSite","@id":"https:\/\/www.cadeaux.com\/blog\/#website","url":"https:\/\/www.cadeaux.com\/blog\/","name":"Le Mag de Cadeaux.com","description":"","publisher":{"@id":"https:\/\/www.cadeaux.com\/blog\/#organization"},"potentialAction":[{"@type":"SearchAction","target":{"@type":"EntryPoint","urlTemplate":"https:\/\/www.cadeaux.com\/blog\/?s={search_term_string}"},"query-input":"required name=search_term_string"}],"inLanguage":"fr-FR"},{"@type":"Organization","@id":"https:\/\/www.cadeaux.com\/blog\/#organization","name":"Cadeaux.com","url":"https:\/\/www.cadeaux.com\/blog\/","logo":{"@type":"ImageObject","inLanguage":"fr-FR","@id":"https:\/\/www.cadeaux.com\/blog\/#\/schema\/logo\/image\/","url":"https:\/\/www.cadeaux.com\/blog\/wp-content\/uploads\/2019\/07\/logo-cadeaux.png","contentUrl":"https:\/\/www.cadeaux.com\/blog\/wp-content\/uploads\/2019\/07\/logo-cadeaux.png","width":587,"height":120,"caption":"Cadeaux.com"},"image":{"@id":"https:\/\/www.cadeaux.com\/blog\/#\/schema\/logo\/image\/"},"sameAs":["https:\/\/fr-fr.facebook.com\/cadeauxcom\/","https:\/\/www.instagram.com\/cadeaux_com\/"]}]}},"_links":{"self":[{"href":"https:\/\/www.cadeaux.com\/blog\/wp-json\/wp\/v2\/pages\/232"}],"collection":[{"href":"https:\/\/www.cadeaux.com\/blog\/wp-json\/wp\/v2\/pages"}],"about":[{"href":"https:\/\/www.cadeaux.com\/blog\/wp-json\/wp\/v2\/types\/page"}],"author":[{"embeddable":true,"href":"https:\/\/www.cadeaux.com\/blog\/wp-json\/wp\/v2\/users\/5"}],"replies":[{"embeddable":true,"href":"https:\/\/www.cadeaux.com\/blog\/wp-json\/wp\/v2\/comments?post=232"}],"version-history":[{"count":22,"href":"https:\/\/www.cadeaux.com\/blog\/wp-json\/wp\/v2\/pages\/232\/revisions"}],"predecessor-version":[{"id":4694,"href":"https:\/\/www.cadeaux.com\/blog\/wp-json\/wp\/v2\/pages\/232\/revisions\/4694"}],"wp:attachment":[{"href":"https:\/\/www.cadeaux.com\/blog\/wp-json\/wp\/v2\/media?parent=232"}],"wp:term":[{"taxonomy":"category","embeddable":true,"href":"https:\/\/www.cadeaux.com\/blog\/wp-json\/wp\/v2\/categories?post=232"},{"taxonomy":"post_tag","embeddable":true,"href":"https:\/\/www.cadeaux.com\/blog\/wp-json\/wp\/v2\/tags?post=232"}],"curies":[{"name":"wp","href":"https:\/\/api.w.org\/{rel}","templated":true}]}}